{"id":7909,"date":"2016-05-30T10:33:06","date_gmt":"2016-05-30T08:33:06","guid":{"rendered":"http:\/\/www.jaadisain.ee\/fi\/reklaamtahtede-valmistamine\/"},"modified":"2016-11-03T14:46:48","modified_gmt":"2016-11-03T12:46:48","slug":"mainoskirjainten-valmistus","status":"publish","type":"page","link":"https:\/\/www.jaadisain.ee\/fi\/meista\/valomainosten-tuotanto\/mainoskirjainten-valmistus\/","title":{"rendered":"Mainoskirjainten valmistus t\u00e4ysautomaattisella"},"content":{"rendered":"<h2>Mainoskirjainten valmistus t\u00e4ysautomaattisella Super Channel Bender-laitteella<\/h2>\n<h2><a href=\"https:\/\/www.jaadisain.ee\/wp-content\/uploads\/2016\/05\/Reklaamt\u00e4htede-valmistamine.jpg\" class=\"fancyboxx\"><img loading=\"lazy\" decoding=\"async\" class=\"alignright wp-image-7510 size-medium\" src=\"https:\/\/www.jaadisain.ee\/wp-content\/uploads\/2016\/05\/Reklaamt\u00e4htede-valmistamine-300x174.jpg\" alt=\"mainoskirjainten valmistus\" width=\"300\" height=\"174\" srcset=\"https:\/\/www.jaadisain.ee\/wp-content\/uploads\/2016\/05\/Reklaamt\u00e4htede-valmistamine-300x174.jpg 300w, https:\/\/www.jaadisain.ee\/wp-content\/uploads\/2016\/05\/Reklaamt\u00e4htede-valmistamine-768x446.jpg 768w, https:\/\/www.jaadisain.ee\/wp-content\/uploads\/2016\/05\/Reklaamt\u00e4htede-valmistamine-1024x595.jpg 1024w, https:\/\/www.jaadisain.ee\/wp-content\/uploads\/2016\/05\/Reklaamt\u00e4htede-valmistamine-530x308.jpg 530w\" sizes=\"auto, (max-width: 300px) 100vw, 300px\" \/><\/a><\/h2>\n<p>Olemme siirtyneet mainoskirjainten valmistuksessa uudelle tasolle. Jo aiemmin k\u00e4yt\u00f6ss\u00e4 olleen Areten mainoskirjainten reunojen k\u00e4sittelyyn tarkoitetun laitteen lis\u00e4ksi meill\u00e4 on nyt my\u00f6s t\u00e4ysautomaattinen Super Channel Bender -laite (SCB). Kirjaimet reunojen taivutuskohdista irti leikkaavaan Areteen verrattuna uudella laitteella voidaan my\u00f6s muotoilla ja muokata kirjaimia. Materiaalina voidaan k\u00e4ytt\u00e4\u00e4 erityisi\u00e4 kirjainlistoja (60 mm ja 100 mm) sek\u00e4 erilevyisi\u00e4, enint\u00e4\u00e4n 200 mm korkeita alumiinilistoja. Laitteella voidaan k\u00e4sitell\u00e4 ja taivuttaa my\u00f6s ruostumattomasta ter\u00e4ksest\u00e4 valmistettuja kirjainten reunoja. Koko prosessia ohjataan erityisell\u00e4 CAD-ohjelmistolla, joka toimii ongelmitta yhdess\u00e4 erilaisten kirjainten etu- ja takareunojen leikkaukseen k\u00e4ytett\u00e4vien jyrsinten kanssa. N\u00e4in kirjainten valmistusprosessi on entist\u00e4 helpompaa, ja pystymme tarjoamaan asiakkaillemme viel\u00e4kin nopeammat toimitusajat!<\/p>\n<p>Video leikkauslaitteen toiminnasta n\u00e4kyy<strong><a href=\"https:\/\/www.youtube.com\/watch?v=I1etJq4Osvw\" target=\"_blank\"> t\u00e4\u00e4ll\u00e4.<\/a><\/strong><\/p>\n<p>&nbsp;<\/p>\n","protected":false},"excerpt":{"rendered":"<p>Mainoskirjainten valmistus t\u00e4ysautomaattisella Super Channel Bender-laitteella Olemme siirtyneet mainoskirjainten valmistuksessa uudelle tasolle. Jo aiemmin k\u00e4yt\u00f6ss\u00e4 olleen Areten mainoskirjainten reunojen k\u00e4sittelyyn tarkoitetun laitteen lis\u00e4ksi meill\u00e4 on nyt my\u00f6s t\u00e4ysautomaattinen Super Channel Bender -laite (SCB). Kirjaimet reunojen taivutuskohdista irti leikkaavaan Areteen verrattuna uudella laitteella voidaan my\u00f6s muotoilla ja muokata kirjaimia. Materiaalina voidaan k\u00e4ytt\u00e4\u00e4 erityisi\u00e4 kirjainlistoja (60 mm [&hellip;]<\/p>\n","protected":false},"author":2,"featured_media":7910,"parent":8798,"menu_order":1,"comment_status":"closed","ping_status":"closed","template":"","meta":{"_acf_changed":false,"footnotes":""},"class_list":["post-7909","page","type-page","status-publish","has-post-thumbnail","hentry"],"acf":[],"yoast_head":"<!-- This site is optimized with the Yoast SEO plugin v27.3 - https:\/\/yoast.com\/product\/yoast-seo-wordpress\/ -->\n<title>Mainoskirjainten valmistus t\u00e4ysautomaattisella laitteella.<\/title>\n<meta name=\"description\" content=\"Mainoskirjainten valmistus. Mainoskirjaimet tehd\u00e4\u00e4n JAA Disainin tehtaalla alan huippua edustavalla t\u00e4ysautomaattisella Super Channel Bender -laitteella.\" \/>\n<meta name=\"robots\" content=\"index, follow, max-snippet:-1, max-image-preview:large, max-video-preview:-1\" \/>\n<link rel=\"canonical\" href=\"https:\/\/www.jaadisain.ee\/fi\/meista\/valomainosten-tuotanto\/mainoskirjainten-valmistus\/\" \/>\n<meta property=\"og:locale\" content=\"fi_FI\" \/>\n<meta property=\"og:type\" content=\"article\" \/>\n<meta property=\"og:title\" content=\"Mainoskirjainten valmistus t\u00e4ysautomaattisella laitteella.\" \/>\n<meta property=\"og:description\" content=\"Mainoskirjainten valmistus. Mainoskirjaimet tehd\u00e4\u00e4n JAA Disainin tehtaalla alan huippua edustavalla t\u00e4ysautomaattisella Super Channel Bender -laitteella.\" \/>\n<meta property=\"og:url\" content=\"https:\/\/www.jaadisain.ee\/fi\/meista\/valomainosten-tuotanto\/mainoskirjainten-valmistus\/\" \/>\n<meta property=\"og:site_name\" content=\"JAA Disain\" \/>\n<meta property=\"article:publisher\" content=\"https:\/\/www.facebook.com\/JAA-Disain-156295277734632\/timeline\" \/>\n<meta property=\"article:modified_time\" content=\"2016-11-03T12:46:48+00:00\" \/>\n<meta property=\"og:image\" content=\"https:\/\/www.jaadisain.ee\/wp-content\/uploads\/2016\/05\/Reklaamt\u00e4htede-valmistamine.jpg\" \/>\n\t<meta property=\"og:image:width\" content=\"3543\" \/>\n\t<meta property=\"og:image:height\" content=\"2058\" \/>\n\t<meta property=\"og:image:type\" content=\"image\/jpeg\" \/>\n<meta name=\"twitter:card\" content=\"summary_large_image\" \/>\n<meta name=\"twitter:label1\" content=\"Arvioitu lukuaika\" \/>\n\t<meta name=\"twitter:data1\" content=\"1 minuutti\" \/>\n<script type=\"application\/ld+json\" class=\"yoast-schema-graph\">{\"@context\":\"https:\\\/\\\/schema.org\",\"@graph\":[{\"@type\":\"WebPage\",\"@id\":\"https:\\\/\\\/www.jaadisain.ee\\\/fi\\\/meista\\\/valomainosten-tuotanto\\\/mainoskirjainten-valmistus\\\/\",\"url\":\"https:\\\/\\\/www.jaadisain.ee\\\/fi\\\/meista\\\/valomainosten-tuotanto\\\/mainoskirjainten-valmistus\\\/\",\"name\":\"Mainoskirjainten valmistus t\u00e4ysautomaattisella laitteella.\",\"isPartOf\":{\"@id\":\"https:\\\/\\\/www.jaadisain.ee\\\/#website\"},\"primaryImageOfPage\":{\"@id\":\"https:\\\/\\\/www.jaadisain.ee\\\/fi\\\/meista\\\/valomainosten-tuotanto\\\/mainoskirjainten-valmistus\\\/#primaryimage\"},\"image\":{\"@id\":\"https:\\\/\\\/www.jaadisain.ee\\\/fi\\\/meista\\\/valomainosten-tuotanto\\\/mainoskirjainten-valmistus\\\/#primaryimage\"},\"thumbnailUrl\":\"https:\\\/\\\/www.jaadisain.ee\\\/wp-content\\\/uploads\\\/2016\\\/05\\\/Reklaamt\u00e4htede-valmistamine.jpg\",\"datePublished\":\"2016-05-30T08:33:06+00:00\",\"dateModified\":\"2016-11-03T12:46:48+00:00\",\"description\":\"Mainoskirjainten valmistus. Mainoskirjaimet tehd\u00e4\u00e4n JAA Disainin tehtaalla alan huippua edustavalla t\u00e4ysautomaattisella Super Channel Bender -laitteella.\",\"breadcrumb\":{\"@id\":\"https:\\\/\\\/www.jaadisain.ee\\\/fi\\\/meista\\\/valomainosten-tuotanto\\\/mainoskirjainten-valmistus\\\/#breadcrumb\"},\"inLanguage\":\"fi\",\"potentialAction\":[{\"@type\":\"ReadAction\",\"target\":[\"https:\\\/\\\/www.jaadisain.ee\\\/fi\\\/meista\\\/valomainosten-tuotanto\\\/mainoskirjainten-valmistus\\\/\"]}]},{\"@type\":\"ImageObject\",\"inLanguage\":\"fi\",\"@id\":\"https:\\\/\\\/www.jaadisain.ee\\\/fi\\\/meista\\\/valomainosten-tuotanto\\\/mainoskirjainten-valmistus\\\/#primaryimage\",\"url\":\"https:\\\/\\\/www.jaadisain.ee\\\/wp-content\\\/uploads\\\/2016\\\/05\\\/Reklaamt\u00e4htede-valmistamine.jpg\",\"contentUrl\":\"https:\\\/\\\/www.jaadisain.ee\\\/wp-content\\\/uploads\\\/2016\\\/05\\\/Reklaamt\u00e4htede-valmistamine.jpg\",\"width\":3543,\"height\":2058},{\"@type\":\"BreadcrumbList\",\"@id\":\"https:\\\/\\\/www.jaadisain.ee\\\/fi\\\/meista\\\/valomainosten-tuotanto\\\/mainoskirjainten-valmistus\\\/#breadcrumb\",\"itemListElement\":[{\"@type\":\"ListItem\",\"position\":1,\"name\":\"Home\",\"item\":\"https:\\\/\\\/www.jaadisain.ee\\\/fi\\\/\"},{\"@type\":\"ListItem\",\"position\":2,\"name\":\"Meist\u00e4\",\"item\":\"https:\\\/\\\/www.jaadisain.ee\\\/fi\\\/meista\\\/\"},{\"@type\":\"ListItem\",\"position\":3,\"name\":\"Tuotanto\",\"item\":\"https:\\\/\\\/www.jaadisain.ee\\\/fi\\\/meista\\\/valomainosten-tuotanto\\\/\"},{\"@type\":\"ListItem\",\"position\":4,\"name\":\"Mainoskirjainten valmistus t\u00e4ysautomaattisella\"}]},{\"@type\":\"WebSite\",\"@id\":\"https:\\\/\\\/www.jaadisain.ee\\\/#website\",\"url\":\"https:\\\/\\\/www.jaadisain.ee\\\/\",\"name\":\"JAA Disain\",\"description\":\"Valgusreklaamide tootja aastast 1993\",\"publisher\":{\"@id\":\"https:\\\/\\\/www.jaadisain.ee\\\/#organization\"},\"potentialAction\":[{\"@type\":\"SearchAction\",\"target\":{\"@type\":\"EntryPoint\",\"urlTemplate\":\"https:\\\/\\\/www.jaadisain.ee\\\/?s={search_term_string}\"},\"query-input\":{\"@type\":\"PropertyValueSpecification\",\"valueRequired\":true,\"valueName\":\"search_term_string\"}}],\"inLanguage\":\"fi\"},{\"@type\":\"Organization\",\"@id\":\"https:\\\/\\\/www.jaadisain.ee\\\/#organization\",\"name\":\"JAA Disain\",\"url\":\"https:\\\/\\\/www.jaadisain.ee\\\/\",\"logo\":{\"@type\":\"ImageObject\",\"inLanguage\":\"fi\",\"@id\":\"https:\\\/\\\/www.jaadisain.ee\\\/#\\\/schema\\\/logo\\\/image\\\/\",\"url\":\"https:\\\/\\\/www.jaadisain.ee\\\/wp-content\\\/uploads\\\/2016\\\/02\\\/JAA-Disain-logo.jpg\",\"contentUrl\":\"https:\\\/\\\/www.jaadisain.ee\\\/wp-content\\\/uploads\\\/2016\\\/02\\\/JAA-Disain-logo.jpg\",\"width\":443,\"height\":259,\"caption\":\"JAA Disain\"},\"image\":{\"@id\":\"https:\\\/\\\/www.jaadisain.ee\\\/#\\\/schema\\\/logo\\\/image\\\/\"},\"sameAs\":[\"https:\\\/\\\/www.facebook.com\\\/JAA-Disain-156295277734632\\\/timeline\"]}]}<\/script>\n<!-- \/ Yoast SEO plugin. -->","yoast_head_json":{"title":"Mainoskirjainten valmistus t\u00e4ysautomaattisella laitteella.","description":"Mainoskirjainten valmistus. Mainoskirjaimet tehd\u00e4\u00e4n JAA Disainin tehtaalla alan huippua edustavalla t\u00e4ysautomaattisella Super Channel Bender -laitteella.","robots":{"index":"index","follow":"follow","max-snippet":"max-snippet:-1","max-image-preview":"max-image-preview:large","max-video-preview":"max-video-preview:-1"},"canonical":"https:\/\/www.jaadisain.ee\/fi\/meista\/valomainosten-tuotanto\/mainoskirjainten-valmistus\/","og_locale":"fi_FI","og_type":"article","og_title":"Mainoskirjainten valmistus t\u00e4ysautomaattisella laitteella.","og_description":"Mainoskirjainten valmistus. Mainoskirjaimet tehd\u00e4\u00e4n JAA Disainin tehtaalla alan huippua edustavalla t\u00e4ysautomaattisella Super Channel Bender -laitteella.","og_url":"https:\/\/www.jaadisain.ee\/fi\/meista\/valomainosten-tuotanto\/mainoskirjainten-valmistus\/","og_site_name":"JAA Disain","article_publisher":"https:\/\/www.facebook.com\/JAA-Disain-156295277734632\/timeline","article_modified_time":"2016-11-03T12:46:48+00:00","og_image":[{"width":3543,"height":2058,"url":"https:\/\/www.jaadisain.ee\/wp-content\/uploads\/2016\/05\/Reklaamt\u00e4htede-valmistamine.jpg","type":"image\/jpeg"}],"twitter_card":"summary_large_image","twitter_misc":{"Arvioitu lukuaika":"1 minuutti"},"schema":{"@context":"https:\/\/schema.org","@graph":[{"@type":"WebPage","@id":"https:\/\/www.jaadisain.ee\/fi\/meista\/valomainosten-tuotanto\/mainoskirjainten-valmistus\/","url":"https:\/\/www.jaadisain.ee\/fi\/meista\/valomainosten-tuotanto\/mainoskirjainten-valmistus\/","name":"Mainoskirjainten valmistus t\u00e4ysautomaattisella laitteella.","isPartOf":{"@id":"https:\/\/www.jaadisain.ee\/#website"},"primaryImageOfPage":{"@id":"https:\/\/www.jaadisain.ee\/fi\/meista\/valomainosten-tuotanto\/mainoskirjainten-valmistus\/#primaryimage"},"image":{"@id":"https:\/\/www.jaadisain.ee\/fi\/meista\/valomainosten-tuotanto\/mainoskirjainten-valmistus\/#primaryimage"},"thumbnailUrl":"https:\/\/www.jaadisain.ee\/wp-content\/uploads\/2016\/05\/Reklaamt\u00e4htede-valmistamine.jpg","datePublished":"2016-05-30T08:33:06+00:00","dateModified":"2016-11-03T12:46:48+00:00","description":"Mainoskirjainten valmistus. Mainoskirjaimet tehd\u00e4\u00e4n JAA Disainin tehtaalla alan huippua edustavalla t\u00e4ysautomaattisella Super Channel Bender -laitteella.","breadcrumb":{"@id":"https:\/\/www.jaadisain.ee\/fi\/meista\/valomainosten-tuotanto\/mainoskirjainten-valmistus\/#breadcrumb"},"inLanguage":"fi","potentialAction":[{"@type":"ReadAction","target":["https:\/\/www.jaadisain.ee\/fi\/meista\/valomainosten-tuotanto\/mainoskirjainten-valmistus\/"]}]},{"@type":"ImageObject","inLanguage":"fi","@id":"https:\/\/www.jaadisain.ee\/fi\/meista\/valomainosten-tuotanto\/mainoskirjainten-valmistus\/#primaryimage","url":"https:\/\/www.jaadisain.ee\/wp-content\/uploads\/2016\/05\/Reklaamt\u00e4htede-valmistamine.jpg","contentUrl":"https:\/\/www.jaadisain.ee\/wp-content\/uploads\/2016\/05\/Reklaamt\u00e4htede-valmistamine.jpg","width":3543,"height":2058},{"@type":"BreadcrumbList","@id":"https:\/\/www.jaadisain.ee\/fi\/meista\/valomainosten-tuotanto\/mainoskirjainten-valmistus\/#breadcrumb","itemListElement":[{"@type":"ListItem","position":1,"name":"Home","item":"https:\/\/www.jaadisain.ee\/fi\/"},{"@type":"ListItem","position":2,"name":"Meist\u00e4","item":"https:\/\/www.jaadisain.ee\/fi\/meista\/"},{"@type":"ListItem","position":3,"name":"Tuotanto","item":"https:\/\/www.jaadisain.ee\/fi\/meista\/valomainosten-tuotanto\/"},{"@type":"ListItem","position":4,"name":"Mainoskirjainten valmistus t\u00e4ysautomaattisella"}]},{"@type":"WebSite","@id":"https:\/\/www.jaadisain.ee\/#website","url":"https:\/\/www.jaadisain.ee\/","name":"JAA Disain","description":"Valgusreklaamide tootja aastast 1993","publisher":{"@id":"https:\/\/www.jaadisain.ee\/#organization"},"potentialAction":[{"@type":"SearchAction","target":{"@type":"EntryPoint","urlTemplate":"https:\/\/www.jaadisain.ee\/?s={search_term_string}"},"query-input":{"@type":"PropertyValueSpecification","valueRequired":true,"valueName":"search_term_string"}}],"inLanguage":"fi"},{"@type":"Organization","@id":"https:\/\/www.jaadisain.ee\/#organization","name":"JAA Disain","url":"https:\/\/www.jaadisain.ee\/","logo":{"@type":"ImageObject","inLanguage":"fi","@id":"https:\/\/www.jaadisain.ee\/#\/schema\/logo\/image\/","url":"https:\/\/www.jaadisain.ee\/wp-content\/uploads\/2016\/02\/JAA-Disain-logo.jpg","contentUrl":"https:\/\/www.jaadisain.ee\/wp-content\/uploads\/2016\/02\/JAA-Disain-logo.jpg","width":443,"height":259,"caption":"JAA Disain"},"image":{"@id":"https:\/\/www.jaadisain.ee\/#\/schema\/logo\/image\/"},"sameAs":["https:\/\/www.facebook.com\/JAA-Disain-156295277734632\/timeline"]}]}},"_links":{"self":[{"href":"https:\/\/www.jaadisain.ee\/fi\/wp-json\/wp\/v2\/pages\/7909","targetHints":{"allow":["GET"]}}],"collection":[{"href":"https:\/\/www.jaadisain.ee\/fi\/wp-json\/wp\/v2\/pages"}],"about":[{"href":"https:\/\/www.jaadisain.ee\/fi\/wp-json\/wp\/v2\/types\/page"}],"author":[{"embeddable":true,"href":"https:\/\/www.jaadisain.ee\/fi\/wp-json\/wp\/v2\/users\/2"}],"replies":[{"embeddable":true,"href":"https:\/\/www.jaadisain.ee\/fi\/wp-json\/wp\/v2\/comments?post=7909"}],"version-history":[{"count":1,"href":"https:\/\/www.jaadisain.ee\/fi\/wp-json\/wp\/v2\/pages\/7909\/revisions"}],"predecessor-version":[{"id":9249,"href":"https:\/\/www.jaadisain.ee\/fi\/wp-json\/wp\/v2\/pages\/7909\/revisions\/9249"}],"up":[{"embeddable":true,"href":"https:\/\/www.jaadisain.ee\/fi\/wp-json\/wp\/v2\/pages\/8798"}],"wp:featuredmedia":[{"embeddable":true,"href":"https:\/\/www.jaadisain.ee\/fi\/wp-json\/wp\/v2\/media\/7910"}],"wp:attachment":[{"href":"https:\/\/www.jaadisain.ee\/fi\/wp-json\/wp\/v2\/media?parent=7909"}],"curies":[{"name":"wp","href":"https:\/\/api.w.org\/{rel}","templated":true}]}}