{"id":7905,"date":"2016-07-01T15:58:26","date_gmt":"2016-07-01T13:58:26","guid":{"rendered":"http:\/\/www.jaadisain.ee\/fi\/digiprint\/"},"modified":"2016-11-02T14:45:11","modified_gmt":"2016-11-02T12:45:11","slug":"ledeilla-valaistu-digituloste","status":"publish","type":"page","link":"https:\/\/www.jaadisain.ee\/fi\/ulkomainokset\/digitulostus-ja-valokuvatulostus\/digitulostus\/ledeilla-valaistu-digituloste\/","title":{"rendered":"Ledeill\u00e4 valaistu digituloste"},"content":{"rendered":"<h2>Digitulostus ja Led valot<\/h2>\n<p>Led valot on tehty kest\u00e4v\u00e4\u00e4n tarramuoviin ja asennettu kest\u00e4v\u00e4\u00e4n alumiinikomposiittimateriaaliin. Kasinon ulkosein\u00e4\u00e4n asennettu digituloste Painatus on tehty kest\u00e4v\u00e4\u00e4n tarramuoviin, joka on puolestaan laminoitu kest\u00e4v\u00e4\u00e4n alumiinikomposiittilevyyn. Koko pinta on laminoitu kest\u00e4v\u00e4ll\u00e4 suojamuovilla, jotta mainos kest\u00e4isi ulkona mahdollisimman pitk\u00e4\u00e4n. Edell\u00e4 mainittu levy sopii nimenomaan suurikokoisten mainosten valmistukseen, sill\u00e4 pvc-muovista poiketen se ei aaltoile l\u00e4mm\u00f6n vaikutuksesta kuumina kes\u00e4p\u00e4ivin\u00e4 ja pinta pysyy sile\u00e4n\u00e4. Levyt on asennettu alumiinikehykseen, jonka avulla valokuvatulostettu mainos asennetaan sein\u00e4\u00e4n. Valokuvasein\u00e4n yl\u00e4osassa on ledit, jotka on asennettu sein\u00e4\u00e4n erityisill\u00e4 kiinnikkeill\u00e4, ja valo on kohdistettu sein\u00e4\u00e4n siten, ett\u00e4 valo valaisee ja korostaa valokuvasein\u00e4\u00e4 kokonaisuudessaan.<\/p>\n<p><strong>Sijainti:<\/strong> City Casino, Mustam\u00e4en kauppakeskus, Tallinna<\/p>\n","protected":false},"excerpt":{"rendered":"<p>Digitulostus ja Led valot Led valot on tehty kest\u00e4v\u00e4\u00e4n tarramuoviin ja asennettu kest\u00e4v\u00e4\u00e4n alumiinikomposiittimateriaaliin. Kasinon ulkosein\u00e4\u00e4n asennettu digituloste Painatus on tehty kest\u00e4v\u00e4\u00e4n tarramuoviin, joka on puolestaan laminoitu kest\u00e4v\u00e4\u00e4n alumiinikomposiittilevyyn. Koko pinta on laminoitu kest\u00e4v\u00e4ll\u00e4 suojamuovilla, jotta mainos kest\u00e4isi ulkona mahdollisimman pitk\u00e4\u00e4n. Edell\u00e4 mainittu levy sopii nimenomaan suurikokoisten mainosten valmistukseen, sill\u00e4 pvc-muovista poiketen se ei aaltoile [&hellip;]<\/p>\n","protected":false},"author":2,"featured_media":7906,"parent":7963,"menu_order":0,"comment_status":"closed","ping_status":"closed","template":"","meta":{"_acf_changed":false,"footnotes":""},"class_list":["post-7905","page","type-page","status-publish","has-post-thumbnail","hentry"],"acf":[],"yoast_head":"<!-- This site is optimized with the Yoast SEO plugin v27.3 - https:\/\/yoast.com\/product\/yoast-seo-wordpress\/ -->\n<title>Led valot valaisevat digitulostuksen pime\u00e4ss\u00e4 - JAA Disain<\/title>\n<meta name=\"description\" content=\"Led valot on tehty kest\u00e4v\u00e4\u00e4n tarramuoviin ja asennettu kest\u00e4v\u00e4\u00e4n alumiinikomposiittimateriaaliin. Ylh\u00e4\u00e4ll\u00e4 on led-valot. Katso lis\u00e4\u00e4 t\u00e4\u00e4lt\u00e4!\" \/>\n<meta name=\"robots\" content=\"index, follow, max-snippet:-1, max-image-preview:large, max-video-preview:-1\" \/>\n<link rel=\"canonical\" href=\"https:\/\/www.jaadisain.ee\/fi\/ulkomainokset\/digitulostus-ja-valokuvatulostus\/digitulostus\/ledeilla-valaistu-digituloste\/\" \/>\n<meta property=\"og:locale\" content=\"fi_FI\" \/>\n<meta property=\"og:type\" content=\"article\" \/>\n<meta property=\"og:title\" content=\"Led valot valaisevat digitulostuksen pime\u00e4ss\u00e4 - JAA Disain\" \/>\n<meta property=\"og:description\" content=\"Led valot on tehty kest\u00e4v\u00e4\u00e4n tarramuoviin ja asennettu kest\u00e4v\u00e4\u00e4n alumiinikomposiittimateriaaliin. Ylh\u00e4\u00e4ll\u00e4 on led-valot. Katso lis\u00e4\u00e4 t\u00e4\u00e4lt\u00e4!\" \/>\n<meta property=\"og:url\" content=\"https:\/\/www.jaadisain.ee\/fi\/ulkomainokset\/digitulostus-ja-valokuvatulostus\/digitulostus\/ledeilla-valaistu-digituloste\/\" \/>\n<meta property=\"og:site_name\" content=\"JAA Disain\" \/>\n<meta property=\"article:publisher\" content=\"https:\/\/www.facebook.com\/JAA-Disain-156295277734632\/timeline\" \/>\n<meta property=\"article:modified_time\" content=\"2016-11-02T12:45:11+00:00\" \/>\n<meta property=\"og:image\" content=\"https:\/\/www.jaadisain.ee\/wp-content\/uploads\/2016\/07\/digiprint.jpg\" \/>\n\t<meta property=\"og:image:width\" content=\"1632\" \/>\n\t<meta property=\"og:image:height\" content=\"1224\" \/>\n\t<meta property=\"og:image:type\" content=\"image\/jpeg\" \/>\n<meta name=\"twitter:card\" content=\"summary_large_image\" \/>\n<meta name=\"twitter:label1\" content=\"Arvioitu lukuaika\" \/>\n\t<meta name=\"twitter:data1\" content=\"1 minuutti\" \/>\n<script type=\"application\/ld+json\" class=\"yoast-schema-graph\">{\"@context\":\"https:\\\/\\\/schema.org\",\"@graph\":[{\"@type\":\"WebPage\",\"@id\":\"https:\\\/\\\/www.jaadisain.ee\\\/fi\\\/ulkomainokset\\\/digitulostus-ja-valokuvatulostus\\\/digitulostus\\\/ledeilla-valaistu-digituloste\\\/\",\"url\":\"https:\\\/\\\/www.jaadisain.ee\\\/fi\\\/ulkomainokset\\\/digitulostus-ja-valokuvatulostus\\\/digitulostus\\\/ledeilla-valaistu-digituloste\\\/\",\"name\":\"Led valot valaisevat digitulostuksen pime\u00e4ss\u00e4 - JAA Disain\",\"isPartOf\":{\"@id\":\"https:\\\/\\\/www.jaadisain.ee\\\/#website\"},\"primaryImageOfPage\":{\"@id\":\"https:\\\/\\\/www.jaadisain.ee\\\/fi\\\/ulkomainokset\\\/digitulostus-ja-valokuvatulostus\\\/digitulostus\\\/ledeilla-valaistu-digituloste\\\/#primaryimage\"},\"image\":{\"@id\":\"https:\\\/\\\/www.jaadisain.ee\\\/fi\\\/ulkomainokset\\\/digitulostus-ja-valokuvatulostus\\\/digitulostus\\\/ledeilla-valaistu-digituloste\\\/#primaryimage\"},\"thumbnailUrl\":\"https:\\\/\\\/www.jaadisain.ee\\\/wp-content\\\/uploads\\\/2016\\\/07\\\/digiprint.jpg\",\"datePublished\":\"2016-07-01T13:58:26+00:00\",\"dateModified\":\"2016-11-02T12:45:11+00:00\",\"description\":\"Led valot on tehty kest\u00e4v\u00e4\u00e4n tarramuoviin ja asennettu kest\u00e4v\u00e4\u00e4n alumiinikomposiittimateriaaliin. Ylh\u00e4\u00e4ll\u00e4 on led-valot. Katso lis\u00e4\u00e4 t\u00e4\u00e4lt\u00e4!\",\"breadcrumb\":{\"@id\":\"https:\\\/\\\/www.jaadisain.ee\\\/fi\\\/ulkomainokset\\\/digitulostus-ja-valokuvatulostus\\\/digitulostus\\\/ledeilla-valaistu-digituloste\\\/#breadcrumb\"},\"inLanguage\":\"fi\",\"potentialAction\":[{\"@type\":\"ReadAction\",\"target\":[\"https:\\\/\\\/www.jaadisain.ee\\\/fi\\\/ulkomainokset\\\/digitulostus-ja-valokuvatulostus\\\/digitulostus\\\/ledeilla-valaistu-digituloste\\\/\"]}]},{\"@type\":\"ImageObject\",\"inLanguage\":\"fi\",\"@id\":\"https:\\\/\\\/www.jaadisain.ee\\\/fi\\\/ulkomainokset\\\/digitulostus-ja-valokuvatulostus\\\/digitulostus\\\/ledeilla-valaistu-digituloste\\\/#primaryimage\",\"url\":\"https:\\\/\\\/www.jaadisain.ee\\\/wp-content\\\/uploads\\\/2016\\\/07\\\/digiprint.jpg\",\"contentUrl\":\"https:\\\/\\\/www.jaadisain.ee\\\/wp-content\\\/uploads\\\/2016\\\/07\\\/digiprint.jpg\",\"width\":1632,\"height\":1224,\"caption\":\"led valot\"},{\"@type\":\"BreadcrumbList\",\"@id\":\"https:\\\/\\\/www.jaadisain.ee\\\/fi\\\/ulkomainokset\\\/digitulostus-ja-valokuvatulostus\\\/digitulostus\\\/ledeilla-valaistu-digituloste\\\/#breadcrumb\",\"itemListElement\":[{\"@type\":\"ListItem\",\"position\":1,\"name\":\"Home\",\"item\":\"https:\\\/\\\/www.jaadisain.ee\\\/fi\\\/\"},{\"@type\":\"ListItem\",\"position\":2,\"name\":\"Tuotteet\",\"item\":\"https:\\\/\\\/www.jaadisain.ee\\\/fi\\\/ulkomainokset\\\/\"},{\"@type\":\"ListItem\",\"position\":3,\"name\":\"Digitulostus ja valokuvatulostus\",\"item\":\"https:\\\/\\\/www.jaadisain.ee\\\/fi\\\/ulkomainokset\\\/digitulostus-ja-valokuvatulostus\\\/\"},{\"@type\":\"ListItem\",\"position\":4,\"name\":\"Digitulostus\",\"item\":\"https:\\\/\\\/www.jaadisain.ee\\\/fi\\\/ulkomainokset\\\/digitulostus-ja-valokuvatulostus\\\/digitulostus\\\/\"},{\"@type\":\"ListItem\",\"position\":5,\"name\":\"Ledeill\u00e4 valaistu digituloste\"}]},{\"@type\":\"WebSite\",\"@id\":\"https:\\\/\\\/www.jaadisain.ee\\\/#website\",\"url\":\"https:\\\/\\\/www.jaadisain.ee\\\/\",\"name\":\"JAA Disain\",\"description\":\"Valgusreklaamide tootja aastast 1993\",\"publisher\":{\"@id\":\"https:\\\/\\\/www.jaadisain.ee\\\/#organization\"},\"potentialAction\":[{\"@type\":\"SearchAction\",\"target\":{\"@type\":\"EntryPoint\",\"urlTemplate\":\"https:\\\/\\\/www.jaadisain.ee\\\/?s={search_term_string}\"},\"query-input\":{\"@type\":\"PropertyValueSpecification\",\"valueRequired\":true,\"valueName\":\"search_term_string\"}}],\"inLanguage\":\"fi\"},{\"@type\":\"Organization\",\"@id\":\"https:\\\/\\\/www.jaadisain.ee\\\/#organization\",\"name\":\"JAA Disain\",\"url\":\"https:\\\/\\\/www.jaadisain.ee\\\/\",\"logo\":{\"@type\":\"ImageObject\",\"inLanguage\":\"fi\",\"@id\":\"https:\\\/\\\/www.jaadisain.ee\\\/#\\\/schema\\\/logo\\\/image\\\/\",\"url\":\"https:\\\/\\\/www.jaadisain.ee\\\/wp-content\\\/uploads\\\/2016\\\/02\\\/JAA-Disain-logo.jpg\",\"contentUrl\":\"https:\\\/\\\/www.jaadisain.ee\\\/wp-content\\\/uploads\\\/2016\\\/02\\\/JAA-Disain-logo.jpg\",\"width\":443,\"height\":259,\"caption\":\"JAA Disain\"},\"image\":{\"@id\":\"https:\\\/\\\/www.jaadisain.ee\\\/#\\\/schema\\\/logo\\\/image\\\/\"},\"sameAs\":[\"https:\\\/\\\/www.facebook.com\\\/JAA-Disain-156295277734632\\\/timeline\"]}]}<\/script>\n<!-- \/ Yoast SEO plugin. -->","yoast_head_json":{"title":"Led valot valaisevat digitulostuksen pime\u00e4ss\u00e4 - JAA Disain","description":"Led valot on tehty kest\u00e4v\u00e4\u00e4n tarramuoviin ja asennettu kest\u00e4v\u00e4\u00e4n alumiinikomposiittimateriaaliin. Ylh\u00e4\u00e4ll\u00e4 on led-valot. Katso lis\u00e4\u00e4 t\u00e4\u00e4lt\u00e4!","robots":{"index":"index","follow":"follow","max-snippet":"max-snippet:-1","max-image-preview":"max-image-preview:large","max-video-preview":"max-video-preview:-1"},"canonical":"https:\/\/www.jaadisain.ee\/fi\/ulkomainokset\/digitulostus-ja-valokuvatulostus\/digitulostus\/ledeilla-valaistu-digituloste\/","og_locale":"fi_FI","og_type":"article","og_title":"Led valot valaisevat digitulostuksen pime\u00e4ss\u00e4 - JAA Disain","og_description":"Led valot on tehty kest\u00e4v\u00e4\u00e4n tarramuoviin ja asennettu kest\u00e4v\u00e4\u00e4n alumiinikomposiittimateriaaliin. Ylh\u00e4\u00e4ll\u00e4 on led-valot. Katso lis\u00e4\u00e4 t\u00e4\u00e4lt\u00e4!","og_url":"https:\/\/www.jaadisain.ee\/fi\/ulkomainokset\/digitulostus-ja-valokuvatulostus\/digitulostus\/ledeilla-valaistu-digituloste\/","og_site_name":"JAA Disain","article_publisher":"https:\/\/www.facebook.com\/JAA-Disain-156295277734632\/timeline","article_modified_time":"2016-11-02T12:45:11+00:00","og_image":[{"width":1632,"height":1224,"url":"https:\/\/www.jaadisain.ee\/wp-content\/uploads\/2016\/07\/digiprint.jpg","type":"image\/jpeg"}],"twitter_card":"summary_large_image","twitter_misc":{"Arvioitu lukuaika":"1 minuutti"},"schema":{"@context":"https:\/\/schema.org","@graph":[{"@type":"WebPage","@id":"https:\/\/www.jaadisain.ee\/fi\/ulkomainokset\/digitulostus-ja-valokuvatulostus\/digitulostus\/ledeilla-valaistu-digituloste\/","url":"https:\/\/www.jaadisain.ee\/fi\/ulkomainokset\/digitulostus-ja-valokuvatulostus\/digitulostus\/ledeilla-valaistu-digituloste\/","name":"Led valot valaisevat digitulostuksen pime\u00e4ss\u00e4 - JAA Disain","isPartOf":{"@id":"https:\/\/www.jaadisain.ee\/#website"},"primaryImageOfPage":{"@id":"https:\/\/www.jaadisain.ee\/fi\/ulkomainokset\/digitulostus-ja-valokuvatulostus\/digitulostus\/ledeilla-valaistu-digituloste\/#primaryimage"},"image":{"@id":"https:\/\/www.jaadisain.ee\/fi\/ulkomainokset\/digitulostus-ja-valokuvatulostus\/digitulostus\/ledeilla-valaistu-digituloste\/#primaryimage"},"thumbnailUrl":"https:\/\/www.jaadisain.ee\/wp-content\/uploads\/2016\/07\/digiprint.jpg","datePublished":"2016-07-01T13:58:26+00:00","dateModified":"2016-11-02T12:45:11+00:00","description":"Led valot on tehty kest\u00e4v\u00e4\u00e4n tarramuoviin ja asennettu kest\u00e4v\u00e4\u00e4n alumiinikomposiittimateriaaliin. Ylh\u00e4\u00e4ll\u00e4 on led-valot. Katso lis\u00e4\u00e4 t\u00e4\u00e4lt\u00e4!","breadcrumb":{"@id":"https:\/\/www.jaadisain.ee\/fi\/ulkomainokset\/digitulostus-ja-valokuvatulostus\/digitulostus\/ledeilla-valaistu-digituloste\/#breadcrumb"},"inLanguage":"fi","potentialAction":[{"@type":"ReadAction","target":["https:\/\/www.jaadisain.ee\/fi\/ulkomainokset\/digitulostus-ja-valokuvatulostus\/digitulostus\/ledeilla-valaistu-digituloste\/"]}]},{"@type":"ImageObject","inLanguage":"fi","@id":"https:\/\/www.jaadisain.ee\/fi\/ulkomainokset\/digitulostus-ja-valokuvatulostus\/digitulostus\/ledeilla-valaistu-digituloste\/#primaryimage","url":"https:\/\/www.jaadisain.ee\/wp-content\/uploads\/2016\/07\/digiprint.jpg","contentUrl":"https:\/\/www.jaadisain.ee\/wp-content\/uploads\/2016\/07\/digiprint.jpg","width":1632,"height":1224,"caption":"led valot"},{"@type":"BreadcrumbList","@id":"https:\/\/www.jaadisain.ee\/fi\/ulkomainokset\/digitulostus-ja-valokuvatulostus\/digitulostus\/ledeilla-valaistu-digituloste\/#breadcrumb","itemListElement":[{"@type":"ListItem","position":1,"name":"Home","item":"https:\/\/www.jaadisain.ee\/fi\/"},{"@type":"ListItem","position":2,"name":"Tuotteet","item":"https:\/\/www.jaadisain.ee\/fi\/ulkomainokset\/"},{"@type":"ListItem","position":3,"name":"Digitulostus ja valokuvatulostus","item":"https:\/\/www.jaadisain.ee\/fi\/ulkomainokset\/digitulostus-ja-valokuvatulostus\/"},{"@type":"ListItem","position":4,"name":"Digitulostus","item":"https:\/\/www.jaadisain.ee\/fi\/ulkomainokset\/digitulostus-ja-valokuvatulostus\/digitulostus\/"},{"@type":"ListItem","position":5,"name":"Ledeill\u00e4 valaistu digituloste"}]},{"@type":"WebSite","@id":"https:\/\/www.jaadisain.ee\/#website","url":"https:\/\/www.jaadisain.ee\/","name":"JAA Disain","description":"Valgusreklaamide tootja aastast 1993","publisher":{"@id":"https:\/\/www.jaadisain.ee\/#organization"},"potentialAction":[{"@type":"SearchAction","target":{"@type":"EntryPoint","urlTemplate":"https:\/\/www.jaadisain.ee\/?s={search_term_string}"},"query-input":{"@type":"PropertyValueSpecification","valueRequired":true,"valueName":"search_term_string"}}],"inLanguage":"fi"},{"@type":"Organization","@id":"https:\/\/www.jaadisain.ee\/#organization","name":"JAA Disain","url":"https:\/\/www.jaadisain.ee\/","logo":{"@type":"ImageObject","inLanguage":"fi","@id":"https:\/\/www.jaadisain.ee\/#\/schema\/logo\/image\/","url":"https:\/\/www.jaadisain.ee\/wp-content\/uploads\/2016\/02\/JAA-Disain-logo.jpg","contentUrl":"https:\/\/www.jaadisain.ee\/wp-content\/uploads\/2016\/02\/JAA-Disain-logo.jpg","width":443,"height":259,"caption":"JAA Disain"},"image":{"@id":"https:\/\/www.jaadisain.ee\/#\/schema\/logo\/image\/"},"sameAs":["https:\/\/www.facebook.com\/JAA-Disain-156295277734632\/timeline"]}]}},"_links":{"self":[{"href":"https:\/\/www.jaadisain.ee\/fi\/wp-json\/wp\/v2\/pages\/7905","targetHints":{"allow":["GET"]}}],"collection":[{"href":"https:\/\/www.jaadisain.ee\/fi\/wp-json\/wp\/v2\/pages"}],"about":[{"href":"https:\/\/www.jaadisain.ee\/fi\/wp-json\/wp\/v2\/types\/page"}],"author":[{"embeddable":true,"href":"https:\/\/www.jaadisain.ee\/fi\/wp-json\/wp\/v2\/users\/2"}],"replies":[{"embeddable":true,"href":"https:\/\/www.jaadisain.ee\/fi\/wp-json\/wp\/v2\/comments?post=7905"}],"version-history":[{"count":1,"href":"https:\/\/www.jaadisain.ee\/fi\/wp-json\/wp\/v2\/pages\/7905\/revisions"}],"predecessor-version":[{"id":9593,"href":"https:\/\/www.jaadisain.ee\/fi\/wp-json\/wp\/v2\/pages\/7905\/revisions\/9593"}],"up":[{"embeddable":true,"href":"https:\/\/www.jaadisain.ee\/fi\/wp-json\/wp\/v2\/pages\/7963"}],"wp:featuredmedia":[{"embeddable":true,"href":"https:\/\/www.jaadisain.ee\/fi\/wp-json\/wp\/v2\/media\/7906"}],"wp:attachment":[{"href":"https:\/\/www.jaadisain.ee\/fi\/wp-json\/wp\/v2\/media?parent=7905"}],"curies":[{"name":"wp","href":"https:\/\/api.w.org\/{rel}","templated":true}]}}