{"id":7896,"date":"2016-07-06T14:54:55","date_gmt":"2016-07-06T12:54:55","guid":{"rendered":"http:\/\/www.jaadisain.ee\/fi\/led-tahvel\/"},"modified":"2018-12-27T12:59:39","modified_gmt":"2018-12-27T09:59:39","slug":"led-tahvel","status":"publish","type":"page","link":"https:\/\/www.jaadisain.ee\/fi\/ulkomainokset\/leiunurk\/led-tahvel\/","title":{"rendered":"LED tahvel"},"content":{"rendered":"<h2>LED tahvel<a href=\"https:\/\/www.jaadisain.ee\/wp-content\/uploads\/2016\/07\/LED-tahvel-500x630mm.jpg\" class=\"fancyboxx\"><img loading=\"lazy\" decoding=\"async\" class=\"alignright wp-image-7594 size-medium\" src=\"https:\/\/www.jaadisain.ee\/wp-content\/uploads\/2016\/07\/LED-tahvel-500x630mm-300x225.jpg\" alt=\"LED tahvel\" width=\"300\" height=\"225\" srcset=\"https:\/\/www.jaadisain.ee\/wp-content\/uploads\/2016\/07\/LED-tahvel-500x630mm-300x225.jpg 300w, https:\/\/www.jaadisain.ee\/wp-content\/uploads\/2016\/07\/LED-tahvel-500x630mm-768x576.jpg 768w, https:\/\/www.jaadisain.ee\/wp-content\/uploads\/2016\/07\/LED-tahvel-500x630mm-1024x768.jpg 1024w, https:\/\/www.jaadisain.ee\/wp-content\/uploads\/2016\/07\/LED-tahvel-500x630mm-530x398.jpg 530w, https:\/\/www.jaadisain.ee\/wp-content\/uploads\/2016\/07\/LED-tahvel-500x630mm.jpg 1632w\" sizes=\"auto, (max-width: 300px) 100vw, 300px\" \/><\/a><\/h2>\n<p>LED tahvel on v\u00e4lism\u00f5\u00f5tudega 500x630mm ning valgustatud osa suuruseks on 440x570mm. Esipinna tr\u00fckist saab t\u00e4nu spetsiaalsele ja kergelt avatavale alumiiniumprofiilile lihtsasti vahetada. Toote saab paigaldada seinale v\u00f5i riputada siseruumis sobivale kohale. Toode on ainult sisekasutuseks ning on koheselt saadaval.<br \/>\nHind: 110.-EUR<br \/>\nHinnale lisandub k\u00e4ibemaks.Hind ei sisalda esipinna tr\u00fckist, transporti ja paigaldust.<\/p>\n<p>&nbsp;<\/p>\n<p>&nbsp;<\/p>\n","protected":false},"excerpt":{"rendered":"<p>LED tahvel LED tahvel on v\u00e4lism\u00f5\u00f5tudega 500x630mm ning valgustatud osa suuruseks on 440x570mm. Esipinna tr\u00fckist saab t\u00e4nu spetsiaalsele ja kergelt avatavale alumiiniumprofiilile lihtsasti vahetada. Toote saab paigaldada seinale v\u00f5i riputada siseruumis sobivale kohale. Toode on ainult sisekasutuseks ning on koheselt saadaval. Hind: 110.-EUR Hinnale lisandub k\u00e4ibemaks.Hind ei sisalda esipinna tr\u00fckist, transporti ja paigaldust. &nbsp; &nbsp;<\/p>\n","protected":false},"author":2,"featured_media":7897,"parent":8801,"menu_order":0,"comment_status":"closed","ping_status":"closed","template":"","meta":{"_acf_changed":false,"footnotes":""},"class_list":["post-7896","page","type-page","status-publish","has-post-thumbnail","hentry"],"acf":[],"yoast_head":"<!-- This site is optimized with the Yoast SEO plugin v27.3 - https:\/\/yoast.com\/product\/yoast-seo-wordpress\/ -->\n<title>LED tahvel m\u00f5\u00f5tmetega 500x630mm. Kohe saadaval.<\/title>\n<meta name=\"description\" content=\"LED tahvel on v\u00e4lism\u00f5\u00f5tudega 500x630mm ning valgustatud osa suuruseks on 440x570mm. Toode on ainult sisekasutuseks ning on koheselt saadaval.\" \/>\n<meta name=\"robots\" content=\"index, follow, max-snippet:-1, max-image-preview:large, max-video-preview:-1\" \/>\n<link rel=\"canonical\" href=\"https:\/\/www.jaadisain.ee\/fi\/ulkomainokset\/leiunurk\/led-tahvel\/\" \/>\n<meta property=\"og:locale\" content=\"fi_FI\" \/>\n<meta property=\"og:type\" content=\"article\" \/>\n<meta property=\"og:title\" content=\"LED tahvel m\u00f5\u00f5tmetega 500x630mm. Kohe saadaval.\" \/>\n<meta property=\"og:description\" content=\"LED tahvel on v\u00e4lism\u00f5\u00f5tudega 500x630mm ning valgustatud osa suuruseks on 440x570mm. Toode on ainult sisekasutuseks ning on koheselt saadaval.\" \/>\n<meta property=\"og:url\" content=\"https:\/\/www.jaadisain.ee\/fi\/ulkomainokset\/leiunurk\/led-tahvel\/\" \/>\n<meta property=\"og:site_name\" content=\"JAA Disain\" \/>\n<meta property=\"article:publisher\" content=\"https:\/\/www.facebook.com\/JAA-Disain-156295277734632\/timeline\" \/>\n<meta property=\"article:modified_time\" content=\"2018-12-27T09:59:39+00:00\" \/>\n<meta property=\"og:image\" content=\"https:\/\/www.jaadisain.ee\/wp-content\/uploads\/2016\/07\/LED-tahvel-500x630mm.jpg\" \/>\n\t<meta property=\"og:image:width\" content=\"1632\" \/>\n\t<meta property=\"og:image:height\" content=\"1224\" \/>\n\t<meta property=\"og:image:type\" content=\"image\/jpeg\" \/>\n<meta name=\"twitter:card\" content=\"summary_large_image\" \/>\n<script type=\"application\/ld+json\" class=\"yoast-schema-graph\">{\"@context\":\"https:\\\/\\\/schema.org\",\"@graph\":[{\"@type\":\"WebPage\",\"@id\":\"https:\\\/\\\/www.jaadisain.ee\\\/fi\\\/ulkomainokset\\\/leiunurk\\\/led-tahvel\\\/\",\"url\":\"https:\\\/\\\/www.jaadisain.ee\\\/fi\\\/ulkomainokset\\\/leiunurk\\\/led-tahvel\\\/\",\"name\":\"LED tahvel m\u00f5\u00f5tmetega 500x630mm. Kohe saadaval.\",\"isPartOf\":{\"@id\":\"https:\\\/\\\/www.jaadisain.ee\\\/#website\"},\"primaryImageOfPage\":{\"@id\":\"https:\\\/\\\/www.jaadisain.ee\\\/fi\\\/ulkomainokset\\\/leiunurk\\\/led-tahvel\\\/#primaryimage\"},\"image\":{\"@id\":\"https:\\\/\\\/www.jaadisain.ee\\\/fi\\\/ulkomainokset\\\/leiunurk\\\/led-tahvel\\\/#primaryimage\"},\"thumbnailUrl\":\"https:\\\/\\\/www.jaadisain.ee\\\/wp-content\\\/uploads\\\/2016\\\/07\\\/LED-tahvel-500x630mm.jpg\",\"datePublished\":\"2016-07-06T12:54:55+00:00\",\"dateModified\":\"2018-12-27T09:59:39+00:00\",\"description\":\"LED tahvel on v\u00e4lism\u00f5\u00f5tudega 500x630mm ning valgustatud osa suuruseks on 440x570mm. Toode on ainult sisekasutuseks ning on koheselt saadaval.\",\"breadcrumb\":{\"@id\":\"https:\\\/\\\/www.jaadisain.ee\\\/fi\\\/ulkomainokset\\\/leiunurk\\\/led-tahvel\\\/#breadcrumb\"},\"inLanguage\":\"fi\",\"potentialAction\":[{\"@type\":\"ReadAction\",\"target\":[\"https:\\\/\\\/www.jaadisain.ee\\\/fi\\\/ulkomainokset\\\/leiunurk\\\/led-tahvel\\\/\"]}]},{\"@type\":\"ImageObject\",\"inLanguage\":\"fi\",\"@id\":\"https:\\\/\\\/www.jaadisain.ee\\\/fi\\\/ulkomainokset\\\/leiunurk\\\/led-tahvel\\\/#primaryimage\",\"url\":\"https:\\\/\\\/www.jaadisain.ee\\\/wp-content\\\/uploads\\\/2016\\\/07\\\/LED-tahvel-500x630mm.jpg\",\"contentUrl\":\"https:\\\/\\\/www.jaadisain.ee\\\/wp-content\\\/uploads\\\/2016\\\/07\\\/LED-tahvel-500x630mm.jpg\",\"width\":1632,\"height\":1224},{\"@type\":\"BreadcrumbList\",\"@id\":\"https:\\\/\\\/www.jaadisain.ee\\\/fi\\\/ulkomainokset\\\/leiunurk\\\/led-tahvel\\\/#breadcrumb\",\"itemListElement\":[{\"@type\":\"ListItem\",\"position\":1,\"name\":\"Home\",\"item\":\"https:\\\/\\\/www.jaadisain.ee\\\/fi\\\/\"},{\"@type\":\"ListItem\",\"position\":2,\"name\":\"Tuotteet\",\"item\":\"https:\\\/\\\/www.jaadisain.ee\\\/fi\\\/ulkomainokset\\\/\"},{\"@type\":\"ListItem\",\"position\":3,\"name\":\"Leiunurk\",\"item\":\"https:\\\/\\\/www.jaadisain.ee\\\/fi\\\/?page_id=8801\"},{\"@type\":\"ListItem\",\"position\":4,\"name\":\"LED tahvel\"}]},{\"@type\":\"WebSite\",\"@id\":\"https:\\\/\\\/www.jaadisain.ee\\\/#website\",\"url\":\"https:\\\/\\\/www.jaadisain.ee\\\/\",\"name\":\"JAA Disain\",\"description\":\"Valgusreklaamide tootja aastast 1993\",\"publisher\":{\"@id\":\"https:\\\/\\\/www.jaadisain.ee\\\/#organization\"},\"potentialAction\":[{\"@type\":\"SearchAction\",\"target\":{\"@type\":\"EntryPoint\",\"urlTemplate\":\"https:\\\/\\\/www.jaadisain.ee\\\/?s={search_term_string}\"},\"query-input\":{\"@type\":\"PropertyValueSpecification\",\"valueRequired\":true,\"valueName\":\"search_term_string\"}}],\"inLanguage\":\"fi\"},{\"@type\":\"Organization\",\"@id\":\"https:\\\/\\\/www.jaadisain.ee\\\/#organization\",\"name\":\"JAA Disain\",\"url\":\"https:\\\/\\\/www.jaadisain.ee\\\/\",\"logo\":{\"@type\":\"ImageObject\",\"inLanguage\":\"fi\",\"@id\":\"https:\\\/\\\/www.jaadisain.ee\\\/#\\\/schema\\\/logo\\\/image\\\/\",\"url\":\"https:\\\/\\\/www.jaadisain.ee\\\/wp-content\\\/uploads\\\/2016\\\/02\\\/JAA-Disain-logo.jpg\",\"contentUrl\":\"https:\\\/\\\/www.jaadisain.ee\\\/wp-content\\\/uploads\\\/2016\\\/02\\\/JAA-Disain-logo.jpg\",\"width\":443,\"height\":259,\"caption\":\"JAA Disain\"},\"image\":{\"@id\":\"https:\\\/\\\/www.jaadisain.ee\\\/#\\\/schema\\\/logo\\\/image\\\/\"},\"sameAs\":[\"https:\\\/\\\/www.facebook.com\\\/JAA-Disain-156295277734632\\\/timeline\"]}]}<\/script>\n<!-- \/ Yoast SEO plugin. -->","yoast_head_json":{"title":"LED tahvel m\u00f5\u00f5tmetega 500x630mm. Kohe saadaval.","description":"LED tahvel on v\u00e4lism\u00f5\u00f5tudega 500x630mm ning valgustatud osa suuruseks on 440x570mm. Toode on ainult sisekasutuseks ning on koheselt saadaval.","robots":{"index":"index","follow":"follow","max-snippet":"max-snippet:-1","max-image-preview":"max-image-preview:large","max-video-preview":"max-video-preview:-1"},"canonical":"https:\/\/www.jaadisain.ee\/fi\/ulkomainokset\/leiunurk\/led-tahvel\/","og_locale":"fi_FI","og_type":"article","og_title":"LED tahvel m\u00f5\u00f5tmetega 500x630mm. Kohe saadaval.","og_description":"LED tahvel on v\u00e4lism\u00f5\u00f5tudega 500x630mm ning valgustatud osa suuruseks on 440x570mm. Toode on ainult sisekasutuseks ning on koheselt saadaval.","og_url":"https:\/\/www.jaadisain.ee\/fi\/ulkomainokset\/leiunurk\/led-tahvel\/","og_site_name":"JAA Disain","article_publisher":"https:\/\/www.facebook.com\/JAA-Disain-156295277734632\/timeline","article_modified_time":"2018-12-27T09:59:39+00:00","og_image":[{"width":1632,"height":1224,"url":"https:\/\/www.jaadisain.ee\/wp-content\/uploads\/2016\/07\/LED-tahvel-500x630mm.jpg","type":"image\/jpeg"}],"twitter_card":"summary_large_image","schema":{"@context":"https:\/\/schema.org","@graph":[{"@type":"WebPage","@id":"https:\/\/www.jaadisain.ee\/fi\/ulkomainokset\/leiunurk\/led-tahvel\/","url":"https:\/\/www.jaadisain.ee\/fi\/ulkomainokset\/leiunurk\/led-tahvel\/","name":"LED tahvel m\u00f5\u00f5tmetega 500x630mm. Kohe saadaval.","isPartOf":{"@id":"https:\/\/www.jaadisain.ee\/#website"},"primaryImageOfPage":{"@id":"https:\/\/www.jaadisain.ee\/fi\/ulkomainokset\/leiunurk\/led-tahvel\/#primaryimage"},"image":{"@id":"https:\/\/www.jaadisain.ee\/fi\/ulkomainokset\/leiunurk\/led-tahvel\/#primaryimage"},"thumbnailUrl":"https:\/\/www.jaadisain.ee\/wp-content\/uploads\/2016\/07\/LED-tahvel-500x630mm.jpg","datePublished":"2016-07-06T12:54:55+00:00","dateModified":"2018-12-27T09:59:39+00:00","description":"LED tahvel on v\u00e4lism\u00f5\u00f5tudega 500x630mm ning valgustatud osa suuruseks on 440x570mm. Toode on ainult sisekasutuseks ning on koheselt saadaval.","breadcrumb":{"@id":"https:\/\/www.jaadisain.ee\/fi\/ulkomainokset\/leiunurk\/led-tahvel\/#breadcrumb"},"inLanguage":"fi","potentialAction":[{"@type":"ReadAction","target":["https:\/\/www.jaadisain.ee\/fi\/ulkomainokset\/leiunurk\/led-tahvel\/"]}]},{"@type":"ImageObject","inLanguage":"fi","@id":"https:\/\/www.jaadisain.ee\/fi\/ulkomainokset\/leiunurk\/led-tahvel\/#primaryimage","url":"https:\/\/www.jaadisain.ee\/wp-content\/uploads\/2016\/07\/LED-tahvel-500x630mm.jpg","contentUrl":"https:\/\/www.jaadisain.ee\/wp-content\/uploads\/2016\/07\/LED-tahvel-500x630mm.jpg","width":1632,"height":1224},{"@type":"BreadcrumbList","@id":"https:\/\/www.jaadisain.ee\/fi\/ulkomainokset\/leiunurk\/led-tahvel\/#breadcrumb","itemListElement":[{"@type":"ListItem","position":1,"name":"Home","item":"https:\/\/www.jaadisain.ee\/fi\/"},{"@type":"ListItem","position":2,"name":"Tuotteet","item":"https:\/\/www.jaadisain.ee\/fi\/ulkomainokset\/"},{"@type":"ListItem","position":3,"name":"Leiunurk","item":"https:\/\/www.jaadisain.ee\/fi\/?page_id=8801"},{"@type":"ListItem","position":4,"name":"LED tahvel"}]},{"@type":"WebSite","@id":"https:\/\/www.jaadisain.ee\/#website","url":"https:\/\/www.jaadisain.ee\/","name":"JAA Disain","description":"Valgusreklaamide tootja aastast 1993","publisher":{"@id":"https:\/\/www.jaadisain.ee\/#organization"},"potentialAction":[{"@type":"SearchAction","target":{"@type":"EntryPoint","urlTemplate":"https:\/\/www.jaadisain.ee\/?s={search_term_string}"},"query-input":{"@type":"PropertyValueSpecification","valueRequired":true,"valueName":"search_term_string"}}],"inLanguage":"fi"},{"@type":"Organization","@id":"https:\/\/www.jaadisain.ee\/#organization","name":"JAA Disain","url":"https:\/\/www.jaadisain.ee\/","logo":{"@type":"ImageObject","inLanguage":"fi","@id":"https:\/\/www.jaadisain.ee\/#\/schema\/logo\/image\/","url":"https:\/\/www.jaadisain.ee\/wp-content\/uploads\/2016\/02\/JAA-Disain-logo.jpg","contentUrl":"https:\/\/www.jaadisain.ee\/wp-content\/uploads\/2016\/02\/JAA-Disain-logo.jpg","width":443,"height":259,"caption":"JAA Disain"},"image":{"@id":"https:\/\/www.jaadisain.ee\/#\/schema\/logo\/image\/"},"sameAs":["https:\/\/www.facebook.com\/JAA-Disain-156295277734632\/timeline"]}]}},"_links":{"self":[{"href":"https:\/\/www.jaadisain.ee\/fi\/wp-json\/wp\/v2\/pages\/7896","targetHints":{"allow":["GET"]}}],"collection":[{"href":"https:\/\/www.jaadisain.ee\/fi\/wp-json\/wp\/v2\/pages"}],"about":[{"href":"https:\/\/www.jaadisain.ee\/fi\/wp-json\/wp\/v2\/types\/page"}],"author":[{"embeddable":true,"href":"https:\/\/www.jaadisain.ee\/fi\/wp-json\/wp\/v2\/users\/2"}],"replies":[{"embeddable":true,"href":"https:\/\/www.jaadisain.ee\/fi\/wp-json\/wp\/v2\/comments?post=7896"}],"version-history":[{"count":0,"href":"https:\/\/www.jaadisain.ee\/fi\/wp-json\/wp\/v2\/pages\/7896\/revisions"}],"up":[{"embeddable":true,"href":"https:\/\/www.jaadisain.ee\/fi\/wp-json\/wp\/v2\/pages\/8801"}],"wp:featuredmedia":[{"embeddable":true,"href":"https:\/\/www.jaadisain.ee\/fi\/wp-json\/wp\/v2\/media\/7897"}],"wp:attachment":[{"href":"https:\/\/www.jaadisain.ee\/fi\/wp-json\/wp\/v2\/media?parent=7896"}],"curies":[{"name":"wp","href":"https:\/\/api.w.org\/{rel}","templated":true}]}}