{"id":7894,"date":"2016-07-13T10:42:39","date_gmt":"2016-07-13T08:42:39","guid":{"rendered":"http:\/\/www.jaadisain.ee\/fi\/valgussilt\/"},"modified":"2016-11-02T12:42:06","modified_gmt":"2016-11-02T10:42:06","slug":"valokyltti","status":"publish","type":"page","link":"https:\/\/www.jaadisain.ee\/fi\/ulkomainokset\/irtokirjainvalomainokset\/taaksepain-valaistut-valomainokset\/valokyltti\/","title":{"rendered":"Taaksep\u00e4in valaistuista irtokirjainmainosvaloista tehty valokyltti"},"content":{"rendered":"<h2>Taaksep\u00e4in valaisevista irtokirjaimista tehty valokyltti<\/h2>\n<p>Valokylttien valmistamisessa hy\u00f6dynnet\u00e4\u00e4n useita erilaisia valmistustapoja, kuten taaksep\u00e4in valaistuja ja jyrsittyj\u00e4 irtokirjainmainosvaloja, muotoon leikattua taustapelti\u00e4 ja alumiinikehyksi\u00e4. Koko valokyltti on tehty alumiinista ja jauhemaalattu. Kirjaimen takasein\u00e4n pelti\u00e4 ei ole asennettu tiiviisti koteloa vasten, ja valaisimen sis\u00e4ll\u00e4 olevat laadukkaat ledit valaisevat siten tehokkaasti kirjainten taustan. Logon valaisematon osa on tehty jyrsimell\u00e4 ja asennettu suoraan takasein\u00e4\u00e4n. Valokyltin takasein\u00e4n pelti on kantattu huolellisesti piirustusten mukaan, joten mainos n\u00e4ytt\u00e4\u00e4 jyhke\u00e4n massiiviselta. Valomainos on asennettu kantatusta putkesta tehtyihin kehyksiin. Valomainos on asennettu myym\u00e4l\u00e4n sis\u00e4\u00e4nk\u00e4ynnin yl\u00e4puolelle ja viimeistelty siten, ett\u00e4 se n\u00e4ytt\u00e4\u00e4 hyv\u00e4lt\u00e4 my\u00f6s toiselta puolelta, eli myym\u00e4l\u00e4st\u00e4 poistuttaessa.<\/p>\n<p><strong>Mitat:<\/strong> 2940 x 500 mm<br \/>\n<strong>Sijainti:<\/strong> Kauppakeskus Solaris, Tallinna<\/p>\n","protected":false},"excerpt":{"rendered":"<p>Taaksep\u00e4in valaisevista irtokirjaimista tehty valokyltti Valokylttien valmistamisessa hy\u00f6dynnet\u00e4\u00e4n useita erilaisia valmistustapoja, kuten taaksep\u00e4in valaistuja ja jyrsittyj\u00e4 irtokirjainmainosvaloja, muotoon leikattua taustapelti\u00e4 ja alumiinikehyksi\u00e4. Koko valokyltti on tehty alumiinista ja jauhemaalattu. Kirjaimen takasein\u00e4n pelti\u00e4 ei ole asennettu tiiviisti koteloa vasten, ja valaisimen sis\u00e4ll\u00e4 olevat laadukkaat ledit valaisevat siten tehokkaasti kirjainten taustan. Logon valaisematon osa on tehty jyrsimell\u00e4 [&hellip;]<\/p>\n","protected":false},"author":2,"featured_media":7895,"parent":9113,"menu_order":0,"comment_status":"closed","ping_status":"closed","template":"","meta":{"_acf_changed":false,"footnotes":""},"class_list":["post-7894","page","type-page","status-publish","has-post-thumbnail","hentry"],"acf":[],"yoast_head":"<!-- This site is optimized with the Yoast SEO plugin v27.3 - https:\/\/yoast.com\/product\/yoast-seo-wordpress\/ -->\n<title>Valokyltti on valmistettu monella eri menetelm\u00e4ll\u00e4 - JAA Disain<\/title>\n<meta name=\"description\" content=\"Valokyltti on valmistettu useita eri menetelmi\u00e4 k\u00e4ytt\u00e4en, mukaan lukien taaksep\u00e4in valaisevat irtokirjainmainosvalot. Katso lis\u00e4\u00e4 t\u00e4\u00e4lt\u00e4!\" \/>\n<meta name=\"robots\" content=\"index, follow, max-snippet:-1, max-image-preview:large, max-video-preview:-1\" \/>\n<link rel=\"canonical\" href=\"https:\/\/www.jaadisain.ee\/fi\/ulkomainokset\/irtokirjainvalomainokset\/taaksepain-valaistut-valomainokset\/valokyltti\/\" \/>\n<meta property=\"og:locale\" content=\"fi_FI\" \/>\n<meta property=\"og:type\" content=\"article\" \/>\n<meta property=\"og:title\" content=\"Valokyltti on valmistettu monella eri menetelm\u00e4ll\u00e4 - JAA Disain\" \/>\n<meta property=\"og:description\" content=\"Valokyltti on valmistettu useita eri menetelmi\u00e4 k\u00e4ytt\u00e4en, mukaan lukien taaksep\u00e4in valaisevat irtokirjainmainosvalot. Katso lis\u00e4\u00e4 t\u00e4\u00e4lt\u00e4!\" \/>\n<meta property=\"og:url\" content=\"https:\/\/www.jaadisain.ee\/fi\/ulkomainokset\/irtokirjainvalomainokset\/taaksepain-valaistut-valomainokset\/valokyltti\/\" \/>\n<meta property=\"og:site_name\" content=\"JAA Disain\" \/>\n<meta property=\"article:publisher\" content=\"https:\/\/www.facebook.com\/JAA-Disain-156295277734632\/timeline\" \/>\n<meta property=\"article:modified_time\" content=\"2016-11-02T10:42:06+00:00\" \/>\n<meta property=\"og:image\" content=\"https:\/\/www.jaadisain.ee\/wp-content\/uploads\/2016\/07\/valgussilt.jpg.jpg\" \/>\n\t<meta property=\"og:image:width\" content=\"1632\" \/>\n\t<meta property=\"og:image:height\" content=\"1224\" \/>\n\t<meta property=\"og:image:type\" content=\"image\/jpeg\" \/>\n<meta name=\"twitter:card\" content=\"summary_large_image\" \/>\n<meta name=\"twitter:label1\" content=\"Arvioitu lukuaika\" \/>\n\t<meta name=\"twitter:data1\" content=\"1 minuutti\" \/>\n<script type=\"application\/ld+json\" class=\"yoast-schema-graph\">{\"@context\":\"https:\\\/\\\/schema.org\",\"@graph\":[{\"@type\":\"WebPage\",\"@id\":\"https:\\\/\\\/www.jaadisain.ee\\\/fi\\\/ulkomainokset\\\/irtokirjainvalomainokset\\\/taaksepain-valaistut-valomainokset\\\/valokyltti\\\/\",\"url\":\"https:\\\/\\\/www.jaadisain.ee\\\/fi\\\/ulkomainokset\\\/irtokirjainvalomainokset\\\/taaksepain-valaistut-valomainokset\\\/valokyltti\\\/\",\"name\":\"Valokyltti on valmistettu monella eri menetelm\u00e4ll\u00e4 - JAA Disain\",\"isPartOf\":{\"@id\":\"https:\\\/\\\/www.jaadisain.ee\\\/#website\"},\"primaryImageOfPage\":{\"@id\":\"https:\\\/\\\/www.jaadisain.ee\\\/fi\\\/ulkomainokset\\\/irtokirjainvalomainokset\\\/taaksepain-valaistut-valomainokset\\\/valokyltti\\\/#primaryimage\"},\"image\":{\"@id\":\"https:\\\/\\\/www.jaadisain.ee\\\/fi\\\/ulkomainokset\\\/irtokirjainvalomainokset\\\/taaksepain-valaistut-valomainokset\\\/valokyltti\\\/#primaryimage\"},\"thumbnailUrl\":\"https:\\\/\\\/www.jaadisain.ee\\\/wp-content\\\/uploads\\\/2016\\\/07\\\/valgussilt.jpg.jpg\",\"datePublished\":\"2016-07-13T08:42:39+00:00\",\"dateModified\":\"2016-11-02T10:42:06+00:00\",\"description\":\"Valokyltti on valmistettu useita eri menetelmi\u00e4 k\u00e4ytt\u00e4en, mukaan lukien taaksep\u00e4in valaisevat irtokirjainmainosvalot. Katso lis\u00e4\u00e4 t\u00e4\u00e4lt\u00e4!\",\"breadcrumb\":{\"@id\":\"https:\\\/\\\/www.jaadisain.ee\\\/fi\\\/ulkomainokset\\\/irtokirjainvalomainokset\\\/taaksepain-valaistut-valomainokset\\\/valokyltti\\\/#breadcrumb\"},\"inLanguage\":\"fi\",\"potentialAction\":[{\"@type\":\"ReadAction\",\"target\":[\"https:\\\/\\\/www.jaadisain.ee\\\/fi\\\/ulkomainokset\\\/irtokirjainvalomainokset\\\/taaksepain-valaistut-valomainokset\\\/valokyltti\\\/\"]}]},{\"@type\":\"ImageObject\",\"inLanguage\":\"fi\",\"@id\":\"https:\\\/\\\/www.jaadisain.ee\\\/fi\\\/ulkomainokset\\\/irtokirjainvalomainokset\\\/taaksepain-valaistut-valomainokset\\\/valokyltti\\\/#primaryimage\",\"url\":\"https:\\\/\\\/www.jaadisain.ee\\\/wp-content\\\/uploads\\\/2016\\\/07\\\/valgussilt.jpg.jpg\",\"contentUrl\":\"https:\\\/\\\/www.jaadisain.ee\\\/wp-content\\\/uploads\\\/2016\\\/07\\\/valgussilt.jpg.jpg\",\"width\":1632,\"height\":1224,\"caption\":\"valokyltti\"},{\"@type\":\"BreadcrumbList\",\"@id\":\"https:\\\/\\\/www.jaadisain.ee\\\/fi\\\/ulkomainokset\\\/irtokirjainvalomainokset\\\/taaksepain-valaistut-valomainokset\\\/valokyltti\\\/#breadcrumb\",\"itemListElement\":[{\"@type\":\"ListItem\",\"position\":1,\"name\":\"Home\",\"item\":\"https:\\\/\\\/www.jaadisain.ee\\\/fi\\\/\"},{\"@type\":\"ListItem\",\"position\":2,\"name\":\"Tuotteet\",\"item\":\"https:\\\/\\\/www.jaadisain.ee\\\/fi\\\/ulkomainokset\\\/\"},{\"@type\":\"ListItem\",\"position\":3,\"name\":\"Irtokirjainvalomainokset\",\"item\":\"https:\\\/\\\/www.jaadisain.ee\\\/fi\\\/ulkomainokset\\\/irtokirjainvalomainokset\\\/\"},{\"@type\":\"ListItem\",\"position\":4,\"name\":\"Taaksep\u00e4in valaistut valomainokset\",\"item\":\"https:\\\/\\\/www.jaadisain.ee\\\/fi\\\/ulkomainokset\\\/irtokirjainvalomainokset\\\/taaksepain-valaistut-valomainokset\\\/\"},{\"@type\":\"ListItem\",\"position\":5,\"name\":\"Taaksep\u00e4in valaistuista irtokirjainmainosvaloista tehty valokyltti\"}]},{\"@type\":\"WebSite\",\"@id\":\"https:\\\/\\\/www.jaadisain.ee\\\/#website\",\"url\":\"https:\\\/\\\/www.jaadisain.ee\\\/\",\"name\":\"JAA Disain\",\"description\":\"Valgusreklaamide tootja aastast 1993\",\"publisher\":{\"@id\":\"https:\\\/\\\/www.jaadisain.ee\\\/#organization\"},\"potentialAction\":[{\"@type\":\"SearchAction\",\"target\":{\"@type\":\"EntryPoint\",\"urlTemplate\":\"https:\\\/\\\/www.jaadisain.ee\\\/?s={search_term_string}\"},\"query-input\":{\"@type\":\"PropertyValueSpecification\",\"valueRequired\":true,\"valueName\":\"search_term_string\"}}],\"inLanguage\":\"fi\"},{\"@type\":\"Organization\",\"@id\":\"https:\\\/\\\/www.jaadisain.ee\\\/#organization\",\"name\":\"JAA Disain\",\"url\":\"https:\\\/\\\/www.jaadisain.ee\\\/\",\"logo\":{\"@type\":\"ImageObject\",\"inLanguage\":\"fi\",\"@id\":\"https:\\\/\\\/www.jaadisain.ee\\\/#\\\/schema\\\/logo\\\/image\\\/\",\"url\":\"https:\\\/\\\/www.jaadisain.ee\\\/wp-content\\\/uploads\\\/2016\\\/02\\\/JAA-Disain-logo.jpg\",\"contentUrl\":\"https:\\\/\\\/www.jaadisain.ee\\\/wp-content\\\/uploads\\\/2016\\\/02\\\/JAA-Disain-logo.jpg\",\"width\":443,\"height\":259,\"caption\":\"JAA Disain\"},\"image\":{\"@id\":\"https:\\\/\\\/www.jaadisain.ee\\\/#\\\/schema\\\/logo\\\/image\\\/\"},\"sameAs\":[\"https:\\\/\\\/www.facebook.com\\\/JAA-Disain-156295277734632\\\/timeline\"]}]}<\/script>\n<!-- \/ Yoast SEO plugin. -->","yoast_head_json":{"title":"Valokyltti on valmistettu monella eri menetelm\u00e4ll\u00e4 - JAA Disain","description":"Valokyltti on valmistettu useita eri menetelmi\u00e4 k\u00e4ytt\u00e4en, mukaan lukien taaksep\u00e4in valaisevat irtokirjainmainosvalot. Katso lis\u00e4\u00e4 t\u00e4\u00e4lt\u00e4!","robots":{"index":"index","follow":"follow","max-snippet":"max-snippet:-1","max-image-preview":"max-image-preview:large","max-video-preview":"max-video-preview:-1"},"canonical":"https:\/\/www.jaadisain.ee\/fi\/ulkomainokset\/irtokirjainvalomainokset\/taaksepain-valaistut-valomainokset\/valokyltti\/","og_locale":"fi_FI","og_type":"article","og_title":"Valokyltti on valmistettu monella eri menetelm\u00e4ll\u00e4 - JAA Disain","og_description":"Valokyltti on valmistettu useita eri menetelmi\u00e4 k\u00e4ytt\u00e4en, mukaan lukien taaksep\u00e4in valaisevat irtokirjainmainosvalot. Katso lis\u00e4\u00e4 t\u00e4\u00e4lt\u00e4!","og_url":"https:\/\/www.jaadisain.ee\/fi\/ulkomainokset\/irtokirjainvalomainokset\/taaksepain-valaistut-valomainokset\/valokyltti\/","og_site_name":"JAA Disain","article_publisher":"https:\/\/www.facebook.com\/JAA-Disain-156295277734632\/timeline","article_modified_time":"2016-11-02T10:42:06+00:00","og_image":[{"width":1632,"height":1224,"url":"https:\/\/www.jaadisain.ee\/wp-content\/uploads\/2016\/07\/valgussilt.jpg.jpg","type":"image\/jpeg"}],"twitter_card":"summary_large_image","twitter_misc":{"Arvioitu lukuaika":"1 minuutti"},"schema":{"@context":"https:\/\/schema.org","@graph":[{"@type":"WebPage","@id":"https:\/\/www.jaadisain.ee\/fi\/ulkomainokset\/irtokirjainvalomainokset\/taaksepain-valaistut-valomainokset\/valokyltti\/","url":"https:\/\/www.jaadisain.ee\/fi\/ulkomainokset\/irtokirjainvalomainokset\/taaksepain-valaistut-valomainokset\/valokyltti\/","name":"Valokyltti on valmistettu monella eri menetelm\u00e4ll\u00e4 - JAA Disain","isPartOf":{"@id":"https:\/\/www.jaadisain.ee\/#website"},"primaryImageOfPage":{"@id":"https:\/\/www.jaadisain.ee\/fi\/ulkomainokset\/irtokirjainvalomainokset\/taaksepain-valaistut-valomainokset\/valokyltti\/#primaryimage"},"image":{"@id":"https:\/\/www.jaadisain.ee\/fi\/ulkomainokset\/irtokirjainvalomainokset\/taaksepain-valaistut-valomainokset\/valokyltti\/#primaryimage"},"thumbnailUrl":"https:\/\/www.jaadisain.ee\/wp-content\/uploads\/2016\/07\/valgussilt.jpg.jpg","datePublished":"2016-07-13T08:42:39+00:00","dateModified":"2016-11-02T10:42:06+00:00","description":"Valokyltti on valmistettu useita eri menetelmi\u00e4 k\u00e4ytt\u00e4en, mukaan lukien taaksep\u00e4in valaisevat irtokirjainmainosvalot. Katso lis\u00e4\u00e4 t\u00e4\u00e4lt\u00e4!","breadcrumb":{"@id":"https:\/\/www.jaadisain.ee\/fi\/ulkomainokset\/irtokirjainvalomainokset\/taaksepain-valaistut-valomainokset\/valokyltti\/#breadcrumb"},"inLanguage":"fi","potentialAction":[{"@type":"ReadAction","target":["https:\/\/www.jaadisain.ee\/fi\/ulkomainokset\/irtokirjainvalomainokset\/taaksepain-valaistut-valomainokset\/valokyltti\/"]}]},{"@type":"ImageObject","inLanguage":"fi","@id":"https:\/\/www.jaadisain.ee\/fi\/ulkomainokset\/irtokirjainvalomainokset\/taaksepain-valaistut-valomainokset\/valokyltti\/#primaryimage","url":"https:\/\/www.jaadisain.ee\/wp-content\/uploads\/2016\/07\/valgussilt.jpg.jpg","contentUrl":"https:\/\/www.jaadisain.ee\/wp-content\/uploads\/2016\/07\/valgussilt.jpg.jpg","width":1632,"height":1224,"caption":"valokyltti"},{"@type":"BreadcrumbList","@id":"https:\/\/www.jaadisain.ee\/fi\/ulkomainokset\/irtokirjainvalomainokset\/taaksepain-valaistut-valomainokset\/valokyltti\/#breadcrumb","itemListElement":[{"@type":"ListItem","position":1,"name":"Home","item":"https:\/\/www.jaadisain.ee\/fi\/"},{"@type":"ListItem","position":2,"name":"Tuotteet","item":"https:\/\/www.jaadisain.ee\/fi\/ulkomainokset\/"},{"@type":"ListItem","position":3,"name":"Irtokirjainvalomainokset","item":"https:\/\/www.jaadisain.ee\/fi\/ulkomainokset\/irtokirjainvalomainokset\/"},{"@type":"ListItem","position":4,"name":"Taaksep\u00e4in valaistut valomainokset","item":"https:\/\/www.jaadisain.ee\/fi\/ulkomainokset\/irtokirjainvalomainokset\/taaksepain-valaistut-valomainokset\/"},{"@type":"ListItem","position":5,"name":"Taaksep\u00e4in valaistuista irtokirjainmainosvaloista tehty valokyltti"}]},{"@type":"WebSite","@id":"https:\/\/www.jaadisain.ee\/#website","url":"https:\/\/www.jaadisain.ee\/","name":"JAA Disain","description":"Valgusreklaamide tootja aastast 1993","publisher":{"@id":"https:\/\/www.jaadisain.ee\/#organization"},"potentialAction":[{"@type":"SearchAction","target":{"@type":"EntryPoint","urlTemplate":"https:\/\/www.jaadisain.ee\/?s={search_term_string}"},"query-input":{"@type":"PropertyValueSpecification","valueRequired":true,"valueName":"search_term_string"}}],"inLanguage":"fi"},{"@type":"Organization","@id":"https:\/\/www.jaadisain.ee\/#organization","name":"JAA Disain","url":"https:\/\/www.jaadisain.ee\/","logo":{"@type":"ImageObject","inLanguage":"fi","@id":"https:\/\/www.jaadisain.ee\/#\/schema\/logo\/image\/","url":"https:\/\/www.jaadisain.ee\/wp-content\/uploads\/2016\/02\/JAA-Disain-logo.jpg","contentUrl":"https:\/\/www.jaadisain.ee\/wp-content\/uploads\/2016\/02\/JAA-Disain-logo.jpg","width":443,"height":259,"caption":"JAA Disain"},"image":{"@id":"https:\/\/www.jaadisain.ee\/#\/schema\/logo\/image\/"},"sameAs":["https:\/\/www.facebook.com\/JAA-Disain-156295277734632\/timeline"]}]}},"_links":{"self":[{"href":"https:\/\/www.jaadisain.ee\/fi\/wp-json\/wp\/v2\/pages\/7894","targetHints":{"allow":["GET"]}}],"collection":[{"href":"https:\/\/www.jaadisain.ee\/fi\/wp-json\/wp\/v2\/pages"}],"about":[{"href":"https:\/\/www.jaadisain.ee\/fi\/wp-json\/wp\/v2\/types\/page"}],"author":[{"embeddable":true,"href":"https:\/\/www.jaadisain.ee\/fi\/wp-json\/wp\/v2\/users\/2"}],"replies":[{"embeddable":true,"href":"https:\/\/www.jaadisain.ee\/fi\/wp-json\/wp\/v2\/comments?post=7894"}],"version-history":[{"count":1,"href":"https:\/\/www.jaadisain.ee\/fi\/wp-json\/wp\/v2\/pages\/7894\/revisions"}],"predecessor-version":[{"id":9357,"href":"https:\/\/www.jaadisain.ee\/fi\/wp-json\/wp\/v2\/pages\/7894\/revisions\/9357"}],"up":[{"embeddable":true,"href":"https:\/\/www.jaadisain.ee\/fi\/wp-json\/wp\/v2\/pages\/9113"}],"wp:featuredmedia":[{"embeddable":true,"href":"https:\/\/www.jaadisain.ee\/fi\/wp-json\/wp\/v2\/media\/7895"}],"wp:attachment":[{"href":"https:\/\/www.jaadisain.ee\/fi\/wp-json\/wp\/v2\/media?parent=7894"}],"curies":[{"name":"wp","href":"https:\/\/api.w.org\/{rel}","templated":true}]}}