{"id":7885,"date":"2016-07-13T13:12:46","date_gmt":"2016-07-13T11:12:46","guid":{"rendered":"http:\/\/www.jaadisain.ee\/fi\/enefit\/"},"modified":"2016-11-02T15:23:11","modified_gmt":"2016-11-02T13:23:11","slug":"enefitin-iso-valomainos-auveressa","status":"publish","type":"page","link":"https:\/\/www.jaadisain.ee\/fi\/suuret-projektit\/enefitin-iso-valomainos-auveressa\/","title":{"rendered":"Enefitin iso valomainos Auveress\u00e4"},"content":{"rendered":"<h2 style=\"text-align: left;\">Enefitin iso valomainos Auveress\u00e4<\/h2>\n<p style=\"text-align: left;\">Enefitin iso valomainos Auveress\u00e4 edellytti vaativaa logistiikkaa ja osaavien vuorikiipeilij\u00f6iden apua. Enefitin irtokirjainvalomainosten valmistus sujui ongelmitta niiden suuresta koosta huolimatta (13,5 \u00d7 6,7 m). Tuotantotilamme sopivat my\u00f6s suurikokoisten valomainosten valmistukseen. Haasteellisinta oli suuren valomainoksen asentaminen 50 metri\u00e4 korkeaan sein\u00e4\u00e4n. Neuvottelimme useiden nostolaitteita vuokraavien yritysten kanssa, ja lopulta l\u00f6ytyi yksi yritys, joka olisi pystynyt j\u00e4rjest\u00e4m\u00e4\u00e4n sopivan nosturin. Nosturi olisi kuitenkin pit\u00e4nyt tuoda erikseen Suomesta, mik\u00e4 olisi ollut hidasta ja tietysti my\u00f6s hyvin kallista. Kuten virolaisen kirjailija Oskar Lutsin kirjassa Kev\u00e4t todetaan: \u201dSe mik\u00e4 ei pysy paikoillaan, isket\u00e4\u00e4n paikoilleen\u201d, ja niin me my\u00f6s teimme. P\u00e4\u00e4timme turvautua ammattivuorikiipeilij\u00f6iden apuun. L\u00f6ysimme oikeat henkil\u00f6t, ja valomainos vedettiin vaijereiden avulla varovasti yl\u00f6s ja asennettiin paikoilleen sein\u00e4\u00e4n. Koko ty\u00f6 kesti vain viikon. Asiakas oli tyytyv\u00e4inen, ja niinp\u00e4 my\u00f6s me saatoimme olla tyytyv\u00e4isi\u00e4 logistisesti haasteelliseen projektiin. Mik\u00e4\u00e4n ei ole mahdotonta, jos asenne on kohdallaan!<\/p>\n","protected":false},"excerpt":{"rendered":"<p>Enefitin iso valomainos Auveress\u00e4 Enefitin iso valomainos Auveress\u00e4 edellytti vaativaa logistiikkaa ja osaavien vuorikiipeilij\u00f6iden apua. Enefitin irtokirjainvalomainosten valmistus sujui ongelmitta niiden suuresta koosta huolimatta (13,5 \u00d7 6,7 m). Tuotantotilamme sopivat my\u00f6s suurikokoisten valomainosten valmistukseen. Haasteellisinta oli suuren valomainoksen asentaminen 50 metri\u00e4 korkeaan sein\u00e4\u00e4n. Neuvottelimme useiden nostolaitteita vuokraavien yritysten kanssa, ja lopulta l\u00f6ytyi yksi yritys, joka [&hellip;]<\/p>\n","protected":false},"author":2,"featured_media":7888,"parent":7934,"menu_order":0,"comment_status":"closed","ping_status":"closed","template":"","meta":{"_acf_changed":false,"footnotes":""},"class_list":["post-7885","page","type-page","status-publish","has-post-thumbnail","hentry"],"acf":[],"yoast_head":"<!-- This site is optimized with the Yoast SEO plugin v27.3 - https:\/\/yoast.com\/product\/yoast-seo-wordpress\/ -->\n<title>Enefitin iso valomainos Auveress\u00e4 - JAA Disain O\u00dc<\/title>\n<meta name=\"description\" content=\"Enefitin iso valomainos Auveress\u00e4 edellytti vaativaa logistiikkaa ja osaavien vuorikiipeilij\u00f6iden apua. Katso lis\u00e4\u00e4 t\u00e4\u00e4lt\u00e4!\" \/>\n<meta name=\"robots\" content=\"index, follow, max-snippet:-1, max-image-preview:large, max-video-preview:-1\" \/>\n<link rel=\"canonical\" href=\"https:\/\/www.jaadisain.ee\/fi\/suuret-projektit\/enefitin-iso-valomainos-auveressa\/\" \/>\n<meta property=\"og:locale\" content=\"fi_FI\" \/>\n<meta property=\"og:type\" content=\"article\" \/>\n<meta property=\"og:title\" content=\"Enefitin iso valomainos Auveress\u00e4 - JAA Disain O\u00dc\" \/>\n<meta property=\"og:description\" content=\"Enefitin iso valomainos Auveress\u00e4 edellytti vaativaa logistiikkaa ja osaavien vuorikiipeilij\u00f6iden apua. Katso lis\u00e4\u00e4 t\u00e4\u00e4lt\u00e4!\" \/>\n<meta property=\"og:url\" content=\"https:\/\/www.jaadisain.ee\/fi\/suuret-projektit\/enefitin-iso-valomainos-auveressa\/\" \/>\n<meta property=\"og:site_name\" content=\"JAA Disain\" \/>\n<meta property=\"article:publisher\" content=\"https:\/\/www.facebook.com\/JAA-Disain-156295277734632\/timeline\" \/>\n<meta property=\"article:modified_time\" content=\"2016-11-02T13:23:11+00:00\" \/>\n<meta property=\"og:image\" content=\"https:\/\/www.jaadisain.ee\/wp-content\/uploads\/2016\/07\/enefit-4.jpg\" \/>\n\t<meta property=\"og:image:width\" content=\"3264\" \/>\n\t<meta property=\"og:image:height\" content=\"1836\" \/>\n\t<meta property=\"og:image:type\" content=\"image\/jpeg\" \/>\n<meta name=\"twitter:card\" content=\"summary_large_image\" \/>\n<meta name=\"twitter:label1\" content=\"Arvioitu lukuaika\" \/>\n\t<meta name=\"twitter:data1\" content=\"1 minuutti\" \/>\n<script type=\"application\/ld+json\" class=\"yoast-schema-graph\">{\"@context\":\"https:\\\/\\\/schema.org\",\"@graph\":[{\"@type\":\"WebPage\",\"@id\":\"https:\\\/\\\/www.jaadisain.ee\\\/fi\\\/suuret-projektit\\\/enefitin-iso-valomainos-auveressa\\\/\",\"url\":\"https:\\\/\\\/www.jaadisain.ee\\\/fi\\\/suuret-projektit\\\/enefitin-iso-valomainos-auveressa\\\/\",\"name\":\"Enefitin iso valomainos Auveress\u00e4 - JAA Disain O\u00dc\",\"isPartOf\":{\"@id\":\"https:\\\/\\\/www.jaadisain.ee\\\/#website\"},\"primaryImageOfPage\":{\"@id\":\"https:\\\/\\\/www.jaadisain.ee\\\/fi\\\/suuret-projektit\\\/enefitin-iso-valomainos-auveressa\\\/#primaryimage\"},\"image\":{\"@id\":\"https:\\\/\\\/www.jaadisain.ee\\\/fi\\\/suuret-projektit\\\/enefitin-iso-valomainos-auveressa\\\/#primaryimage\"},\"thumbnailUrl\":\"https:\\\/\\\/www.jaadisain.ee\\\/wp-content\\\/uploads\\\/2016\\\/07\\\/enefit-4.jpg\",\"datePublished\":\"2016-07-13T11:12:46+00:00\",\"dateModified\":\"2016-11-02T13:23:11+00:00\",\"description\":\"Enefitin iso valomainos Auveress\u00e4 edellytti vaativaa logistiikkaa ja osaavien vuorikiipeilij\u00f6iden apua. Katso lis\u00e4\u00e4 t\u00e4\u00e4lt\u00e4!\",\"breadcrumb\":{\"@id\":\"https:\\\/\\\/www.jaadisain.ee\\\/fi\\\/suuret-projektit\\\/enefitin-iso-valomainos-auveressa\\\/#breadcrumb\"},\"inLanguage\":\"fi\",\"potentialAction\":[{\"@type\":\"ReadAction\",\"target\":[\"https:\\\/\\\/www.jaadisain.ee\\\/fi\\\/suuret-projektit\\\/enefitin-iso-valomainos-auveressa\\\/\"]}]},{\"@type\":\"ImageObject\",\"inLanguage\":\"fi\",\"@id\":\"https:\\\/\\\/www.jaadisain.ee\\\/fi\\\/suuret-projektit\\\/enefitin-iso-valomainos-auveressa\\\/#primaryimage\",\"url\":\"https:\\\/\\\/www.jaadisain.ee\\\/wp-content\\\/uploads\\\/2016\\\/07\\\/enefit-4.jpg\",\"contentUrl\":\"https:\\\/\\\/www.jaadisain.ee\\\/wp-content\\\/uploads\\\/2016\\\/07\\\/enefit-4.jpg\",\"width\":3264,\"height\":1836,\"caption\":\"Iso valomainos\"},{\"@type\":\"BreadcrumbList\",\"@id\":\"https:\\\/\\\/www.jaadisain.ee\\\/fi\\\/suuret-projektit\\\/enefitin-iso-valomainos-auveressa\\\/#breadcrumb\",\"itemListElement\":[{\"@type\":\"ListItem\",\"position\":1,\"name\":\"Home\",\"item\":\"https:\\\/\\\/www.jaadisain.ee\\\/fi\\\/\"},{\"@type\":\"ListItem\",\"position\":2,\"name\":\"Suuret projektit\",\"item\":\"https:\\\/\\\/www.jaadisain.ee\\\/fi\\\/suuret-projektit\\\/\"},{\"@type\":\"ListItem\",\"position\":3,\"name\":\"Enefitin iso valomainos Auveress\u00e4\"}]},{\"@type\":\"WebSite\",\"@id\":\"https:\\\/\\\/www.jaadisain.ee\\\/#website\",\"url\":\"https:\\\/\\\/www.jaadisain.ee\\\/\",\"name\":\"JAA Disain\",\"description\":\"Valgusreklaamide tootja aastast 1993\",\"publisher\":{\"@id\":\"https:\\\/\\\/www.jaadisain.ee\\\/#organization\"},\"potentialAction\":[{\"@type\":\"SearchAction\",\"target\":{\"@type\":\"EntryPoint\",\"urlTemplate\":\"https:\\\/\\\/www.jaadisain.ee\\\/?s={search_term_string}\"},\"query-input\":{\"@type\":\"PropertyValueSpecification\",\"valueRequired\":true,\"valueName\":\"search_term_string\"}}],\"inLanguage\":\"fi\"},{\"@type\":\"Organization\",\"@id\":\"https:\\\/\\\/www.jaadisain.ee\\\/#organization\",\"name\":\"JAA Disain\",\"url\":\"https:\\\/\\\/www.jaadisain.ee\\\/\",\"logo\":{\"@type\":\"ImageObject\",\"inLanguage\":\"fi\",\"@id\":\"https:\\\/\\\/www.jaadisain.ee\\\/#\\\/schema\\\/logo\\\/image\\\/\",\"url\":\"https:\\\/\\\/www.jaadisain.ee\\\/wp-content\\\/uploads\\\/2016\\\/02\\\/JAA-Disain-logo.jpg\",\"contentUrl\":\"https:\\\/\\\/www.jaadisain.ee\\\/wp-content\\\/uploads\\\/2016\\\/02\\\/JAA-Disain-logo.jpg\",\"width\":443,\"height\":259,\"caption\":\"JAA Disain\"},\"image\":{\"@id\":\"https:\\\/\\\/www.jaadisain.ee\\\/#\\\/schema\\\/logo\\\/image\\\/\"},\"sameAs\":[\"https:\\\/\\\/www.facebook.com\\\/JAA-Disain-156295277734632\\\/timeline\"]}]}<\/script>\n<!-- \/ Yoast SEO plugin. -->","yoast_head_json":{"title":"Enefitin iso valomainos Auveress\u00e4 - JAA Disain O\u00dc","description":"Enefitin iso valomainos Auveress\u00e4 edellytti vaativaa logistiikkaa ja osaavien vuorikiipeilij\u00f6iden apua. Katso lis\u00e4\u00e4 t\u00e4\u00e4lt\u00e4!","robots":{"index":"index","follow":"follow","max-snippet":"max-snippet:-1","max-image-preview":"max-image-preview:large","max-video-preview":"max-video-preview:-1"},"canonical":"https:\/\/www.jaadisain.ee\/fi\/suuret-projektit\/enefitin-iso-valomainos-auveressa\/","og_locale":"fi_FI","og_type":"article","og_title":"Enefitin iso valomainos Auveress\u00e4 - JAA Disain O\u00dc","og_description":"Enefitin iso valomainos Auveress\u00e4 edellytti vaativaa logistiikkaa ja osaavien vuorikiipeilij\u00f6iden apua. Katso lis\u00e4\u00e4 t\u00e4\u00e4lt\u00e4!","og_url":"https:\/\/www.jaadisain.ee\/fi\/suuret-projektit\/enefitin-iso-valomainos-auveressa\/","og_site_name":"JAA Disain","article_publisher":"https:\/\/www.facebook.com\/JAA-Disain-156295277734632\/timeline","article_modified_time":"2016-11-02T13:23:11+00:00","og_image":[{"width":3264,"height":1836,"url":"https:\/\/www.jaadisain.ee\/wp-content\/uploads\/2016\/07\/enefit-4.jpg","type":"image\/jpeg"}],"twitter_card":"summary_large_image","twitter_misc":{"Arvioitu lukuaika":"1 minuutti"},"schema":{"@context":"https:\/\/schema.org","@graph":[{"@type":"WebPage","@id":"https:\/\/www.jaadisain.ee\/fi\/suuret-projektit\/enefitin-iso-valomainos-auveressa\/","url":"https:\/\/www.jaadisain.ee\/fi\/suuret-projektit\/enefitin-iso-valomainos-auveressa\/","name":"Enefitin iso valomainos Auveress\u00e4 - JAA Disain O\u00dc","isPartOf":{"@id":"https:\/\/www.jaadisain.ee\/#website"},"primaryImageOfPage":{"@id":"https:\/\/www.jaadisain.ee\/fi\/suuret-projektit\/enefitin-iso-valomainos-auveressa\/#primaryimage"},"image":{"@id":"https:\/\/www.jaadisain.ee\/fi\/suuret-projektit\/enefitin-iso-valomainos-auveressa\/#primaryimage"},"thumbnailUrl":"https:\/\/www.jaadisain.ee\/wp-content\/uploads\/2016\/07\/enefit-4.jpg","datePublished":"2016-07-13T11:12:46+00:00","dateModified":"2016-11-02T13:23:11+00:00","description":"Enefitin iso valomainos Auveress\u00e4 edellytti vaativaa logistiikkaa ja osaavien vuorikiipeilij\u00f6iden apua. Katso lis\u00e4\u00e4 t\u00e4\u00e4lt\u00e4!","breadcrumb":{"@id":"https:\/\/www.jaadisain.ee\/fi\/suuret-projektit\/enefitin-iso-valomainos-auveressa\/#breadcrumb"},"inLanguage":"fi","potentialAction":[{"@type":"ReadAction","target":["https:\/\/www.jaadisain.ee\/fi\/suuret-projektit\/enefitin-iso-valomainos-auveressa\/"]}]},{"@type":"ImageObject","inLanguage":"fi","@id":"https:\/\/www.jaadisain.ee\/fi\/suuret-projektit\/enefitin-iso-valomainos-auveressa\/#primaryimage","url":"https:\/\/www.jaadisain.ee\/wp-content\/uploads\/2016\/07\/enefit-4.jpg","contentUrl":"https:\/\/www.jaadisain.ee\/wp-content\/uploads\/2016\/07\/enefit-4.jpg","width":3264,"height":1836,"caption":"Iso valomainos"},{"@type":"BreadcrumbList","@id":"https:\/\/www.jaadisain.ee\/fi\/suuret-projektit\/enefitin-iso-valomainos-auveressa\/#breadcrumb","itemListElement":[{"@type":"ListItem","position":1,"name":"Home","item":"https:\/\/www.jaadisain.ee\/fi\/"},{"@type":"ListItem","position":2,"name":"Suuret projektit","item":"https:\/\/www.jaadisain.ee\/fi\/suuret-projektit\/"},{"@type":"ListItem","position":3,"name":"Enefitin iso valomainos Auveress\u00e4"}]},{"@type":"WebSite","@id":"https:\/\/www.jaadisain.ee\/#website","url":"https:\/\/www.jaadisain.ee\/","name":"JAA Disain","description":"Valgusreklaamide tootja aastast 1993","publisher":{"@id":"https:\/\/www.jaadisain.ee\/#organization"},"potentialAction":[{"@type":"SearchAction","target":{"@type":"EntryPoint","urlTemplate":"https:\/\/www.jaadisain.ee\/?s={search_term_string}"},"query-input":{"@type":"PropertyValueSpecification","valueRequired":true,"valueName":"search_term_string"}}],"inLanguage":"fi"},{"@type":"Organization","@id":"https:\/\/www.jaadisain.ee\/#organization","name":"JAA Disain","url":"https:\/\/www.jaadisain.ee\/","logo":{"@type":"ImageObject","inLanguage":"fi","@id":"https:\/\/www.jaadisain.ee\/#\/schema\/logo\/image\/","url":"https:\/\/www.jaadisain.ee\/wp-content\/uploads\/2016\/02\/JAA-Disain-logo.jpg","contentUrl":"https:\/\/www.jaadisain.ee\/wp-content\/uploads\/2016\/02\/JAA-Disain-logo.jpg","width":443,"height":259,"caption":"JAA Disain"},"image":{"@id":"https:\/\/www.jaadisain.ee\/#\/schema\/logo\/image\/"},"sameAs":["https:\/\/www.facebook.com\/JAA-Disain-156295277734632\/timeline"]}]}},"_links":{"self":[{"href":"https:\/\/www.jaadisain.ee\/fi\/wp-json\/wp\/v2\/pages\/7885","targetHints":{"allow":["GET"]}}],"collection":[{"href":"https:\/\/www.jaadisain.ee\/fi\/wp-json\/wp\/v2\/pages"}],"about":[{"href":"https:\/\/www.jaadisain.ee\/fi\/wp-json\/wp\/v2\/types\/page"}],"author":[{"embeddable":true,"href":"https:\/\/www.jaadisain.ee\/fi\/wp-json\/wp\/v2\/users\/2"}],"replies":[{"embeddable":true,"href":"https:\/\/www.jaadisain.ee\/fi\/wp-json\/wp\/v2\/comments?post=7885"}],"version-history":[{"count":1,"href":"https:\/\/www.jaadisain.ee\/fi\/wp-json\/wp\/v2\/pages\/7885\/revisions"}],"predecessor-version":[{"id":9259,"href":"https:\/\/www.jaadisain.ee\/fi\/wp-json\/wp\/v2\/pages\/7885\/revisions\/9259"}],"up":[{"embeddable":true,"href":"https:\/\/www.jaadisain.ee\/fi\/wp-json\/wp\/v2\/pages\/7934"}],"wp:featuredmedia":[{"embeddable":true,"href":"https:\/\/www.jaadisain.ee\/fi\/wp-json\/wp\/v2\/media\/7888"}],"wp:attachment":[{"href":"https:\/\/www.jaadisain.ee\/fi\/wp-json\/wp\/v2\/media?parent=7885"}],"curies":[{"name":"wp","href":"https:\/\/api.w.org\/{rel}","templated":true}]}}