{"id":7883,"date":"2016-08-03T14:03:48","date_gmt":"2016-08-03T12:03:48","guid":{"rendered":"http:\/\/www.jaadisain.ee\/fi\/valgustatud-seinareklaam\/"},"modified":"2016-11-02T13:14:18","modified_gmt":"2016-11-02T11:14:18","slug":"valaistu-seinamainos","status":"publish","type":"page","link":"https:\/\/www.jaadisain.ee\/fi\/ulkomainokset\/valokotelot-ja-mainostornit\/valomainoskotelot\/profiileista-tehty-valomainoskotelot\/valaistu-seinamainos\/","title":{"rendered":"Valaistu sein\u00e4mainos"},"content":{"rendered":"<h2>Valaistu sein\u00e4mainos<\/h2>\n<p>Valaistu sein\u00e4mainos on valomainoskotelo, joka on valmistettu <a href=\"https:\/\/www.jaadisain.ee\/fi\/palvelut\/materiaalien-myynti\/valokotelon-profiili-leveys-170-mm\/\">erikoisalumiiniprofiilista<\/a> erityisesti t\u00e4h\u00e4n tarkoitukseen. Runko on hitsattu ja tuettu sis\u00e4lt\u00e4 alumiinituilla. Valomainoskotelon kyljet on jauhomaalattu. Etupinta on tehty erityisest\u00e4, ledivaloille tarkoitusta opaalilasista, ja koristeet on tehty valoa l\u00e4p\u00e4isev\u00e4st\u00e4 valomainosmuovista. Muovitukset on tehty piirturilla leikkaamalla ja kiinnitetty siirtomuovilla. Valomainoskotelo on kaksipuolinen, ja se on asennettu sivuittain myym\u00e4l\u00e4n sis\u00e4\u00e4nk\u00e4ynnin viereen. Valomainoskotelossa on laadukkaat ledivalot, jota on suunniteltu valaisemaan my\u00f6s kaksipuoliset mainokset kauniisti ja tasaisesti. Ledivalojen virtakytkenn\u00e4t j\u00e4\u00e4v\u00e4t piiloon kotelon sis\u00e4\u00e4n.<\/p>\n<p><strong>Mitat:<\/strong> 2000 x 400 mm<br \/>\n<strong>Sijainti:<\/strong> Kreeka Toidukaubad, Sikupillin Prisma, Tallinna<\/p>\n<p>Jaa Disain valmistaa valomainokset ja my\u00f6s muut mainostuotteet, kuten mainostaulut, mainostarrat ja digitulostukset.<\/p>\n","protected":false},"excerpt":{"rendered":"<p>Valaistu sein\u00e4mainos Valaistu sein\u00e4mainos on valomainoskotelo, joka on valmistettu erikoisalumiiniprofiilista erityisesti t\u00e4h\u00e4n tarkoitukseen. Runko on hitsattu ja tuettu sis\u00e4lt\u00e4 alumiinituilla. Valomainoskotelon kyljet on jauhomaalattu. Etupinta on tehty erityisest\u00e4, ledivaloille tarkoitusta opaalilasista, ja koristeet on tehty valoa l\u00e4p\u00e4isev\u00e4st\u00e4 valomainosmuovista. Muovitukset on tehty piirturilla leikkaamalla ja kiinnitetty siirtomuovilla. Valomainoskotelo on kaksipuolinen, ja se on asennettu sivuittain myym\u00e4l\u00e4n [&hellip;]<\/p>\n","protected":false},"author":2,"featured_media":0,"parent":9095,"menu_order":20,"comment_status":"closed","ping_status":"closed","template":"","meta":{"_acf_changed":false,"footnotes":""},"class_list":["post-7883","page","type-page","status-publish","hentry"],"acf":[],"yoast_head":"<!-- This site is optimized with the Yoast SEO plugin v27.3 - https:\/\/yoast.com\/product\/yoast-seo-wordpress\/ -->\n<title>Valaistu sein\u00e4mainos on toteutettu valokotelona - JAA Disain<\/title>\n<meta name=\"description\" content=\"Valaistu sein\u00e4mainos on valomainoskotelo, joka on valmistettu erikoisalumiiniprofiilista erityisesti t\u00e4h\u00e4n tarkoitukseen.\" \/>\n<meta name=\"robots\" content=\"index, follow, max-snippet:-1, max-image-preview:large, max-video-preview:-1\" \/>\n<link rel=\"canonical\" href=\"https:\/\/www.jaadisain.ee\/fi\/ulkomainokset\/valokotelot-ja-mainostornit\/valomainoskotelot\/profiileista-tehty-valomainoskotelot\/valaistu-seinamainos\/\" \/>\n<meta property=\"og:locale\" content=\"fi_FI\" \/>\n<meta property=\"og:type\" content=\"article\" \/>\n<meta property=\"og:title\" content=\"Valaistu sein\u00e4mainos on toteutettu valokotelona - JAA Disain\" \/>\n<meta property=\"og:description\" content=\"Valaistu sein\u00e4mainos on valomainoskotelo, joka on valmistettu erikoisalumiiniprofiilista erityisesti t\u00e4h\u00e4n tarkoitukseen.\" \/>\n<meta property=\"og:url\" content=\"https:\/\/www.jaadisain.ee\/fi\/ulkomainokset\/valokotelot-ja-mainostornit\/valomainoskotelot\/profiileista-tehty-valomainoskotelot\/valaistu-seinamainos\/\" \/>\n<meta property=\"og:site_name\" content=\"JAA Disain\" \/>\n<meta property=\"article:publisher\" content=\"https:\/\/www.facebook.com\/JAA-Disain-156295277734632\/timeline\" \/>\n<meta property=\"article:modified_time\" content=\"2016-11-02T11:14:18+00:00\" \/>\n<meta property=\"og:image\" content=\"https:\/\/www.jaadisain.ee\/wp-content\/uploads\/2016\/02\/JAA-Disain-logo.jpg\" \/>\n\t<meta property=\"og:image:width\" content=\"443\" \/>\n\t<meta property=\"og:image:height\" content=\"259\" \/>\n\t<meta property=\"og:image:type\" content=\"image\/jpeg\" \/>\n<meta name=\"twitter:card\" content=\"summary_large_image\" \/>\n<meta name=\"twitter:label1\" content=\"Arvioitu lukuaika\" \/>\n\t<meta name=\"twitter:data1\" content=\"1 minuutti\" \/>\n<script type=\"application\/ld+json\" class=\"yoast-schema-graph\">{\"@context\":\"https:\\\/\\\/schema.org\",\"@graph\":[{\"@type\":\"WebPage\",\"@id\":\"https:\\\/\\\/www.jaadisain.ee\\\/fi\\\/ulkomainokset\\\/valokotelot-ja-mainostornit\\\/valomainoskotelot\\\/profiileista-tehty-valomainoskotelot\\\/valaistu-seinamainos\\\/\",\"url\":\"https:\\\/\\\/www.jaadisain.ee\\\/fi\\\/ulkomainokset\\\/valokotelot-ja-mainostornit\\\/valomainoskotelot\\\/profiileista-tehty-valomainoskotelot\\\/valaistu-seinamainos\\\/\",\"name\":\"Valaistu sein\u00e4mainos on toteutettu valokotelona - JAA Disain\",\"isPartOf\":{\"@id\":\"https:\\\/\\\/www.jaadisain.ee\\\/#website\"},\"datePublished\":\"2016-08-03T12:03:48+00:00\",\"dateModified\":\"2016-11-02T11:14:18+00:00\",\"description\":\"Valaistu sein\u00e4mainos on valomainoskotelo, joka on valmistettu erikoisalumiiniprofiilista erityisesti t\u00e4h\u00e4n tarkoitukseen.\",\"breadcrumb\":{\"@id\":\"https:\\\/\\\/www.jaadisain.ee\\\/fi\\\/ulkomainokset\\\/valokotelot-ja-mainostornit\\\/valomainoskotelot\\\/profiileista-tehty-valomainoskotelot\\\/valaistu-seinamainos\\\/#breadcrumb\"},\"inLanguage\":\"fi\",\"potentialAction\":[{\"@type\":\"ReadAction\",\"target\":[\"https:\\\/\\\/www.jaadisain.ee\\\/fi\\\/ulkomainokset\\\/valokotelot-ja-mainostornit\\\/valomainoskotelot\\\/profiileista-tehty-valomainoskotelot\\\/valaistu-seinamainos\\\/\"]}]},{\"@type\":\"BreadcrumbList\",\"@id\":\"https:\\\/\\\/www.jaadisain.ee\\\/fi\\\/ulkomainokset\\\/valokotelot-ja-mainostornit\\\/valomainoskotelot\\\/profiileista-tehty-valomainoskotelot\\\/valaistu-seinamainos\\\/#breadcrumb\",\"itemListElement\":[{\"@type\":\"ListItem\",\"position\":1,\"name\":\"Home\",\"item\":\"https:\\\/\\\/www.jaadisain.ee\\\/fi\\\/\"},{\"@type\":\"ListItem\",\"position\":2,\"name\":\"Tuotteet\",\"item\":\"https:\\\/\\\/www.jaadisain.ee\\\/fi\\\/ulkomainokset\\\/\"},{\"@type\":\"ListItem\",\"position\":3,\"name\":\"Valokotelot ja mainostornit\",\"item\":\"https:\\\/\\\/www.jaadisain.ee\\\/fi\\\/ulkomainokset\\\/valokotelot-ja-mainostornit\\\/\"},{\"@type\":\"ListItem\",\"position\":4,\"name\":\"Valomainoskotelot\",\"item\":\"https:\\\/\\\/www.jaadisain.ee\\\/fi\\\/ulkomainokset\\\/valokotelot-ja-mainostornit\\\/valomainoskotelot\\\/\"},{\"@type\":\"ListItem\",\"position\":5,\"name\":\"Profiileista tehty valomainoskotelot\",\"item\":\"https:\\\/\\\/www.jaadisain.ee\\\/fi\\\/ulkomainokset\\\/valokotelot-ja-mainostornit\\\/valomainoskotelot\\\/profiileista-tehty-valomainoskotelot\\\/\"},{\"@type\":\"ListItem\",\"position\":6,\"name\":\"Valaistu sein\u00e4mainos\"}]},{\"@type\":\"WebSite\",\"@id\":\"https:\\\/\\\/www.jaadisain.ee\\\/#website\",\"url\":\"https:\\\/\\\/www.jaadisain.ee\\\/\",\"name\":\"JAA Disain\",\"description\":\"Valgusreklaamide tootja aastast 1993\",\"publisher\":{\"@id\":\"https:\\\/\\\/www.jaadisain.ee\\\/#organization\"},\"potentialAction\":[{\"@type\":\"SearchAction\",\"target\":{\"@type\":\"EntryPoint\",\"urlTemplate\":\"https:\\\/\\\/www.jaadisain.ee\\\/?s={search_term_string}\"},\"query-input\":{\"@type\":\"PropertyValueSpecification\",\"valueRequired\":true,\"valueName\":\"search_term_string\"}}],\"inLanguage\":\"fi\"},{\"@type\":\"Organization\",\"@id\":\"https:\\\/\\\/www.jaadisain.ee\\\/#organization\",\"name\":\"JAA Disain\",\"url\":\"https:\\\/\\\/www.jaadisain.ee\\\/\",\"logo\":{\"@type\":\"ImageObject\",\"inLanguage\":\"fi\",\"@id\":\"https:\\\/\\\/www.jaadisain.ee\\\/#\\\/schema\\\/logo\\\/image\\\/\",\"url\":\"https:\\\/\\\/www.jaadisain.ee\\\/wp-content\\\/uploads\\\/2016\\\/02\\\/JAA-Disain-logo.jpg\",\"contentUrl\":\"https:\\\/\\\/www.jaadisain.ee\\\/wp-content\\\/uploads\\\/2016\\\/02\\\/JAA-Disain-logo.jpg\",\"width\":443,\"height\":259,\"caption\":\"JAA Disain\"},\"image\":{\"@id\":\"https:\\\/\\\/www.jaadisain.ee\\\/#\\\/schema\\\/logo\\\/image\\\/\"},\"sameAs\":[\"https:\\\/\\\/www.facebook.com\\\/JAA-Disain-156295277734632\\\/timeline\"]}]}<\/script>\n<!-- \/ Yoast SEO plugin. -->","yoast_head_json":{"title":"Valaistu sein\u00e4mainos on toteutettu valokotelona - JAA Disain","description":"Valaistu sein\u00e4mainos on valomainoskotelo, joka on valmistettu erikoisalumiiniprofiilista erityisesti t\u00e4h\u00e4n tarkoitukseen.","robots":{"index":"index","follow":"follow","max-snippet":"max-snippet:-1","max-image-preview":"max-image-preview:large","max-video-preview":"max-video-preview:-1"},"canonical":"https:\/\/www.jaadisain.ee\/fi\/ulkomainokset\/valokotelot-ja-mainostornit\/valomainoskotelot\/profiileista-tehty-valomainoskotelot\/valaistu-seinamainos\/","og_locale":"fi_FI","og_type":"article","og_title":"Valaistu sein\u00e4mainos on toteutettu valokotelona - JAA Disain","og_description":"Valaistu sein\u00e4mainos on valomainoskotelo, joka on valmistettu erikoisalumiiniprofiilista erityisesti t\u00e4h\u00e4n tarkoitukseen.","og_url":"https:\/\/www.jaadisain.ee\/fi\/ulkomainokset\/valokotelot-ja-mainostornit\/valomainoskotelot\/profiileista-tehty-valomainoskotelot\/valaistu-seinamainos\/","og_site_name":"JAA Disain","article_publisher":"https:\/\/www.facebook.com\/JAA-Disain-156295277734632\/timeline","article_modified_time":"2016-11-02T11:14:18+00:00","og_image":[{"width":443,"height":259,"url":"https:\/\/www.jaadisain.ee\/wp-content\/uploads\/2016\/02\/JAA-Disain-logo.jpg","type":"image\/jpeg"}],"twitter_card":"summary_large_image","twitter_misc":{"Arvioitu lukuaika":"1 minuutti"},"schema":{"@context":"https:\/\/schema.org","@graph":[{"@type":"WebPage","@id":"https:\/\/www.jaadisain.ee\/fi\/ulkomainokset\/valokotelot-ja-mainostornit\/valomainoskotelot\/profiileista-tehty-valomainoskotelot\/valaistu-seinamainos\/","url":"https:\/\/www.jaadisain.ee\/fi\/ulkomainokset\/valokotelot-ja-mainostornit\/valomainoskotelot\/profiileista-tehty-valomainoskotelot\/valaistu-seinamainos\/","name":"Valaistu sein\u00e4mainos on toteutettu valokotelona - JAA Disain","isPartOf":{"@id":"https:\/\/www.jaadisain.ee\/#website"},"datePublished":"2016-08-03T12:03:48+00:00","dateModified":"2016-11-02T11:14:18+00:00","description":"Valaistu sein\u00e4mainos on valomainoskotelo, joka on valmistettu erikoisalumiiniprofiilista erityisesti t\u00e4h\u00e4n tarkoitukseen.","breadcrumb":{"@id":"https:\/\/www.jaadisain.ee\/fi\/ulkomainokset\/valokotelot-ja-mainostornit\/valomainoskotelot\/profiileista-tehty-valomainoskotelot\/valaistu-seinamainos\/#breadcrumb"},"inLanguage":"fi","potentialAction":[{"@type":"ReadAction","target":["https:\/\/www.jaadisain.ee\/fi\/ulkomainokset\/valokotelot-ja-mainostornit\/valomainoskotelot\/profiileista-tehty-valomainoskotelot\/valaistu-seinamainos\/"]}]},{"@type":"BreadcrumbList","@id":"https:\/\/www.jaadisain.ee\/fi\/ulkomainokset\/valokotelot-ja-mainostornit\/valomainoskotelot\/profiileista-tehty-valomainoskotelot\/valaistu-seinamainos\/#breadcrumb","itemListElement":[{"@type":"ListItem","position":1,"name":"Home","item":"https:\/\/www.jaadisain.ee\/fi\/"},{"@type":"ListItem","position":2,"name":"Tuotteet","item":"https:\/\/www.jaadisain.ee\/fi\/ulkomainokset\/"},{"@type":"ListItem","position":3,"name":"Valokotelot ja mainostornit","item":"https:\/\/www.jaadisain.ee\/fi\/ulkomainokset\/valokotelot-ja-mainostornit\/"},{"@type":"ListItem","position":4,"name":"Valomainoskotelot","item":"https:\/\/www.jaadisain.ee\/fi\/ulkomainokset\/valokotelot-ja-mainostornit\/valomainoskotelot\/"},{"@type":"ListItem","position":5,"name":"Profiileista tehty valomainoskotelot","item":"https:\/\/www.jaadisain.ee\/fi\/ulkomainokset\/valokotelot-ja-mainostornit\/valomainoskotelot\/profiileista-tehty-valomainoskotelot\/"},{"@type":"ListItem","position":6,"name":"Valaistu sein\u00e4mainos"}]},{"@type":"WebSite","@id":"https:\/\/www.jaadisain.ee\/#website","url":"https:\/\/www.jaadisain.ee\/","name":"JAA Disain","description":"Valgusreklaamide tootja aastast 1993","publisher":{"@id":"https:\/\/www.jaadisain.ee\/#organization"},"potentialAction":[{"@type":"SearchAction","target":{"@type":"EntryPoint","urlTemplate":"https:\/\/www.jaadisain.ee\/?s={search_term_string}"},"query-input":{"@type":"PropertyValueSpecification","valueRequired":true,"valueName":"search_term_string"}}],"inLanguage":"fi"},{"@type":"Organization","@id":"https:\/\/www.jaadisain.ee\/#organization","name":"JAA Disain","url":"https:\/\/www.jaadisain.ee\/","logo":{"@type":"ImageObject","inLanguage":"fi","@id":"https:\/\/www.jaadisain.ee\/#\/schema\/logo\/image\/","url":"https:\/\/www.jaadisain.ee\/wp-content\/uploads\/2016\/02\/JAA-Disain-logo.jpg","contentUrl":"https:\/\/www.jaadisain.ee\/wp-content\/uploads\/2016\/02\/JAA-Disain-logo.jpg","width":443,"height":259,"caption":"JAA Disain"},"image":{"@id":"https:\/\/www.jaadisain.ee\/#\/schema\/logo\/image\/"},"sameAs":["https:\/\/www.facebook.com\/JAA-Disain-156295277734632\/timeline"]}]}},"_links":{"self":[{"href":"https:\/\/www.jaadisain.ee\/fi\/wp-json\/wp\/v2\/pages\/7883","targetHints":{"allow":["GET"]}}],"collection":[{"href":"https:\/\/www.jaadisain.ee\/fi\/wp-json\/wp\/v2\/pages"}],"about":[{"href":"https:\/\/www.jaadisain.ee\/fi\/wp-json\/wp\/v2\/types\/page"}],"author":[{"embeddable":true,"href":"https:\/\/www.jaadisain.ee\/fi\/wp-json\/wp\/v2\/users\/2"}],"replies":[{"embeddable":true,"href":"https:\/\/www.jaadisain.ee\/fi\/wp-json\/wp\/v2\/comments?post=7883"}],"version-history":[{"count":1,"href":"https:\/\/www.jaadisain.ee\/fi\/wp-json\/wp\/v2\/pages\/7883\/revisions"}],"predecessor-version":[{"id":9589,"href":"https:\/\/www.jaadisain.ee\/fi\/wp-json\/wp\/v2\/pages\/7883\/revisions\/9589"}],"up":[{"embeddable":true,"href":"https:\/\/www.jaadisain.ee\/fi\/wp-json\/wp\/v2\/pages\/9095"}],"wp:attachment":[{"href":"https:\/\/www.jaadisain.ee\/fi\/wp-json\/wp\/v2\/media?parent=7883"}],"curies":[{"name":"wp","href":"https:\/\/api.w.org\/{rel}","templated":true}]}}