{"id":7881,"date":"2016-09-02T11:21:26","date_gmt":"2016-09-02T09:21:26","guid":{"rendered":"http:\/\/www.jaadisain.ee\/fi\/valgusriba-ja-valgustahed\/"},"modified":"2016-11-02T12:55:20","modified_gmt":"2016-11-02T10:55:20","slug":"led-valoviiva","status":"publish","type":"page","link":"https:\/\/www.jaadisain.ee\/fi\/ulkomainokset\/irtokirjainvalomainokset\/eteenpain-valaisevat-irtokirjainvalomainokset\/led-valoviiva\/","title":{"rendered":"LED-valoviiva"},"content":{"rendered":"<h2>LED-valoviiva<\/h2>\n<p>LED-valoviivaja<a href=\"https:\/\/www.jaadisain.ee\/fi\/ulkomainokset\/irtokirjainvalomainokset\/eteenpain-valaisevat-irtokirjainvalomainokset\/\"> eteenp\u00e4in valaisevat irtokirjainvalomainokset<\/a> valmistetaan samalla menetelm\u00e4ll\u00e4. Molemmissa tuotteissa on jauhemaalatut alumiinirungot. Etupinta on tehty erityisest\u00e4, ledivaloille tarkoitusta opaalilasista, joka on p\u00e4\u00e4llystetty valomainosmuovilla.<\/p>\n<p>Tuotteissa on laadukkaat ledivalot. LED-valoviiva koostuu useammasta erillisest\u00e4 osasta ja on asennettu autopesularakennuksen julkisivun yl\u00e4reunaan. Valaistut reunat asennettiin vain n\u00e4kyvimpiin kohtiin, jotta autoilijat ja jalankulkijat huomaavat ne helposti. Eteenp\u00e4in valaisevat irtokirjainvalomainokset on asennettu katolle erityisill\u00e4 alumiinisilla tukirakenteilla ja sijoiteltu siten, ett\u00e4 ne n\u00e4kyv\u00e4t mahdollisimman hyvin.<\/p>\n<p><strong>Eteenp\u00e4in valaisevien irtokirjainvalomainosten mitat:<\/strong> 4000 x 1220 mm<br \/>\n<strong>Sijainti:<\/strong> Jazz-autopesulat Paldiski mnt. 98a ja L\u00e4\u00e4nemere tee 2b Tallinnassa<\/p>\n<p>Jaa Disain valmistaa valomainokset ja my\u00f6s muut mainostuotteet, kuten mainostaulut, mainostarrat ja digitulostukset.<\/p>\n","protected":false},"excerpt":{"rendered":"<p>LED-valoviiva LED-valoviivaja eteenp\u00e4in valaisevat irtokirjainvalomainokset valmistetaan samalla menetelm\u00e4ll\u00e4. Molemmissa tuotteissa on jauhemaalatut alumiinirungot. Etupinta on tehty erityisest\u00e4, ledivaloille tarkoitusta opaalilasista, joka on p\u00e4\u00e4llystetty valomainosmuovilla. Tuotteissa on laadukkaat ledivalot. LED-valoviiva koostuu useammasta erillisest\u00e4 osasta ja on asennettu autopesularakennuksen julkisivun yl\u00e4reunaan. Valaistut reunat asennettiin vain n\u00e4kyvimpiin kohtiin, jotta autoilijat ja jalankulkijat huomaavat ne helposti. Eteenp\u00e4in valaisevat irtokirjainvalomainokset [&hellip;]<\/p>\n","protected":false},"author":2,"featured_media":7882,"parent":9114,"menu_order":0,"comment_status":"closed","ping_status":"closed","template":"","meta":{"_acf_changed":false,"footnotes":""},"class_list":["post-7881","page","type-page","status-publish","has-post-thumbnail","hentry"],"acf":[],"yoast_head":"<!-- This site is optimized with the Yoast SEO plugin v27.3 - https:\/\/yoast.com\/product\/yoast-seo-wordpress\/ -->\n<title>Led-valoviiva ja irtokirjaimet on valaistu led-moduuleilla<\/title>\n<meta name=\"description\" content=\"Led-valoviiva ja mainosvalokirjaimet on tehty alumiinista. Lasiset etupinnat on valaistu sis\u00e4lt\u00e4 laadukkailla LED-moduuleilla.\" \/>\n<meta name=\"robots\" content=\"index, follow, max-snippet:-1, max-image-preview:large, max-video-preview:-1\" \/>\n<link rel=\"canonical\" href=\"https:\/\/www.jaadisain.ee\/fi\/ulkomainokset\/irtokirjainvalomainokset\/eteenpain-valaisevat-irtokirjainvalomainokset\/led-valoviiva\/\" \/>\n<meta property=\"og:locale\" content=\"fi_FI\" \/>\n<meta property=\"og:type\" content=\"article\" \/>\n<meta property=\"og:title\" content=\"Led-valoviiva ja irtokirjaimet on valaistu led-moduuleilla\" \/>\n<meta property=\"og:description\" content=\"Led-valoviiva ja mainosvalokirjaimet on tehty alumiinista. Lasiset etupinnat on valaistu sis\u00e4lt\u00e4 laadukkailla LED-moduuleilla.\" \/>\n<meta property=\"og:url\" content=\"https:\/\/www.jaadisain.ee\/fi\/ulkomainokset\/irtokirjainvalomainokset\/eteenpain-valaisevat-irtokirjainvalomainokset\/led-valoviiva\/\" \/>\n<meta property=\"og:site_name\" content=\"JAA Disain\" \/>\n<meta property=\"article:publisher\" content=\"https:\/\/www.facebook.com\/JAA-Disain-156295277734632\/timeline\" \/>\n<meta property=\"article:modified_time\" content=\"2016-11-02T10:55:20+00:00\" \/>\n<meta property=\"og:image\" content=\"https:\/\/www.jaadisain.ee\/wp-content\/uploads\/2016\/09\/valgusriba.jpg\" \/>\n\t<meta property=\"og:image:width\" content=\"2657\" \/>\n\t<meta property=\"og:image:height\" content=\"1772\" \/>\n\t<meta property=\"og:image:type\" content=\"image\/jpeg\" \/>\n<meta name=\"twitter:card\" content=\"summary_large_image\" \/>\n<meta name=\"twitter:label1\" content=\"Arvioitu lukuaika\" \/>\n\t<meta name=\"twitter:data1\" content=\"1 minuutti\" \/>\n<script type=\"application\/ld+json\" class=\"yoast-schema-graph\">{\"@context\":\"https:\\\/\\\/schema.org\",\"@graph\":[{\"@type\":\"WebPage\",\"@id\":\"https:\\\/\\\/www.jaadisain.ee\\\/fi\\\/ulkomainokset\\\/irtokirjainvalomainokset\\\/eteenpain-valaisevat-irtokirjainvalomainokset\\\/led-valoviiva\\\/\",\"url\":\"https:\\\/\\\/www.jaadisain.ee\\\/fi\\\/ulkomainokset\\\/irtokirjainvalomainokset\\\/eteenpain-valaisevat-irtokirjainvalomainokset\\\/led-valoviiva\\\/\",\"name\":\"Led-valoviiva ja irtokirjaimet on valaistu led-moduuleilla\",\"isPartOf\":{\"@id\":\"https:\\\/\\\/www.jaadisain.ee\\\/#website\"},\"primaryImageOfPage\":{\"@id\":\"https:\\\/\\\/www.jaadisain.ee\\\/fi\\\/ulkomainokset\\\/irtokirjainvalomainokset\\\/eteenpain-valaisevat-irtokirjainvalomainokset\\\/led-valoviiva\\\/#primaryimage\"},\"image\":{\"@id\":\"https:\\\/\\\/www.jaadisain.ee\\\/fi\\\/ulkomainokset\\\/irtokirjainvalomainokset\\\/eteenpain-valaisevat-irtokirjainvalomainokset\\\/led-valoviiva\\\/#primaryimage\"},\"thumbnailUrl\":\"https:\\\/\\\/www.jaadisain.ee\\\/wp-content\\\/uploads\\\/2016\\\/09\\\/valgusriba.jpg\",\"datePublished\":\"2016-09-02T09:21:26+00:00\",\"dateModified\":\"2016-11-02T10:55:20+00:00\",\"description\":\"Led-valoviiva ja mainosvalokirjaimet on tehty alumiinista. Lasiset etupinnat on valaistu sis\u00e4lt\u00e4 laadukkailla LED-moduuleilla.\",\"breadcrumb\":{\"@id\":\"https:\\\/\\\/www.jaadisain.ee\\\/fi\\\/ulkomainokset\\\/irtokirjainvalomainokset\\\/eteenpain-valaisevat-irtokirjainvalomainokset\\\/led-valoviiva\\\/#breadcrumb\"},\"inLanguage\":\"fi\",\"potentialAction\":[{\"@type\":\"ReadAction\",\"target\":[\"https:\\\/\\\/www.jaadisain.ee\\\/fi\\\/ulkomainokset\\\/irtokirjainvalomainokset\\\/eteenpain-valaisevat-irtokirjainvalomainokset\\\/led-valoviiva\\\/\"]}]},{\"@type\":\"ImageObject\",\"inLanguage\":\"fi\",\"@id\":\"https:\\\/\\\/www.jaadisain.ee\\\/fi\\\/ulkomainokset\\\/irtokirjainvalomainokset\\\/eteenpain-valaisevat-irtokirjainvalomainokset\\\/led-valoviiva\\\/#primaryimage\",\"url\":\"https:\\\/\\\/www.jaadisain.ee\\\/wp-content\\\/uploads\\\/2016\\\/09\\\/valgusriba.jpg\",\"contentUrl\":\"https:\\\/\\\/www.jaadisain.ee\\\/wp-content\\\/uploads\\\/2016\\\/09\\\/valgusriba.jpg\",\"width\":2657,\"height\":1772,\"caption\":\"LED-valoviiva\"},{\"@type\":\"BreadcrumbList\",\"@id\":\"https:\\\/\\\/www.jaadisain.ee\\\/fi\\\/ulkomainokset\\\/irtokirjainvalomainokset\\\/eteenpain-valaisevat-irtokirjainvalomainokset\\\/led-valoviiva\\\/#breadcrumb\",\"itemListElement\":[{\"@type\":\"ListItem\",\"position\":1,\"name\":\"Home\",\"item\":\"https:\\\/\\\/www.jaadisain.ee\\\/fi\\\/\"},{\"@type\":\"ListItem\",\"position\":2,\"name\":\"Tuotteet\",\"item\":\"https:\\\/\\\/www.jaadisain.ee\\\/fi\\\/ulkomainokset\\\/\"},{\"@type\":\"ListItem\",\"position\":3,\"name\":\"Irtokirjainvalomainokset\",\"item\":\"https:\\\/\\\/www.jaadisain.ee\\\/fi\\\/ulkomainokset\\\/irtokirjainvalomainokset\\\/\"},{\"@type\":\"ListItem\",\"position\":4,\"name\":\"Eteenp\u00e4in valaisevat irtokirjainvalomainokset\",\"item\":\"https:\\\/\\\/www.jaadisain.ee\\\/fi\\\/ulkomainokset\\\/irtokirjainvalomainokset\\\/eteenpain-valaisevat-irtokirjainvalomainokset\\\/\"},{\"@type\":\"ListItem\",\"position\":5,\"name\":\"LED-valoviiva\"}]},{\"@type\":\"WebSite\",\"@id\":\"https:\\\/\\\/www.jaadisain.ee\\\/#website\",\"url\":\"https:\\\/\\\/www.jaadisain.ee\\\/\",\"name\":\"JAA Disain\",\"description\":\"Valgusreklaamide tootja aastast 1993\",\"publisher\":{\"@id\":\"https:\\\/\\\/www.jaadisain.ee\\\/#organization\"},\"potentialAction\":[{\"@type\":\"SearchAction\",\"target\":{\"@type\":\"EntryPoint\",\"urlTemplate\":\"https:\\\/\\\/www.jaadisain.ee\\\/?s={search_term_string}\"},\"query-input\":{\"@type\":\"PropertyValueSpecification\",\"valueRequired\":true,\"valueName\":\"search_term_string\"}}],\"inLanguage\":\"fi\"},{\"@type\":\"Organization\",\"@id\":\"https:\\\/\\\/www.jaadisain.ee\\\/#organization\",\"name\":\"JAA Disain\",\"url\":\"https:\\\/\\\/www.jaadisain.ee\\\/\",\"logo\":{\"@type\":\"ImageObject\",\"inLanguage\":\"fi\",\"@id\":\"https:\\\/\\\/www.jaadisain.ee\\\/#\\\/schema\\\/logo\\\/image\\\/\",\"url\":\"https:\\\/\\\/www.jaadisain.ee\\\/wp-content\\\/uploads\\\/2016\\\/02\\\/JAA-Disain-logo.jpg\",\"contentUrl\":\"https:\\\/\\\/www.jaadisain.ee\\\/wp-content\\\/uploads\\\/2016\\\/02\\\/JAA-Disain-logo.jpg\",\"width\":443,\"height\":259,\"caption\":\"JAA Disain\"},\"image\":{\"@id\":\"https:\\\/\\\/www.jaadisain.ee\\\/#\\\/schema\\\/logo\\\/image\\\/\"},\"sameAs\":[\"https:\\\/\\\/www.facebook.com\\\/JAA-Disain-156295277734632\\\/timeline\"]}]}<\/script>\n<!-- \/ Yoast SEO plugin. -->","yoast_head_json":{"title":"Led-valoviiva ja irtokirjaimet on valaistu led-moduuleilla","description":"Led-valoviiva ja mainosvalokirjaimet on tehty alumiinista. Lasiset etupinnat on valaistu sis\u00e4lt\u00e4 laadukkailla LED-moduuleilla.","robots":{"index":"index","follow":"follow","max-snippet":"max-snippet:-1","max-image-preview":"max-image-preview:large","max-video-preview":"max-video-preview:-1"},"canonical":"https:\/\/www.jaadisain.ee\/fi\/ulkomainokset\/irtokirjainvalomainokset\/eteenpain-valaisevat-irtokirjainvalomainokset\/led-valoviiva\/","og_locale":"fi_FI","og_type":"article","og_title":"Led-valoviiva ja irtokirjaimet on valaistu led-moduuleilla","og_description":"Led-valoviiva ja mainosvalokirjaimet on tehty alumiinista. Lasiset etupinnat on valaistu sis\u00e4lt\u00e4 laadukkailla LED-moduuleilla.","og_url":"https:\/\/www.jaadisain.ee\/fi\/ulkomainokset\/irtokirjainvalomainokset\/eteenpain-valaisevat-irtokirjainvalomainokset\/led-valoviiva\/","og_site_name":"JAA Disain","article_publisher":"https:\/\/www.facebook.com\/JAA-Disain-156295277734632\/timeline","article_modified_time":"2016-11-02T10:55:20+00:00","og_image":[{"width":2657,"height":1772,"url":"https:\/\/www.jaadisain.ee\/wp-content\/uploads\/2016\/09\/valgusriba.jpg","type":"image\/jpeg"}],"twitter_card":"summary_large_image","twitter_misc":{"Arvioitu lukuaika":"1 minuutti"},"schema":{"@context":"https:\/\/schema.org","@graph":[{"@type":"WebPage","@id":"https:\/\/www.jaadisain.ee\/fi\/ulkomainokset\/irtokirjainvalomainokset\/eteenpain-valaisevat-irtokirjainvalomainokset\/led-valoviiva\/","url":"https:\/\/www.jaadisain.ee\/fi\/ulkomainokset\/irtokirjainvalomainokset\/eteenpain-valaisevat-irtokirjainvalomainokset\/led-valoviiva\/","name":"Led-valoviiva ja irtokirjaimet on valaistu led-moduuleilla","isPartOf":{"@id":"https:\/\/www.jaadisain.ee\/#website"},"primaryImageOfPage":{"@id":"https:\/\/www.jaadisain.ee\/fi\/ulkomainokset\/irtokirjainvalomainokset\/eteenpain-valaisevat-irtokirjainvalomainokset\/led-valoviiva\/#primaryimage"},"image":{"@id":"https:\/\/www.jaadisain.ee\/fi\/ulkomainokset\/irtokirjainvalomainokset\/eteenpain-valaisevat-irtokirjainvalomainokset\/led-valoviiva\/#primaryimage"},"thumbnailUrl":"https:\/\/www.jaadisain.ee\/wp-content\/uploads\/2016\/09\/valgusriba.jpg","datePublished":"2016-09-02T09:21:26+00:00","dateModified":"2016-11-02T10:55:20+00:00","description":"Led-valoviiva ja mainosvalokirjaimet on tehty alumiinista. Lasiset etupinnat on valaistu sis\u00e4lt\u00e4 laadukkailla LED-moduuleilla.","breadcrumb":{"@id":"https:\/\/www.jaadisain.ee\/fi\/ulkomainokset\/irtokirjainvalomainokset\/eteenpain-valaisevat-irtokirjainvalomainokset\/led-valoviiva\/#breadcrumb"},"inLanguage":"fi","potentialAction":[{"@type":"ReadAction","target":["https:\/\/www.jaadisain.ee\/fi\/ulkomainokset\/irtokirjainvalomainokset\/eteenpain-valaisevat-irtokirjainvalomainokset\/led-valoviiva\/"]}]},{"@type":"ImageObject","inLanguage":"fi","@id":"https:\/\/www.jaadisain.ee\/fi\/ulkomainokset\/irtokirjainvalomainokset\/eteenpain-valaisevat-irtokirjainvalomainokset\/led-valoviiva\/#primaryimage","url":"https:\/\/www.jaadisain.ee\/wp-content\/uploads\/2016\/09\/valgusriba.jpg","contentUrl":"https:\/\/www.jaadisain.ee\/wp-content\/uploads\/2016\/09\/valgusriba.jpg","width":2657,"height":1772,"caption":"LED-valoviiva"},{"@type":"BreadcrumbList","@id":"https:\/\/www.jaadisain.ee\/fi\/ulkomainokset\/irtokirjainvalomainokset\/eteenpain-valaisevat-irtokirjainvalomainokset\/led-valoviiva\/#breadcrumb","itemListElement":[{"@type":"ListItem","position":1,"name":"Home","item":"https:\/\/www.jaadisain.ee\/fi\/"},{"@type":"ListItem","position":2,"name":"Tuotteet","item":"https:\/\/www.jaadisain.ee\/fi\/ulkomainokset\/"},{"@type":"ListItem","position":3,"name":"Irtokirjainvalomainokset","item":"https:\/\/www.jaadisain.ee\/fi\/ulkomainokset\/irtokirjainvalomainokset\/"},{"@type":"ListItem","position":4,"name":"Eteenp\u00e4in valaisevat irtokirjainvalomainokset","item":"https:\/\/www.jaadisain.ee\/fi\/ulkomainokset\/irtokirjainvalomainokset\/eteenpain-valaisevat-irtokirjainvalomainokset\/"},{"@type":"ListItem","position":5,"name":"LED-valoviiva"}]},{"@type":"WebSite","@id":"https:\/\/www.jaadisain.ee\/#website","url":"https:\/\/www.jaadisain.ee\/","name":"JAA Disain","description":"Valgusreklaamide tootja aastast 1993","publisher":{"@id":"https:\/\/www.jaadisain.ee\/#organization"},"potentialAction":[{"@type":"SearchAction","target":{"@type":"EntryPoint","urlTemplate":"https:\/\/www.jaadisain.ee\/?s={search_term_string}"},"query-input":{"@type":"PropertyValueSpecification","valueRequired":true,"valueName":"search_term_string"}}],"inLanguage":"fi"},{"@type":"Organization","@id":"https:\/\/www.jaadisain.ee\/#organization","name":"JAA Disain","url":"https:\/\/www.jaadisain.ee\/","logo":{"@type":"ImageObject","inLanguage":"fi","@id":"https:\/\/www.jaadisain.ee\/#\/schema\/logo\/image\/","url":"https:\/\/www.jaadisain.ee\/wp-content\/uploads\/2016\/02\/JAA-Disain-logo.jpg","contentUrl":"https:\/\/www.jaadisain.ee\/wp-content\/uploads\/2016\/02\/JAA-Disain-logo.jpg","width":443,"height":259,"caption":"JAA Disain"},"image":{"@id":"https:\/\/www.jaadisain.ee\/#\/schema\/logo\/image\/"},"sameAs":["https:\/\/www.facebook.com\/JAA-Disain-156295277734632\/timeline"]}]}},"_links":{"self":[{"href":"https:\/\/www.jaadisain.ee\/fi\/wp-json\/wp\/v2\/pages\/7881","targetHints":{"allow":["GET"]}}],"collection":[{"href":"https:\/\/www.jaadisain.ee\/fi\/wp-json\/wp\/v2\/pages"}],"about":[{"href":"https:\/\/www.jaadisain.ee\/fi\/wp-json\/wp\/v2\/types\/page"}],"author":[{"embeddable":true,"href":"https:\/\/www.jaadisain.ee\/fi\/wp-json\/wp\/v2\/users\/2"}],"replies":[{"embeddable":true,"href":"https:\/\/www.jaadisain.ee\/fi\/wp-json\/wp\/v2\/comments?post=7881"}],"version-history":[{"count":1,"href":"https:\/\/www.jaadisain.ee\/fi\/wp-json\/wp\/v2\/pages\/7881\/revisions"}],"predecessor-version":[{"id":9346,"href":"https:\/\/www.jaadisain.ee\/fi\/wp-json\/wp\/v2\/pages\/7881\/revisions\/9346"}],"up":[{"embeddable":true,"href":"https:\/\/www.jaadisain.ee\/fi\/wp-json\/wp\/v2\/pages\/9114"}],"wp:featuredmedia":[{"embeddable":true,"href":"https:\/\/www.jaadisain.ee\/fi\/wp-json\/wp\/v2\/media\/7882"}],"wp:attachment":[{"href":"https:\/\/www.jaadisain.ee\/fi\/wp-json\/wp\/v2\/media?parent=7881"}],"curies":[{"name":"wp","href":"https:\/\/api.w.org\/{rel}","templated":true}]}}