{"id":13328,"date":"2025-04-25T11:57:39","date_gmt":"2025-04-25T08:57:39","guid":{"rendered":"https:\/\/www.jaadisain.ee\/palvelut\/materiaalien-myynti\/klipser-20x20mm\/"},"modified":"2025-04-25T12:00:25","modified_gmt":"2025-04-25T09:00:25","slug":"klipser-20x20mm","status":"publish","type":"page","link":"https:\/\/www.jaadisain.ee\/fi\/palvelut\/materiaalien-myynti\/klipser-20x20mm\/","title":{"rendered":"Klipser 20x20mm"},"content":{"rendered":"<h2>Klipser 20x20mm<\/h2>\n<p>Klipser <span class=\"HwtZe\" lang=\"fi\"><span class=\"jCAhz ChMk0b\"><span class=\"ryNqvb\">on l\u00e4pin\u00e4kyv\u00e4st\u00e4 materiaalista valmistettu v\u00e4likappale, joka on suunniteltu kevyiden osien kiinnitt\u00e4miseen sein\u00e4\u00e4n.<\/span><\/span><\/span><\/p>\n<p><span class=\"HwtZe\" lang=\"fi\"><span class=\"jCAhz ChMk0b\"><span class=\"ryNqvb\">Hinta: 1,35 EUR* \/ kpl.<\/span><\/span><span class=\"jCAhz ChMk0b\"><span class=\"ryNqvb\"><br \/>\nM\u00e4\u00e4r\u00e4st\u00e4 alkaen 100 kpl. hintaalennus -15%<br \/>\nPostitus pakettiautomaattiin: Viroon 12,00 EUR*; Suomeen 23,00 EUR*<\/span><\/span><\/span><\/p>\n<p><span class=\"HwtZe\" lang=\"fi\"><span class=\"jCAhz ChMk0b\"><span class=\"ryNqvb\">* \u2013 Hinnat eiv\u00e4t sis\u00e4ll\u00e4 ALV:a<\/span><\/span><\/span><\/p>\n","protected":false},"excerpt":{"rendered":"<p>Klipser 20x20mm Klipser on l\u00e4pin\u00e4kyv\u00e4st\u00e4 materiaalista valmistettu v\u00e4likappale, joka on suunniteltu kevyiden osien kiinnitt\u00e4miseen sein\u00e4\u00e4n. Hinta: 1,35 EUR* \/ kpl. M\u00e4\u00e4r\u00e4st\u00e4 alkaen 100 kpl. hintaalennus -15% Postitus pakettiautomaattiin: Viroon 12,00 EUR*; Suomeen 23,00 EUR* * \u2013 Hinnat eiv\u00e4t sis\u00e4ll\u00e4 ALV:a<\/p>\n","protected":false},"author":2,"featured_media":13324,"parent":9145,"menu_order":7,"comment_status":"closed","ping_status":"closed","template":"","meta":{"_acf_changed":false,"footnotes":""},"class_list":["post-13328","page","type-page","status-publish","has-post-thumbnail","hentry"],"acf":[],"yoast_head":"<!-- This site is optimized with the Yoast SEO plugin v27.3 - https:\/\/yoast.com\/product\/yoast-seo-wordpress\/ -->\n<title>Klipser 20x20mm - JAA Disain<\/title>\n<meta name=\"robots\" content=\"index, follow, max-snippet:-1, max-image-preview:large, max-video-preview:-1\" \/>\n<link rel=\"canonical\" href=\"https:\/\/www.jaadisain.ee\/fi\/palvelut\/materiaalien-myynti\/klipser-20x20mm\/\" \/>\n<meta property=\"og:locale\" content=\"fi_FI\" \/>\n<meta property=\"og:type\" content=\"article\" \/>\n<meta property=\"og:title\" content=\"Klipser 20x20mm - JAA Disain\" \/>\n<meta property=\"og:description\" content=\"Klipser 20x20mm Klipser on l\u00e4pin\u00e4kyv\u00e4st\u00e4 materiaalista valmistettu v\u00e4likappale, joka on suunniteltu kevyiden osien kiinnitt\u00e4miseen sein\u00e4\u00e4n. Hinta: 1,35 EUR* \/ kpl. M\u00e4\u00e4r\u00e4st\u00e4 alkaen 100 kpl. hintaalennus -15% Postitus pakettiautomaattiin: Viroon 12,00 EUR*; Suomeen 23,00 EUR* * \u2013 Hinnat eiv\u00e4t sis\u00e4ll\u00e4 ALV:a\" \/>\n<meta property=\"og:url\" content=\"https:\/\/www.jaadisain.ee\/fi\/palvelut\/materiaalien-myynti\/klipser-20x20mm\/\" \/>\n<meta property=\"og:site_name\" content=\"JAA Disain\" \/>\n<meta property=\"article:publisher\" content=\"https:\/\/www.facebook.com\/JAA-Disain-156295277734632\/timeline\" \/>\n<meta property=\"article:modified_time\" content=\"2025-04-25T09:00:25+00:00\" \/>\n<meta property=\"og:image\" content=\"https:\/\/www.jaadisain.ee\/wp-content\/uploads\/2025\/04\/Klipser-20x20mm.jpg\" \/>\n\t<meta property=\"og:image:width\" content=\"1771\" \/>\n\t<meta property=\"og:image:height\" content=\"1772\" \/>\n\t<meta property=\"og:image:type\" content=\"image\/jpeg\" \/>\n<meta name=\"twitter:card\" content=\"summary_large_image\" \/>\n<meta name=\"twitter:label1\" content=\"Arvioitu lukuaika\" \/>\n\t<meta name=\"twitter:data1\" content=\"1 minuutti\" \/>\n<script type=\"application\/ld+json\" class=\"yoast-schema-graph\">{\"@context\":\"https:\\\/\\\/schema.org\",\"@graph\":[{\"@type\":\"WebPage\",\"@id\":\"https:\\\/\\\/www.jaadisain.ee\\\/fi\\\/palvelut\\\/materiaalien-myynti\\\/klipser-20x20mm\\\/\",\"url\":\"https:\\\/\\\/www.jaadisain.ee\\\/fi\\\/palvelut\\\/materiaalien-myynti\\\/klipser-20x20mm\\\/\",\"name\":\"Klipser 20x20mm - JAA Disain\",\"isPartOf\":{\"@id\":\"https:\\\/\\\/www.jaadisain.ee\\\/#website\"},\"primaryImageOfPage\":{\"@id\":\"https:\\\/\\\/www.jaadisain.ee\\\/fi\\\/palvelut\\\/materiaalien-myynti\\\/klipser-20x20mm\\\/#primaryimage\"},\"image\":{\"@id\":\"https:\\\/\\\/www.jaadisain.ee\\\/fi\\\/palvelut\\\/materiaalien-myynti\\\/klipser-20x20mm\\\/#primaryimage\"},\"thumbnailUrl\":\"https:\\\/\\\/www.jaadisain.ee\\\/wp-content\\\/uploads\\\/2025\\\/04\\\/Klipser-20x20mm.jpg\",\"datePublished\":\"2025-04-25T08:57:39+00:00\",\"dateModified\":\"2025-04-25T09:00:25+00:00\",\"breadcrumb\":{\"@id\":\"https:\\\/\\\/www.jaadisain.ee\\\/fi\\\/palvelut\\\/materiaalien-myynti\\\/klipser-20x20mm\\\/#breadcrumb\"},\"inLanguage\":\"fi\",\"potentialAction\":[{\"@type\":\"ReadAction\",\"target\":[\"https:\\\/\\\/www.jaadisain.ee\\\/fi\\\/palvelut\\\/materiaalien-myynti\\\/klipser-20x20mm\\\/\"]}]},{\"@type\":\"ImageObject\",\"inLanguage\":\"fi\",\"@id\":\"https:\\\/\\\/www.jaadisain.ee\\\/fi\\\/palvelut\\\/materiaalien-myynti\\\/klipser-20x20mm\\\/#primaryimage\",\"url\":\"https:\\\/\\\/www.jaadisain.ee\\\/wp-content\\\/uploads\\\/2025\\\/04\\\/Klipser-20x20mm.jpg\",\"contentUrl\":\"https:\\\/\\\/www.jaadisain.ee\\\/wp-content\\\/uploads\\\/2025\\\/04\\\/Klipser-20x20mm.jpg\",\"width\":1771,\"height\":1772,\"caption\":\"Klipser 20x20mm\"},{\"@type\":\"BreadcrumbList\",\"@id\":\"https:\\\/\\\/www.jaadisain.ee\\\/fi\\\/palvelut\\\/materiaalien-myynti\\\/klipser-20x20mm\\\/#breadcrumb\",\"itemListElement\":[{\"@type\":\"ListItem\",\"position\":1,\"name\":\"Home\",\"item\":\"https:\\\/\\\/www.jaadisain.ee\\\/fi\\\/\"},{\"@type\":\"ListItem\",\"position\":2,\"name\":\"Palvelut\",\"item\":\"https:\\\/\\\/www.jaadisain.ee\\\/fi\\\/palvelut\\\/\"},{\"@type\":\"ListItem\",\"position\":3,\"name\":\"Materiaalien myynti\",\"item\":\"https:\\\/\\\/www.jaadisain.ee\\\/fi\\\/palvelut\\\/materiaalien-myynti\\\/\"},{\"@type\":\"ListItem\",\"position\":4,\"name\":\"Klipser 20x20mm\"}]},{\"@type\":\"WebSite\",\"@id\":\"https:\\\/\\\/www.jaadisain.ee\\\/#website\",\"url\":\"https:\\\/\\\/www.jaadisain.ee\\\/\",\"name\":\"JAA Disain\",\"description\":\"Valgusreklaamide tootja aastast 1993\",\"publisher\":{\"@id\":\"https:\\\/\\\/www.jaadisain.ee\\\/#organization\"},\"potentialAction\":[{\"@type\":\"SearchAction\",\"target\":{\"@type\":\"EntryPoint\",\"urlTemplate\":\"https:\\\/\\\/www.jaadisain.ee\\\/?s={search_term_string}\"},\"query-input\":{\"@type\":\"PropertyValueSpecification\",\"valueRequired\":true,\"valueName\":\"search_term_string\"}}],\"inLanguage\":\"fi\"},{\"@type\":\"Organization\",\"@id\":\"https:\\\/\\\/www.jaadisain.ee\\\/#organization\",\"name\":\"JAA Disain\",\"url\":\"https:\\\/\\\/www.jaadisain.ee\\\/\",\"logo\":{\"@type\":\"ImageObject\",\"inLanguage\":\"fi\",\"@id\":\"https:\\\/\\\/www.jaadisain.ee\\\/#\\\/schema\\\/logo\\\/image\\\/\",\"url\":\"https:\\\/\\\/www.jaadisain.ee\\\/wp-content\\\/uploads\\\/2016\\\/02\\\/JAA-Disain-logo.jpg\",\"contentUrl\":\"https:\\\/\\\/www.jaadisain.ee\\\/wp-content\\\/uploads\\\/2016\\\/02\\\/JAA-Disain-logo.jpg\",\"width\":443,\"height\":259,\"caption\":\"JAA Disain\"},\"image\":{\"@id\":\"https:\\\/\\\/www.jaadisain.ee\\\/#\\\/schema\\\/logo\\\/image\\\/\"},\"sameAs\":[\"https:\\\/\\\/www.facebook.com\\\/JAA-Disain-156295277734632\\\/timeline\"]}]}<\/script>\n<!-- \/ Yoast SEO plugin. -->","yoast_head_json":{"title":"Klipser 20x20mm - JAA Disain","robots":{"index":"index","follow":"follow","max-snippet":"max-snippet:-1","max-image-preview":"max-image-preview:large","max-video-preview":"max-video-preview:-1"},"canonical":"https:\/\/www.jaadisain.ee\/fi\/palvelut\/materiaalien-myynti\/klipser-20x20mm\/","og_locale":"fi_FI","og_type":"article","og_title":"Klipser 20x20mm - JAA Disain","og_description":"Klipser 20x20mm Klipser on l\u00e4pin\u00e4kyv\u00e4st\u00e4 materiaalista valmistettu v\u00e4likappale, joka on suunniteltu kevyiden osien kiinnitt\u00e4miseen sein\u00e4\u00e4n. Hinta: 1,35 EUR* \/ kpl. M\u00e4\u00e4r\u00e4st\u00e4 alkaen 100 kpl. hintaalennus -15% Postitus pakettiautomaattiin: Viroon 12,00 EUR*; Suomeen 23,00 EUR* * \u2013 Hinnat eiv\u00e4t sis\u00e4ll\u00e4 ALV:a","og_url":"https:\/\/www.jaadisain.ee\/fi\/palvelut\/materiaalien-myynti\/klipser-20x20mm\/","og_site_name":"JAA Disain","article_publisher":"https:\/\/www.facebook.com\/JAA-Disain-156295277734632\/timeline","article_modified_time":"2025-04-25T09:00:25+00:00","og_image":[{"width":1771,"height":1772,"url":"https:\/\/www.jaadisain.ee\/wp-content\/uploads\/2025\/04\/Klipser-20x20mm.jpg","type":"image\/jpeg"}],"twitter_card":"summary_large_image","twitter_misc":{"Arvioitu lukuaika":"1 minuutti"},"schema":{"@context":"https:\/\/schema.org","@graph":[{"@type":"WebPage","@id":"https:\/\/www.jaadisain.ee\/fi\/palvelut\/materiaalien-myynti\/klipser-20x20mm\/","url":"https:\/\/www.jaadisain.ee\/fi\/palvelut\/materiaalien-myynti\/klipser-20x20mm\/","name":"Klipser 20x20mm - JAA Disain","isPartOf":{"@id":"https:\/\/www.jaadisain.ee\/#website"},"primaryImageOfPage":{"@id":"https:\/\/www.jaadisain.ee\/fi\/palvelut\/materiaalien-myynti\/klipser-20x20mm\/#primaryimage"},"image":{"@id":"https:\/\/www.jaadisain.ee\/fi\/palvelut\/materiaalien-myynti\/klipser-20x20mm\/#primaryimage"},"thumbnailUrl":"https:\/\/www.jaadisain.ee\/wp-content\/uploads\/2025\/04\/Klipser-20x20mm.jpg","datePublished":"2025-04-25T08:57:39+00:00","dateModified":"2025-04-25T09:00:25+00:00","breadcrumb":{"@id":"https:\/\/www.jaadisain.ee\/fi\/palvelut\/materiaalien-myynti\/klipser-20x20mm\/#breadcrumb"},"inLanguage":"fi","potentialAction":[{"@type":"ReadAction","target":["https:\/\/www.jaadisain.ee\/fi\/palvelut\/materiaalien-myynti\/klipser-20x20mm\/"]}]},{"@type":"ImageObject","inLanguage":"fi","@id":"https:\/\/www.jaadisain.ee\/fi\/palvelut\/materiaalien-myynti\/klipser-20x20mm\/#primaryimage","url":"https:\/\/www.jaadisain.ee\/wp-content\/uploads\/2025\/04\/Klipser-20x20mm.jpg","contentUrl":"https:\/\/www.jaadisain.ee\/wp-content\/uploads\/2025\/04\/Klipser-20x20mm.jpg","width":1771,"height":1772,"caption":"Klipser 20x20mm"},{"@type":"BreadcrumbList","@id":"https:\/\/www.jaadisain.ee\/fi\/palvelut\/materiaalien-myynti\/klipser-20x20mm\/#breadcrumb","itemListElement":[{"@type":"ListItem","position":1,"name":"Home","item":"https:\/\/www.jaadisain.ee\/fi\/"},{"@type":"ListItem","position":2,"name":"Palvelut","item":"https:\/\/www.jaadisain.ee\/fi\/palvelut\/"},{"@type":"ListItem","position":3,"name":"Materiaalien myynti","item":"https:\/\/www.jaadisain.ee\/fi\/palvelut\/materiaalien-myynti\/"},{"@type":"ListItem","position":4,"name":"Klipser 20x20mm"}]},{"@type":"WebSite","@id":"https:\/\/www.jaadisain.ee\/#website","url":"https:\/\/www.jaadisain.ee\/","name":"JAA Disain","description":"Valgusreklaamide tootja aastast 1993","publisher":{"@id":"https:\/\/www.jaadisain.ee\/#organization"},"potentialAction":[{"@type":"SearchAction","target":{"@type":"EntryPoint","urlTemplate":"https:\/\/www.jaadisain.ee\/?s={search_term_string}"},"query-input":{"@type":"PropertyValueSpecification","valueRequired":true,"valueName":"search_term_string"}}],"inLanguage":"fi"},{"@type":"Organization","@id":"https:\/\/www.jaadisain.ee\/#organization","name":"JAA Disain","url":"https:\/\/www.jaadisain.ee\/","logo":{"@type":"ImageObject","inLanguage":"fi","@id":"https:\/\/www.jaadisain.ee\/#\/schema\/logo\/image\/","url":"https:\/\/www.jaadisain.ee\/wp-content\/uploads\/2016\/02\/JAA-Disain-logo.jpg","contentUrl":"https:\/\/www.jaadisain.ee\/wp-content\/uploads\/2016\/02\/JAA-Disain-logo.jpg","width":443,"height":259,"caption":"JAA Disain"},"image":{"@id":"https:\/\/www.jaadisain.ee\/#\/schema\/logo\/image\/"},"sameAs":["https:\/\/www.facebook.com\/JAA-Disain-156295277734632\/timeline"]}]}},"_links":{"self":[{"href":"https:\/\/www.jaadisain.ee\/fi\/wp-json\/wp\/v2\/pages\/13328","targetHints":{"allow":["GET"]}}],"collection":[{"href":"https:\/\/www.jaadisain.ee\/fi\/wp-json\/wp\/v2\/pages"}],"about":[{"href":"https:\/\/www.jaadisain.ee\/fi\/wp-json\/wp\/v2\/types\/page"}],"author":[{"embeddable":true,"href":"https:\/\/www.jaadisain.ee\/fi\/wp-json\/wp\/v2\/users\/2"}],"replies":[{"embeddable":true,"href":"https:\/\/www.jaadisain.ee\/fi\/wp-json\/wp\/v2\/comments?post=13328"}],"version-history":[{"count":1,"href":"https:\/\/www.jaadisain.ee\/fi\/wp-json\/wp\/v2\/pages\/13328\/revisions"}],"predecessor-version":[{"id":13331,"href":"https:\/\/www.jaadisain.ee\/fi\/wp-json\/wp\/v2\/pages\/13328\/revisions\/13331"}],"up":[{"embeddable":true,"href":"https:\/\/www.jaadisain.ee\/fi\/wp-json\/wp\/v2\/pages\/9145"}],"wp:featuredmedia":[{"embeddable":true,"href":"https:\/\/www.jaadisain.ee\/fi\/wp-json\/wp\/v2\/media\/13324"}],"wp:attachment":[{"href":"https:\/\/www.jaadisain.ee\/fi\/wp-json\/wp\/v2\/media?parent=13328"}],"curies":[{"name":"wp","href":"https:\/\/api.w.org\/{rel}","templated":true}]}}