{"id":13273,"date":"2025-04-24T10:59:34","date_gmt":"2025-04-24T07:59:34","guid":{"rendered":"https:\/\/www.jaadisain.ee\/palvelut\/materiaalien-myynti\/distantspuksid\/"},"modified":"2025-04-24T11:22:18","modified_gmt":"2025-04-24T08:22:18","slug":"mainosruuvit","status":"publish","type":"page","link":"https:\/\/www.jaadisain.ee\/fi\/palvelut\/materiaalien-myynti\/mainosruuvit\/","title":{"rendered":"Mainosruuvit 19x25mm"},"content":{"rendered":"<h2>Mainosruuvit 19x25mm.<\/h2>\n<p>Mainosruuvit <span class=\"HwtZe\" lang=\"fi\"><span class=\"jCAhz ChMk0b\"><span class=\"ryNqvb\">on valmistettu ruostumattomasta meta<a href=\"http:\/\/www.neoonreklaam.ee\">ll<\/a>ista ja ne on suunniteltu <a href=\"https:\/\/www.jaadisain.ee\/fi\/ulkomainokset\/kaiverrukset-ja-jyrsinnat\/\">lasin\/laattojen kiinnitt\u00e4miseen<\/a> sein\u00e4\u00e4n 20 mm et\u00e4isyydell\u00e4 sein\u00e4st\u00e4.<\/span><\/span><span class=\"jCAhz ChMk0b\"><span class=\"ryNqvb\"><br \/>\n<\/span><\/span><\/span><span class=\"HwtZe\" lang=\"fi\"><span class=\"jCAhz ChMk0b\"><span class=\"ryNqvb\">Asennettavan lasin\/levyn paksuus on enint\u00e4\u00e4n 10 mm.<\/span><\/span><span class=\"jCAhz ChMk0b\"><span class=\"ryNqvb\"><br \/>\nHinta: 2,40 EUR* \/ kpl.<\/span><\/span><span class=\"jCAhz ChMk0b\"><span class=\"ryNqvb\"><br \/>\nM\u00e4\u00e4r\u00e4st\u00e4 alkaen 50 kpl, hintaalennus -15%<br \/>\nPostitus pakettiautomaattiin: Viroon 12,00 EUR*; Suomeen 23,00 EUR*<\/span><\/span><\/span><\/p>\n<p><span class=\"HwtZe\" lang=\"fi\"><span class=\"jCAhz ChMk0b\"><span class=\"ryNqvb\">* &#8211; Hinnat eiv\u00e4t sis\u00e4ll\u00e4 ALV:a<br \/>\n<\/span><\/span><\/span><\/p>\n","protected":false},"excerpt":{"rendered":"<p>Mainosruuvit 19x25mm. Mainosruuvit on valmistettu ruostumattomasta metallista ja ne on suunniteltu lasin\/laattojen kiinnitt\u00e4miseen sein\u00e4\u00e4n 20 mm et\u00e4isyydell\u00e4 sein\u00e4st\u00e4. Asennettavan lasin\/levyn paksuus on enint\u00e4\u00e4n 10 mm. Hinta: 2,40 EUR* \/ kpl. M\u00e4\u00e4r\u00e4st\u00e4 alkaen 50 kpl, hintaalennus -15% Postitus pakettiautomaattiin: Viroon 12,00 EUR*; Suomeen 23,00 EUR* * &#8211; Hinnat eiv\u00e4t sis\u00e4ll\u00e4 ALV:a<\/p>\n","protected":false},"author":2,"featured_media":13269,"parent":9145,"menu_order":5,"comment_status":"closed","ping_status":"closed","template":"","meta":{"_acf_changed":false,"footnotes":""},"class_list":["post-13273","page","type-page","status-publish","has-post-thumbnail","hentry"],"acf":[],"yoast_head":"<!-- This site is optimized with the Yoast SEO plugin v27.3 - https:\/\/yoast.com\/product\/yoast-seo-wordpress\/ -->\n<title>Mainosruuvit 19x25mm - JAA Disain<\/title>\n<meta name=\"description\" content=\"Mainosruuvit on valmistettu ruostumattomasta metallista ja ne on suunniteltu lasin kiinnitt\u00e4miseen sein\u00e4\u00e4n 20 mm et\u00e4isyydell\u00e4 sein\u00e4st\u00e4.\u00a0\" \/>\n<meta name=\"robots\" content=\"index, follow, max-snippet:-1, max-image-preview:large, max-video-preview:-1\" \/>\n<link rel=\"canonical\" href=\"https:\/\/www.jaadisain.ee\/fi\/palvelut\/materiaalien-myynti\/mainosruuvit\/\" \/>\n<meta property=\"og:locale\" content=\"fi_FI\" \/>\n<meta property=\"og:type\" content=\"article\" \/>\n<meta property=\"og:title\" content=\"Mainosruuvit 19x25mm - JAA Disain\" \/>\n<meta property=\"og:description\" content=\"Mainosruuvit on valmistettu ruostumattomasta metallista ja ne on suunniteltu lasin kiinnitt\u00e4miseen sein\u00e4\u00e4n 20 mm et\u00e4isyydell\u00e4 sein\u00e4st\u00e4.\u00a0\" \/>\n<meta property=\"og:url\" content=\"https:\/\/www.jaadisain.ee\/fi\/palvelut\/materiaalien-myynti\/mainosruuvit\/\" \/>\n<meta property=\"og:site_name\" content=\"JAA Disain\" \/>\n<meta property=\"article:publisher\" content=\"https:\/\/www.facebook.com\/JAA-Disain-156295277734632\/timeline\" \/>\n<meta property=\"article:modified_time\" content=\"2025-04-24T08:22:18+00:00\" \/>\n<meta property=\"og:image\" content=\"https:\/\/www.jaadisain.ee\/wp-content\/uploads\/2025\/04\/Distantspuksid-19x25mm.jpg\" \/>\n\t<meta property=\"og:image:width\" content=\"1771\" \/>\n\t<meta property=\"og:image:height\" content=\"1772\" \/>\n\t<meta property=\"og:image:type\" content=\"image\/jpeg\" \/>\n<meta name=\"twitter:card\" content=\"summary_large_image\" \/>\n<meta name=\"twitter:label1\" content=\"Arvioitu lukuaika\" \/>\n\t<meta name=\"twitter:data1\" content=\"1 minuutti\" \/>\n<script type=\"application\/ld+json\" class=\"yoast-schema-graph\">{\"@context\":\"https:\\\/\\\/schema.org\",\"@graph\":[{\"@type\":\"WebPage\",\"@id\":\"https:\\\/\\\/www.jaadisain.ee\\\/fi\\\/palvelut\\\/materiaalien-myynti\\\/mainosruuvit\\\/\",\"url\":\"https:\\\/\\\/www.jaadisain.ee\\\/fi\\\/palvelut\\\/materiaalien-myynti\\\/mainosruuvit\\\/\",\"name\":\"Mainosruuvit 19x25mm - JAA Disain\",\"isPartOf\":{\"@id\":\"https:\\\/\\\/www.jaadisain.ee\\\/#website\"},\"primaryImageOfPage\":{\"@id\":\"https:\\\/\\\/www.jaadisain.ee\\\/fi\\\/palvelut\\\/materiaalien-myynti\\\/mainosruuvit\\\/#primaryimage\"},\"image\":{\"@id\":\"https:\\\/\\\/www.jaadisain.ee\\\/fi\\\/palvelut\\\/materiaalien-myynti\\\/mainosruuvit\\\/#primaryimage\"},\"thumbnailUrl\":\"https:\\\/\\\/www.jaadisain.ee\\\/wp-content\\\/uploads\\\/2025\\\/04\\\/Distantspuksid-19x25mm.jpg\",\"datePublished\":\"2025-04-24T07:59:34+00:00\",\"dateModified\":\"2025-04-24T08:22:18+00:00\",\"description\":\"Mainosruuvit on valmistettu ruostumattomasta metallista ja ne on suunniteltu lasin kiinnitt\u00e4miseen sein\u00e4\u00e4n 20 mm et\u00e4isyydell\u00e4 sein\u00e4st\u00e4.\u00a0\",\"breadcrumb\":{\"@id\":\"https:\\\/\\\/www.jaadisain.ee\\\/fi\\\/palvelut\\\/materiaalien-myynti\\\/mainosruuvit\\\/#breadcrumb\"},\"inLanguage\":\"fi\",\"potentialAction\":[{\"@type\":\"ReadAction\",\"target\":[\"https:\\\/\\\/www.jaadisain.ee\\\/fi\\\/palvelut\\\/materiaalien-myynti\\\/mainosruuvit\\\/\"]}]},{\"@type\":\"ImageObject\",\"inLanguage\":\"fi\",\"@id\":\"https:\\\/\\\/www.jaadisain.ee\\\/fi\\\/palvelut\\\/materiaalien-myynti\\\/mainosruuvit\\\/#primaryimage\",\"url\":\"https:\\\/\\\/www.jaadisain.ee\\\/wp-content\\\/uploads\\\/2025\\\/04\\\/Distantspuksid-19x25mm.jpg\",\"contentUrl\":\"https:\\\/\\\/www.jaadisain.ee\\\/wp-content\\\/uploads\\\/2025\\\/04\\\/Distantspuksid-19x25mm.jpg\",\"width\":1771,\"height\":1772,\"caption\":\"Distantspuksid\"},{\"@type\":\"BreadcrumbList\",\"@id\":\"https:\\\/\\\/www.jaadisain.ee\\\/fi\\\/palvelut\\\/materiaalien-myynti\\\/mainosruuvit\\\/#breadcrumb\",\"itemListElement\":[{\"@type\":\"ListItem\",\"position\":1,\"name\":\"Home\",\"item\":\"https:\\\/\\\/www.jaadisain.ee\\\/fi\\\/\"},{\"@type\":\"ListItem\",\"position\":2,\"name\":\"Palvelut\",\"item\":\"https:\\\/\\\/www.jaadisain.ee\\\/fi\\\/palvelut\\\/\"},{\"@type\":\"ListItem\",\"position\":3,\"name\":\"Materiaalien myynti\",\"item\":\"https:\\\/\\\/www.jaadisain.ee\\\/fi\\\/palvelut\\\/materiaalien-myynti\\\/\"},{\"@type\":\"ListItem\",\"position\":4,\"name\":\"Mainosruuvit 19x25mm\"}]},{\"@type\":\"WebSite\",\"@id\":\"https:\\\/\\\/www.jaadisain.ee\\\/#website\",\"url\":\"https:\\\/\\\/www.jaadisain.ee\\\/\",\"name\":\"JAA Disain\",\"description\":\"Valgusreklaamide tootja aastast 1993\",\"publisher\":{\"@id\":\"https:\\\/\\\/www.jaadisain.ee\\\/#organization\"},\"potentialAction\":[{\"@type\":\"SearchAction\",\"target\":{\"@type\":\"EntryPoint\",\"urlTemplate\":\"https:\\\/\\\/www.jaadisain.ee\\\/?s={search_term_string}\"},\"query-input\":{\"@type\":\"PropertyValueSpecification\",\"valueRequired\":true,\"valueName\":\"search_term_string\"}}],\"inLanguage\":\"fi\"},{\"@type\":\"Organization\",\"@id\":\"https:\\\/\\\/www.jaadisain.ee\\\/#organization\",\"name\":\"JAA Disain\",\"url\":\"https:\\\/\\\/www.jaadisain.ee\\\/\",\"logo\":{\"@type\":\"ImageObject\",\"inLanguage\":\"fi\",\"@id\":\"https:\\\/\\\/www.jaadisain.ee\\\/#\\\/schema\\\/logo\\\/image\\\/\",\"url\":\"https:\\\/\\\/www.jaadisain.ee\\\/wp-content\\\/uploads\\\/2016\\\/02\\\/JAA-Disain-logo.jpg\",\"contentUrl\":\"https:\\\/\\\/www.jaadisain.ee\\\/wp-content\\\/uploads\\\/2016\\\/02\\\/JAA-Disain-logo.jpg\",\"width\":443,\"height\":259,\"caption\":\"JAA Disain\"},\"image\":{\"@id\":\"https:\\\/\\\/www.jaadisain.ee\\\/#\\\/schema\\\/logo\\\/image\\\/\"},\"sameAs\":[\"https:\\\/\\\/www.facebook.com\\\/JAA-Disain-156295277734632\\\/timeline\"]}]}<\/script>\n<!-- \/ Yoast SEO plugin. -->","yoast_head_json":{"title":"Mainosruuvit 19x25mm - JAA Disain","description":"Mainosruuvit on valmistettu ruostumattomasta metallista ja ne on suunniteltu lasin kiinnitt\u00e4miseen sein\u00e4\u00e4n 20 mm et\u00e4isyydell\u00e4 sein\u00e4st\u00e4.\u00a0","robots":{"index":"index","follow":"follow","max-snippet":"max-snippet:-1","max-image-preview":"max-image-preview:large","max-video-preview":"max-video-preview:-1"},"canonical":"https:\/\/www.jaadisain.ee\/fi\/palvelut\/materiaalien-myynti\/mainosruuvit\/","og_locale":"fi_FI","og_type":"article","og_title":"Mainosruuvit 19x25mm - JAA Disain","og_description":"Mainosruuvit on valmistettu ruostumattomasta metallista ja ne on suunniteltu lasin kiinnitt\u00e4miseen sein\u00e4\u00e4n 20 mm et\u00e4isyydell\u00e4 sein\u00e4st\u00e4.\u00a0","og_url":"https:\/\/www.jaadisain.ee\/fi\/palvelut\/materiaalien-myynti\/mainosruuvit\/","og_site_name":"JAA Disain","article_publisher":"https:\/\/www.facebook.com\/JAA-Disain-156295277734632\/timeline","article_modified_time":"2025-04-24T08:22:18+00:00","og_image":[{"width":1771,"height":1772,"url":"https:\/\/www.jaadisain.ee\/wp-content\/uploads\/2025\/04\/Distantspuksid-19x25mm.jpg","type":"image\/jpeg"}],"twitter_card":"summary_large_image","twitter_misc":{"Arvioitu lukuaika":"1 minuutti"},"schema":{"@context":"https:\/\/schema.org","@graph":[{"@type":"WebPage","@id":"https:\/\/www.jaadisain.ee\/fi\/palvelut\/materiaalien-myynti\/mainosruuvit\/","url":"https:\/\/www.jaadisain.ee\/fi\/palvelut\/materiaalien-myynti\/mainosruuvit\/","name":"Mainosruuvit 19x25mm - JAA Disain","isPartOf":{"@id":"https:\/\/www.jaadisain.ee\/#website"},"primaryImageOfPage":{"@id":"https:\/\/www.jaadisain.ee\/fi\/palvelut\/materiaalien-myynti\/mainosruuvit\/#primaryimage"},"image":{"@id":"https:\/\/www.jaadisain.ee\/fi\/palvelut\/materiaalien-myynti\/mainosruuvit\/#primaryimage"},"thumbnailUrl":"https:\/\/www.jaadisain.ee\/wp-content\/uploads\/2025\/04\/Distantspuksid-19x25mm.jpg","datePublished":"2025-04-24T07:59:34+00:00","dateModified":"2025-04-24T08:22:18+00:00","description":"Mainosruuvit on valmistettu ruostumattomasta metallista ja ne on suunniteltu lasin kiinnitt\u00e4miseen sein\u00e4\u00e4n 20 mm et\u00e4isyydell\u00e4 sein\u00e4st\u00e4.\u00a0","breadcrumb":{"@id":"https:\/\/www.jaadisain.ee\/fi\/palvelut\/materiaalien-myynti\/mainosruuvit\/#breadcrumb"},"inLanguage":"fi","potentialAction":[{"@type":"ReadAction","target":["https:\/\/www.jaadisain.ee\/fi\/palvelut\/materiaalien-myynti\/mainosruuvit\/"]}]},{"@type":"ImageObject","inLanguage":"fi","@id":"https:\/\/www.jaadisain.ee\/fi\/palvelut\/materiaalien-myynti\/mainosruuvit\/#primaryimage","url":"https:\/\/www.jaadisain.ee\/wp-content\/uploads\/2025\/04\/Distantspuksid-19x25mm.jpg","contentUrl":"https:\/\/www.jaadisain.ee\/wp-content\/uploads\/2025\/04\/Distantspuksid-19x25mm.jpg","width":1771,"height":1772,"caption":"Distantspuksid"},{"@type":"BreadcrumbList","@id":"https:\/\/www.jaadisain.ee\/fi\/palvelut\/materiaalien-myynti\/mainosruuvit\/#breadcrumb","itemListElement":[{"@type":"ListItem","position":1,"name":"Home","item":"https:\/\/www.jaadisain.ee\/fi\/"},{"@type":"ListItem","position":2,"name":"Palvelut","item":"https:\/\/www.jaadisain.ee\/fi\/palvelut\/"},{"@type":"ListItem","position":3,"name":"Materiaalien myynti","item":"https:\/\/www.jaadisain.ee\/fi\/palvelut\/materiaalien-myynti\/"},{"@type":"ListItem","position":4,"name":"Mainosruuvit 19x25mm"}]},{"@type":"WebSite","@id":"https:\/\/www.jaadisain.ee\/#website","url":"https:\/\/www.jaadisain.ee\/","name":"JAA Disain","description":"Valgusreklaamide tootja aastast 1993","publisher":{"@id":"https:\/\/www.jaadisain.ee\/#organization"},"potentialAction":[{"@type":"SearchAction","target":{"@type":"EntryPoint","urlTemplate":"https:\/\/www.jaadisain.ee\/?s={search_term_string}"},"query-input":{"@type":"PropertyValueSpecification","valueRequired":true,"valueName":"search_term_string"}}],"inLanguage":"fi"},{"@type":"Organization","@id":"https:\/\/www.jaadisain.ee\/#organization","name":"JAA Disain","url":"https:\/\/www.jaadisain.ee\/","logo":{"@type":"ImageObject","inLanguage":"fi","@id":"https:\/\/www.jaadisain.ee\/#\/schema\/logo\/image\/","url":"https:\/\/www.jaadisain.ee\/wp-content\/uploads\/2016\/02\/JAA-Disain-logo.jpg","contentUrl":"https:\/\/www.jaadisain.ee\/wp-content\/uploads\/2016\/02\/JAA-Disain-logo.jpg","width":443,"height":259,"caption":"JAA Disain"},"image":{"@id":"https:\/\/www.jaadisain.ee\/#\/schema\/logo\/image\/"},"sameAs":["https:\/\/www.facebook.com\/JAA-Disain-156295277734632\/timeline"]}]}},"_links":{"self":[{"href":"https:\/\/www.jaadisain.ee\/fi\/wp-json\/wp\/v2\/pages\/13273","targetHints":{"allow":["GET"]}}],"collection":[{"href":"https:\/\/www.jaadisain.ee\/fi\/wp-json\/wp\/v2\/pages"}],"about":[{"href":"https:\/\/www.jaadisain.ee\/fi\/wp-json\/wp\/v2\/types\/page"}],"author":[{"embeddable":true,"href":"https:\/\/www.jaadisain.ee\/fi\/wp-json\/wp\/v2\/users\/2"}],"replies":[{"embeddable":true,"href":"https:\/\/www.jaadisain.ee\/fi\/wp-json\/wp\/v2\/comments?post=13273"}],"version-history":[{"count":2,"href":"https:\/\/www.jaadisain.ee\/fi\/wp-json\/wp\/v2\/pages\/13273\/revisions"}],"predecessor-version":[{"id":13279,"href":"https:\/\/www.jaadisain.ee\/fi\/wp-json\/wp\/v2\/pages\/13273\/revisions\/13279"}],"up":[{"embeddable":true,"href":"https:\/\/www.jaadisain.ee\/fi\/wp-json\/wp\/v2\/pages\/9145"}],"wp:featuredmedia":[{"embeddable":true,"href":"https:\/\/www.jaadisain.ee\/fi\/wp-json\/wp\/v2\/media\/13269"}],"wp:attachment":[{"href":"https:\/\/www.jaadisain.ee\/fi\/wp-json\/wp\/v2\/media?parent=13273"}],"curies":[{"name":"wp","href":"https:\/\/api.w.org\/{rel}","templated":true}]}}