{"id":10595,"date":"2019-05-20T13:30:53","date_gmt":"2019-05-20T10:30:53","guid":{"rendered":"https:\/\/www.jaadisain.ee\/ulkomainokset\/digitulostus-ja-valokuvatulostus\/uv-print\/"},"modified":"2019-05-20T15:29:58","modified_gmt":"2019-05-20T12:29:58","slug":"uv-tulostus","status":"publish","type":"page","link":"https:\/\/www.jaadisain.ee\/fi\/ulkomainokset\/digitulostus-ja-valokuvatulostus\/uv-tulostus\/","title":{"rendered":"Uv tulostus"},"content":{"rendered":"<h2>Uv tulostus<\/h2>\n<ul>\n<li>Monia k\u00e4ytt\u00f6mahdollisuuksia<\/li>\n<li>Tulostus suoraan erilaisille materiaaleille<\/li>\n<li>Eritt\u00e4in kirkkaat v\u00e4rit<\/li>\n<li>Aina hyv\u00e4laatuinen lopputulos<\/li>\n<\/ul>\n<p>&nbsp;<\/p>\n<h3>UV-TULOSTUS TASAISELLA TULOSTIMELLA MIMAKI JFX500-2131<\/h3>\n<p>UV-tulostus j\u00e4tt\u00e4\u00e4 v\u00e4liin painamisen kalvoon ja kalvon asennuksen pohjalle. Tulostus on mahdollista suuremmalla nopeudella, s\u00e4ilytt\u00e4en kaikki laatustandardit ja ymp\u00e4rist\u00f6yst\u00e4v\u00e4llisyyden, ollessaan samalla l\u00e4hes hajuton. T\u00e4m\u00e4n tekniikan yksi erityispiirteist\u00e4 tavallisiin tulostimiin verrattuna on sen runsaat ja innovatiiviset ratkaisut, joiden avulla on mahdollista tulostaa suoraan eri materiaaleille.<\/p>\n<p>UV-paino on digipaino, jossa musteen kuivaukseen k\u00e4ytet\u00e4\u00e4n ultraviolettis\u00e4teily\u00e4 eli UV-lamppuja. Uudemman sukupolven tulostimissa t\u00e4h\u00e4n k\u00e4ytet\u00e4\u00e4n LED-teknologiaa. Tulostin ohjaa perusteellisesti koko prosessia alkaen musteen laittamisesta tulostimeen ja lopettaen sen pohjaan kuivumisella. Materiaalien valikoima, joille on mahdollista UV-tulostaa, on l\u00e4hes rajaton. UV-tulostus on mahdollista esimerkiksi akryylille, PVC:lle, KAPA:lle, metallille, puutavaralle, lasille, jne. Materiaalin koko, jolle voimme t\u00e4ll\u00e4 tulostimella tulostaa, voi olla 3100x2100x50 mm. T\u00e4llaiset mitat antavat meille hyv\u00e4n mahdollisuuden tulostaa suoraan my\u00f6s suurille pohjille, joka t\u00e4h\u00e4n asti oli n\u00e4enn\u00e4isesti mahdotonta. Jos n\u00e4ytt\u00e4\u00e4 silt\u00e4, ett\u00e4 muste ei sovi jollekin materiaalille, k\u00e4sitell\u00e4\u00e4n materiaalia erityisell\u00e4 aineella eli pohjamaalilla. Tulostin k\u00e4ytt\u00e4\u00e4 klassista CMYK-v\u00e4rij\u00e4rjestelm\u00e4\u00e4 ja lis\u00e4vaihtoehtona voi k\u00e4ytt\u00e4\u00e4 my\u00f6s valkoista mustetta. T\u00e4m\u00e4 vaihtoehto varmistaa loistavan lopputuloksen my\u00f6s eriv\u00e4risill\u00e4 pohjilla.<\/p>\n<p>Tarjoamamme laatu riippuu paljolti ty\u00f6tiedostosta ja halutusta lopputuloksesta. Suuremmilla nopeuksilla jo resoluutio 300\u00d7450 dpi antaa eritt\u00e4in hyv\u00e4n tuloksen, mutta hyvin vaativaa lopputulosta varten pystyy tulostin tulostamaan my\u00f6s resoluutiolla 1200\u00d71200 dpi \u2013 kyll\u00e4kin nopeuden kustannuksella, mutta \u00e4\u00e4rimm\u00e4isen laadukkaasti. Aloja ja ratkaisuja, jota varten UV-tulostusta voi k\u00e4ytt\u00e4\u00e4, on hyvin paljon. P\u00e4\u00e4asiallinen soveltamisala on kuitenkin mainosala, mutta yh\u00e4 enemm\u00e4n UV-tulostusta k\u00e4ytet\u00e4\u00e4n my\u00f6s sisustusalalla. Olkoon kyseess\u00e4 sitten sein\u00e4paneelit, ovet, keitti\u00f6n v\u00e4litilan lasit tms. Eli \u2013 jos sinulla on jonkinlainen pohjalevy, johon tarvitsisit korkealaatuisesti painettua teksti\u00e4 tai kuvaa, on UV-tulostus paras ratkaisu. Mik\u00e4li kaikki t\u00e4m\u00e4 tuntuu uskomattomalta, ota rohkeasti yhteytt\u00e4 ja kysy lis\u00e4\u00e4.<\/p>\n<h2>Uv-tulostus, k\u00e4ytt\u00f6mahdollisuudet ja referenssit:<\/h2>\n","protected":false},"excerpt":{"rendered":"<p>Uv tulostus Monia k\u00e4ytt\u00f6mahdollisuuksia Tulostus suoraan erilaisille materiaaleille Eritt\u00e4in kirkkaat v\u00e4rit Aina hyv\u00e4laatuinen lopputulos &nbsp; UV-TULOSTUS TASAISELLA TULOSTIMELLA MIMAKI JFX500-2131 UV-tulostus j\u00e4tt\u00e4\u00e4 v\u00e4liin painamisen kalvoon ja kalvon asennuksen pohjalle. Tulostus on mahdollista suuremmalla nopeudella, s\u00e4ilytt\u00e4en kaikki laatustandardit ja ymp\u00e4rist\u00f6yst\u00e4v\u00e4llisyyden, ollessaan samalla l\u00e4hes hajuton. T\u00e4m\u00e4n tekniikan yksi erityispiirteist\u00e4 tavallisiin tulostimiin verrattuna on sen runsaat ja innovatiiviset [&hellip;]<\/p>\n","protected":false},"author":4,"featured_media":10580,"parent":9057,"menu_order":3,"comment_status":"closed","ping_status":"closed","template":"","meta":{"_acf_changed":false,"footnotes":""},"class_list":["post-10595","page","type-page","status-publish","has-post-thumbnail","hentry"],"acf":[],"yoast_head":"<!-- This site is optimized with the Yoast SEO plugin v27.3 - https:\/\/yoast.com\/product\/yoast-seo-wordpress\/ -->\n<title>Uv tulostus - JAA Disain<\/title>\n<meta name=\"description\" content=\"UV-print j\u00e4tab vahele tr\u00fcki kilele ning kile paigaldamise alusele. Printi saab teostada suurtel kiirustel s\u00e4ilitades k\u00f5ik kvaliteedistandardid.\" \/>\n<meta name=\"robots\" content=\"index, follow, max-snippet:-1, max-image-preview:large, max-video-preview:-1\" \/>\n<link rel=\"canonical\" href=\"https:\/\/www.jaadisain.ee\/fi\/ulkomainokset\/digitulostus-ja-valokuvatulostus\/uv-tulostus\/\" \/>\n<meta property=\"og:locale\" content=\"fi_FI\" \/>\n<meta property=\"og:type\" content=\"article\" \/>\n<meta property=\"og:title\" content=\"Uv tulostus - JAA Disain\" \/>\n<meta property=\"og:description\" content=\"UV-print j\u00e4tab vahele tr\u00fcki kilele ning kile paigaldamise alusele. Printi saab teostada suurtel kiirustel s\u00e4ilitades k\u00f5ik kvaliteedistandardid.\" \/>\n<meta property=\"og:url\" content=\"https:\/\/www.jaadisain.ee\/fi\/ulkomainokset\/digitulostus-ja-valokuvatulostus\/uv-tulostus\/\" \/>\n<meta property=\"og:site_name\" content=\"JAA Disain\" \/>\n<meta property=\"article:publisher\" content=\"https:\/\/www.facebook.com\/JAA-Disain-156295277734632\/timeline\" \/>\n<meta property=\"article:modified_time\" content=\"2019-05-20T12:29:58+00:00\" \/>\n<meta property=\"og:image\" content=\"https:\/\/www.jaadisain.ee\/wp-content\/uploads\/2019\/05\/uv-print.jpg\" \/>\n\t<meta property=\"og:image:width\" content=\"1510\" \/>\n\t<meta property=\"og:image:height\" content=\"1133\" \/>\n\t<meta property=\"og:image:type\" content=\"image\/jpeg\" \/>\n<meta name=\"twitter:card\" content=\"summary_large_image\" \/>\n<meta name=\"twitter:label1\" content=\"Arvioitu lukuaika\" \/>\n\t<meta name=\"twitter:data1\" content=\"2 minuuttia\" \/>\n<script type=\"application\/ld+json\" class=\"yoast-schema-graph\">{\"@context\":\"https:\\\/\\\/schema.org\",\"@graph\":[{\"@type\":\"WebPage\",\"@id\":\"https:\\\/\\\/www.jaadisain.ee\\\/fi\\\/ulkomainokset\\\/digitulostus-ja-valokuvatulostus\\\/uv-tulostus\\\/\",\"url\":\"https:\\\/\\\/www.jaadisain.ee\\\/fi\\\/ulkomainokset\\\/digitulostus-ja-valokuvatulostus\\\/uv-tulostus\\\/\",\"name\":\"Uv tulostus - JAA Disain\",\"isPartOf\":{\"@id\":\"https:\\\/\\\/www.jaadisain.ee\\\/#website\"},\"primaryImageOfPage\":{\"@id\":\"https:\\\/\\\/www.jaadisain.ee\\\/fi\\\/ulkomainokset\\\/digitulostus-ja-valokuvatulostus\\\/uv-tulostus\\\/#primaryimage\"},\"image\":{\"@id\":\"https:\\\/\\\/www.jaadisain.ee\\\/fi\\\/ulkomainokset\\\/digitulostus-ja-valokuvatulostus\\\/uv-tulostus\\\/#primaryimage\"},\"thumbnailUrl\":\"https:\\\/\\\/www.jaadisain.ee\\\/wp-content\\\/uploads\\\/2019\\\/05\\\/uv-print.jpg\",\"datePublished\":\"2019-05-20T10:30:53+00:00\",\"dateModified\":\"2019-05-20T12:29:58+00:00\",\"description\":\"UV-print j\u00e4tab vahele tr\u00fcki kilele ning kile paigaldamise alusele. Printi saab teostada suurtel kiirustel s\u00e4ilitades k\u00f5ik kvaliteedistandardid.\",\"breadcrumb\":{\"@id\":\"https:\\\/\\\/www.jaadisain.ee\\\/fi\\\/ulkomainokset\\\/digitulostus-ja-valokuvatulostus\\\/uv-tulostus\\\/#breadcrumb\"},\"inLanguage\":\"fi\",\"potentialAction\":[{\"@type\":\"ReadAction\",\"target\":[\"https:\\\/\\\/www.jaadisain.ee\\\/fi\\\/ulkomainokset\\\/digitulostus-ja-valokuvatulostus\\\/uv-tulostus\\\/\"]}]},{\"@type\":\"ImageObject\",\"inLanguage\":\"fi\",\"@id\":\"https:\\\/\\\/www.jaadisain.ee\\\/fi\\\/ulkomainokset\\\/digitulostus-ja-valokuvatulostus\\\/uv-tulostus\\\/#primaryimage\",\"url\":\"https:\\\/\\\/www.jaadisain.ee\\\/wp-content\\\/uploads\\\/2019\\\/05\\\/uv-print.jpg\",\"contentUrl\":\"https:\\\/\\\/www.jaadisain.ee\\\/wp-content\\\/uploads\\\/2019\\\/05\\\/uv-print.jpg\",\"width\":1510,\"height\":1133},{\"@type\":\"BreadcrumbList\",\"@id\":\"https:\\\/\\\/www.jaadisain.ee\\\/fi\\\/ulkomainokset\\\/digitulostus-ja-valokuvatulostus\\\/uv-tulostus\\\/#breadcrumb\",\"itemListElement\":[{\"@type\":\"ListItem\",\"position\":1,\"name\":\"Home\",\"item\":\"https:\\\/\\\/www.jaadisain.ee\\\/fi\\\/\"},{\"@type\":\"ListItem\",\"position\":2,\"name\":\"Tuotteet\",\"item\":\"https:\\\/\\\/www.jaadisain.ee\\\/fi\\\/ulkomainokset\\\/\"},{\"@type\":\"ListItem\",\"position\":3,\"name\":\"Digitulostus ja valokuvatulostus\",\"item\":\"https:\\\/\\\/www.jaadisain.ee\\\/fi\\\/ulkomainokset\\\/digitulostus-ja-valokuvatulostus\\\/\"},{\"@type\":\"ListItem\",\"position\":4,\"name\":\"Uv tulostus\"}]},{\"@type\":\"WebSite\",\"@id\":\"https:\\\/\\\/www.jaadisain.ee\\\/#website\",\"url\":\"https:\\\/\\\/www.jaadisain.ee\\\/\",\"name\":\"JAA Disain\",\"description\":\"Valgusreklaamide tootja aastast 1993\",\"publisher\":{\"@id\":\"https:\\\/\\\/www.jaadisain.ee\\\/#organization\"},\"potentialAction\":[{\"@type\":\"SearchAction\",\"target\":{\"@type\":\"EntryPoint\",\"urlTemplate\":\"https:\\\/\\\/www.jaadisain.ee\\\/?s={search_term_string}\"},\"query-input\":{\"@type\":\"PropertyValueSpecification\",\"valueRequired\":true,\"valueName\":\"search_term_string\"}}],\"inLanguage\":\"fi\"},{\"@type\":\"Organization\",\"@id\":\"https:\\\/\\\/www.jaadisain.ee\\\/#organization\",\"name\":\"JAA Disain\",\"url\":\"https:\\\/\\\/www.jaadisain.ee\\\/\",\"logo\":{\"@type\":\"ImageObject\",\"inLanguage\":\"fi\",\"@id\":\"https:\\\/\\\/www.jaadisain.ee\\\/#\\\/schema\\\/logo\\\/image\\\/\",\"url\":\"https:\\\/\\\/www.jaadisain.ee\\\/wp-content\\\/uploads\\\/2016\\\/02\\\/JAA-Disain-logo.jpg\",\"contentUrl\":\"https:\\\/\\\/www.jaadisain.ee\\\/wp-content\\\/uploads\\\/2016\\\/02\\\/JAA-Disain-logo.jpg\",\"width\":443,\"height\":259,\"caption\":\"JAA Disain\"},\"image\":{\"@id\":\"https:\\\/\\\/www.jaadisain.ee\\\/#\\\/schema\\\/logo\\\/image\\\/\"},\"sameAs\":[\"https:\\\/\\\/www.facebook.com\\\/JAA-Disain-156295277734632\\\/timeline\"]}]}<\/script>\n<!-- \/ Yoast SEO plugin. -->","yoast_head_json":{"title":"Uv tulostus - JAA Disain","description":"UV-print j\u00e4tab vahele tr\u00fcki kilele ning kile paigaldamise alusele. Printi saab teostada suurtel kiirustel s\u00e4ilitades k\u00f5ik kvaliteedistandardid.","robots":{"index":"index","follow":"follow","max-snippet":"max-snippet:-1","max-image-preview":"max-image-preview:large","max-video-preview":"max-video-preview:-1"},"canonical":"https:\/\/www.jaadisain.ee\/fi\/ulkomainokset\/digitulostus-ja-valokuvatulostus\/uv-tulostus\/","og_locale":"fi_FI","og_type":"article","og_title":"Uv tulostus - JAA Disain","og_description":"UV-print j\u00e4tab vahele tr\u00fcki kilele ning kile paigaldamise alusele. Printi saab teostada suurtel kiirustel s\u00e4ilitades k\u00f5ik kvaliteedistandardid.","og_url":"https:\/\/www.jaadisain.ee\/fi\/ulkomainokset\/digitulostus-ja-valokuvatulostus\/uv-tulostus\/","og_site_name":"JAA Disain","article_publisher":"https:\/\/www.facebook.com\/JAA-Disain-156295277734632\/timeline","article_modified_time":"2019-05-20T12:29:58+00:00","og_image":[{"width":1510,"height":1133,"url":"https:\/\/www.jaadisain.ee\/wp-content\/uploads\/2019\/05\/uv-print.jpg","type":"image\/jpeg"}],"twitter_card":"summary_large_image","twitter_misc":{"Arvioitu lukuaika":"2 minuuttia"},"schema":{"@context":"https:\/\/schema.org","@graph":[{"@type":"WebPage","@id":"https:\/\/www.jaadisain.ee\/fi\/ulkomainokset\/digitulostus-ja-valokuvatulostus\/uv-tulostus\/","url":"https:\/\/www.jaadisain.ee\/fi\/ulkomainokset\/digitulostus-ja-valokuvatulostus\/uv-tulostus\/","name":"Uv tulostus - JAA Disain","isPartOf":{"@id":"https:\/\/www.jaadisain.ee\/#website"},"primaryImageOfPage":{"@id":"https:\/\/www.jaadisain.ee\/fi\/ulkomainokset\/digitulostus-ja-valokuvatulostus\/uv-tulostus\/#primaryimage"},"image":{"@id":"https:\/\/www.jaadisain.ee\/fi\/ulkomainokset\/digitulostus-ja-valokuvatulostus\/uv-tulostus\/#primaryimage"},"thumbnailUrl":"https:\/\/www.jaadisain.ee\/wp-content\/uploads\/2019\/05\/uv-print.jpg","datePublished":"2019-05-20T10:30:53+00:00","dateModified":"2019-05-20T12:29:58+00:00","description":"UV-print j\u00e4tab vahele tr\u00fcki kilele ning kile paigaldamise alusele. Printi saab teostada suurtel kiirustel s\u00e4ilitades k\u00f5ik kvaliteedistandardid.","breadcrumb":{"@id":"https:\/\/www.jaadisain.ee\/fi\/ulkomainokset\/digitulostus-ja-valokuvatulostus\/uv-tulostus\/#breadcrumb"},"inLanguage":"fi","potentialAction":[{"@type":"ReadAction","target":["https:\/\/www.jaadisain.ee\/fi\/ulkomainokset\/digitulostus-ja-valokuvatulostus\/uv-tulostus\/"]}]},{"@type":"ImageObject","inLanguage":"fi","@id":"https:\/\/www.jaadisain.ee\/fi\/ulkomainokset\/digitulostus-ja-valokuvatulostus\/uv-tulostus\/#primaryimage","url":"https:\/\/www.jaadisain.ee\/wp-content\/uploads\/2019\/05\/uv-print.jpg","contentUrl":"https:\/\/www.jaadisain.ee\/wp-content\/uploads\/2019\/05\/uv-print.jpg","width":1510,"height":1133},{"@type":"BreadcrumbList","@id":"https:\/\/www.jaadisain.ee\/fi\/ulkomainokset\/digitulostus-ja-valokuvatulostus\/uv-tulostus\/#breadcrumb","itemListElement":[{"@type":"ListItem","position":1,"name":"Home","item":"https:\/\/www.jaadisain.ee\/fi\/"},{"@type":"ListItem","position":2,"name":"Tuotteet","item":"https:\/\/www.jaadisain.ee\/fi\/ulkomainokset\/"},{"@type":"ListItem","position":3,"name":"Digitulostus ja valokuvatulostus","item":"https:\/\/www.jaadisain.ee\/fi\/ulkomainokset\/digitulostus-ja-valokuvatulostus\/"},{"@type":"ListItem","position":4,"name":"Uv tulostus"}]},{"@type":"WebSite","@id":"https:\/\/www.jaadisain.ee\/#website","url":"https:\/\/www.jaadisain.ee\/","name":"JAA Disain","description":"Valgusreklaamide tootja aastast 1993","publisher":{"@id":"https:\/\/www.jaadisain.ee\/#organization"},"potentialAction":[{"@type":"SearchAction","target":{"@type":"EntryPoint","urlTemplate":"https:\/\/www.jaadisain.ee\/?s={search_term_string}"},"query-input":{"@type":"PropertyValueSpecification","valueRequired":true,"valueName":"search_term_string"}}],"inLanguage":"fi"},{"@type":"Organization","@id":"https:\/\/www.jaadisain.ee\/#organization","name":"JAA Disain","url":"https:\/\/www.jaadisain.ee\/","logo":{"@type":"ImageObject","inLanguage":"fi","@id":"https:\/\/www.jaadisain.ee\/#\/schema\/logo\/image\/","url":"https:\/\/www.jaadisain.ee\/wp-content\/uploads\/2016\/02\/JAA-Disain-logo.jpg","contentUrl":"https:\/\/www.jaadisain.ee\/wp-content\/uploads\/2016\/02\/JAA-Disain-logo.jpg","width":443,"height":259,"caption":"JAA Disain"},"image":{"@id":"https:\/\/www.jaadisain.ee\/#\/schema\/logo\/image\/"},"sameAs":["https:\/\/www.facebook.com\/JAA-Disain-156295277734632\/timeline"]}]}},"_links":{"self":[{"href":"https:\/\/www.jaadisain.ee\/fi\/wp-json\/wp\/v2\/pages\/10595","targetHints":{"allow":["GET"]}}],"collection":[{"href":"https:\/\/www.jaadisain.ee\/fi\/wp-json\/wp\/v2\/pages"}],"about":[{"href":"https:\/\/www.jaadisain.ee\/fi\/wp-json\/wp\/v2\/types\/page"}],"author":[{"embeddable":true,"href":"https:\/\/www.jaadisain.ee\/fi\/wp-json\/wp\/v2\/users\/4"}],"replies":[{"embeddable":true,"href":"https:\/\/www.jaadisain.ee\/fi\/wp-json\/wp\/v2\/comments?post=10595"}],"version-history":[{"count":3,"href":"https:\/\/www.jaadisain.ee\/fi\/wp-json\/wp\/v2\/pages\/10595\/revisions"}],"predecessor-version":[{"id":10619,"href":"https:\/\/www.jaadisain.ee\/fi\/wp-json\/wp\/v2\/pages\/10595\/revisions\/10619"}],"up":[{"embeddable":true,"href":"https:\/\/www.jaadisain.ee\/fi\/wp-json\/wp\/v2\/pages\/9057"}],"wp:featuredmedia":[{"embeddable":true,"href":"https:\/\/www.jaadisain.ee\/fi\/wp-json\/wp\/v2\/media\/10580"}],"wp:attachment":[{"href":"https:\/\/www.jaadisain.ee\/fi\/wp-json\/wp\/v2\/media?parent=10595"}],"curies":[{"name":"wp","href":"https:\/\/api.w.org\/{rel}","templated":true}]}}