{"id":10003,"date":"2017-09-18T10:44:02","date_gmt":"2017-09-18T08:44:02","guid":{"rendered":"http:\/\/www.jaadisain.ee\/ulkomainokset\/mainostaulut-ja-mainosbanderollit\/reklaamkuubikud\/"},"modified":"2017-09-20T12:47:57","modified_gmt":"2017-09-20T10:47:57","slug":"mainoskuutiot","status":"publish","type":"page","link":"https:\/\/www.jaadisain.ee\/fi\/ulkomainokset\/mainostaulut-ja-mainosbanderollit\/mainoskuutiot\/","title":{"rendered":"Mainoskuutiot"},"content":{"rendered":"<h2>Mainoskuutiot<\/h2>\n<p>Mainoskuutiot on yksi vaihtoehto, kun on tarpeen her\u00e4tt\u00e4\u00e4 kiinnostusta useampaan kuin kahteen suuntaan rakennuksen seinustalla ja kun suunniteltavan mainoksen sijainti antaa siihen mahdollisuuden. Nyky\u00e4\u00e4n voi esittelypintojen suunnittelussa usein huomata arkkitehdin kaavailleen rakennukseen jo etuk\u00e4teen katutasoa korkeammalle sijoittuvia ter\u00e4srakenteita. N\u00e4m\u00e4 kuutiot on rakennusvaiheessa tai my\u00f6s my\u00f6hemmin j\u00e4rkev\u00e4\u00e4 peitt\u00e4\u00e4 mainospinnoilla. Kuution koon ja rakenteen mukaan voi t\u00e4ll\u00f6in k\u00e4ytt\u00e4\u00e4 pohjamateriaalina painettuja mainoskankaita, alumiini- tai alumiiniyhdistelm\u00e4tauluja tai muita haluamiaan pohjamateriaaleja, jotka on viimeistelty <a href=\"https:\/\/uvprint.ee\/fi\/\" target=\"_blank\" rel=\"noopener\"><strong>paino-<\/strong> <\/a>tai liimaustekniikalla. Paljon k\u00e4ytet\u00e4\u00e4n my\u00f6s pienempi\u00e4 mainoskuutioita, jotka on pystytetty tai ripustettu pienempiin mutta avoimesti esill\u00e4 oleviin rakennuksiin. Tarvittaessa kuutiot voidaan valaista ulkoap\u00e4in k\u00e4ytt\u00e4m\u00e4ll\u00e4 LED-projektoreita tai asentamalla LED-moduuleja kuutioiden sis\u00e4lle valaisemaan etupinnat sis\u00e4puolelta k\u00e4sin. T\u00e4llaisessa tapauksessa olisi kyse jo <a href=\"https:\/\/www.jaadisain.ee\/fi\/ulkomainokset\/valokotelot-ja-mainostornit\/valomainoskotelot\/valokuutiot-ja-kolmiot\/\"><strong>valokuutiosta<\/strong><\/a> tai molemmista yhdess\u00e4.<\/p>\n","protected":false},"excerpt":{"rendered":"<p>Mainoskuutiot Mainoskuutiot on yksi vaihtoehto, kun on tarpeen her\u00e4tt\u00e4\u00e4 kiinnostusta useampaan kuin kahteen suuntaan rakennuksen seinustalla ja kun suunniteltavan mainoksen sijainti antaa siihen mahdollisuuden. Nyky\u00e4\u00e4n voi esittelypintojen suunnittelussa usein huomata arkkitehdin kaavailleen rakennukseen jo etuk\u00e4teen katutasoa korkeammalle sijoittuvia ter\u00e4srakenteita. N\u00e4m\u00e4 kuutiot on rakennusvaiheessa tai my\u00f6s my\u00f6hemmin j\u00e4rkev\u00e4\u00e4 peitt\u00e4\u00e4 mainospinnoilla. Kuution koon ja rakenteen mukaan voi [&hellip;]<\/p>\n","protected":false},"author":4,"featured_media":9996,"parent":9069,"menu_order":3,"comment_status":"closed","ping_status":"closed","template":"","meta":{"_acf_changed":false,"footnotes":""},"class_list":["post-10003","page","type-page","status-publish","has-post-thumbnail","hentry"],"acf":[],"yoast_head":"<!-- This site is optimized with the Yoast SEO plugin v27.3 - https:\/\/yoast.com\/product\/yoast-seo-wordpress\/ -->\n<title>Mainoskuutiot on yksi vaihtoehto yrityksen mainontaan.<\/title>\n<meta name=\"description\" content=\"Mainoskuutiot on yksi vaihtoehto, kun on tarpeen her\u00e4tt\u00e4\u00e4 kiinnostusta useampaan kuin kahteen suuntaan rakennuksen seinustalla.\" \/>\n<meta name=\"robots\" content=\"index, follow, max-snippet:-1, max-image-preview:large, max-video-preview:-1\" \/>\n<link rel=\"canonical\" href=\"https:\/\/www.jaadisain.ee\/fi\/ulkomainokset\/mainostaulut-ja-mainosbanderollit\/mainoskuutiot\/\" \/>\n<meta property=\"og:locale\" content=\"fi_FI\" \/>\n<meta property=\"og:type\" content=\"article\" \/>\n<meta property=\"og:title\" content=\"Mainoskuutiot on yksi vaihtoehto yrityksen mainontaan.\" \/>\n<meta property=\"og:description\" content=\"Mainoskuutiot on yksi vaihtoehto, kun on tarpeen her\u00e4tt\u00e4\u00e4 kiinnostusta useampaan kuin kahteen suuntaan rakennuksen seinustalla.\" \/>\n<meta property=\"og:url\" content=\"https:\/\/www.jaadisain.ee\/fi\/ulkomainokset\/mainostaulut-ja-mainosbanderollit\/mainoskuutiot\/\" \/>\n<meta property=\"og:site_name\" content=\"JAA Disain\" \/>\n<meta property=\"article:publisher\" content=\"https:\/\/www.facebook.com\/JAA-Disain-156295277734632\/timeline\" \/>\n<meta property=\"article:modified_time\" content=\"2017-09-20T10:47:57+00:00\" \/>\n<meta property=\"og:image\" content=\"https:\/\/www.jaadisain.ee\/wp-content\/uploads\/2017\/09\/reklaamkuubikud.jpeg\" \/>\n\t<meta property=\"og:image:width\" content=\"783\" \/>\n\t<meta property=\"og:image:height\" content=\"506\" \/>\n\t<meta property=\"og:image:type\" content=\"image\/jpeg\" \/>\n<meta name=\"twitter:card\" content=\"summary_large_image\" \/>\n<meta name=\"twitter:label1\" content=\"Arvioitu lukuaika\" \/>\n\t<meta name=\"twitter:data1\" content=\"1 minuutti\" \/>\n<script type=\"application\/ld+json\" class=\"yoast-schema-graph\">{\"@context\":\"https:\\\/\\\/schema.org\",\"@graph\":[{\"@type\":\"WebPage\",\"@id\":\"https:\\\/\\\/www.jaadisain.ee\\\/fi\\\/ulkomainokset\\\/mainostaulut-ja-mainosbanderollit\\\/mainoskuutiot\\\/\",\"url\":\"https:\\\/\\\/www.jaadisain.ee\\\/fi\\\/ulkomainokset\\\/mainostaulut-ja-mainosbanderollit\\\/mainoskuutiot\\\/\",\"name\":\"Mainoskuutiot on yksi vaihtoehto yrityksen mainontaan.\",\"isPartOf\":{\"@id\":\"https:\\\/\\\/www.jaadisain.ee\\\/#website\"},\"primaryImageOfPage\":{\"@id\":\"https:\\\/\\\/www.jaadisain.ee\\\/fi\\\/ulkomainokset\\\/mainostaulut-ja-mainosbanderollit\\\/mainoskuutiot\\\/#primaryimage\"},\"image\":{\"@id\":\"https:\\\/\\\/www.jaadisain.ee\\\/fi\\\/ulkomainokset\\\/mainostaulut-ja-mainosbanderollit\\\/mainoskuutiot\\\/#primaryimage\"},\"thumbnailUrl\":\"https:\\\/\\\/www.jaadisain.ee\\\/wp-content\\\/uploads\\\/2017\\\/09\\\/reklaamkuubikud.jpeg\",\"datePublished\":\"2017-09-18T08:44:02+00:00\",\"dateModified\":\"2017-09-20T10:47:57+00:00\",\"description\":\"Mainoskuutiot on yksi vaihtoehto, kun on tarpeen her\u00e4tt\u00e4\u00e4 kiinnostusta useampaan kuin kahteen suuntaan rakennuksen seinustalla.\",\"breadcrumb\":{\"@id\":\"https:\\\/\\\/www.jaadisain.ee\\\/fi\\\/ulkomainokset\\\/mainostaulut-ja-mainosbanderollit\\\/mainoskuutiot\\\/#breadcrumb\"},\"inLanguage\":\"fi\",\"potentialAction\":[{\"@type\":\"ReadAction\",\"target\":[\"https:\\\/\\\/www.jaadisain.ee\\\/fi\\\/ulkomainokset\\\/mainostaulut-ja-mainosbanderollit\\\/mainoskuutiot\\\/\"]}]},{\"@type\":\"ImageObject\",\"inLanguage\":\"fi\",\"@id\":\"https:\\\/\\\/www.jaadisain.ee\\\/fi\\\/ulkomainokset\\\/mainostaulut-ja-mainosbanderollit\\\/mainoskuutiot\\\/#primaryimage\",\"url\":\"https:\\\/\\\/www.jaadisain.ee\\\/wp-content\\\/uploads\\\/2017\\\/09\\\/reklaamkuubikud.jpeg\",\"contentUrl\":\"https:\\\/\\\/www.jaadisain.ee\\\/wp-content\\\/uploads\\\/2017\\\/09\\\/reklaamkuubikud.jpeg\",\"width\":783,\"height\":506},{\"@type\":\"BreadcrumbList\",\"@id\":\"https:\\\/\\\/www.jaadisain.ee\\\/fi\\\/ulkomainokset\\\/mainostaulut-ja-mainosbanderollit\\\/mainoskuutiot\\\/#breadcrumb\",\"itemListElement\":[{\"@type\":\"ListItem\",\"position\":1,\"name\":\"Home\",\"item\":\"https:\\\/\\\/www.jaadisain.ee\\\/fi\\\/\"},{\"@type\":\"ListItem\",\"position\":2,\"name\":\"Tuotteet\",\"item\":\"https:\\\/\\\/www.jaadisain.ee\\\/fi\\\/ulkomainokset\\\/\"},{\"@type\":\"ListItem\",\"position\":3,\"name\":\"Mainostaulut ja mainosbanderollit\",\"item\":\"https:\\\/\\\/www.jaadisain.ee\\\/fi\\\/ulkomainokset\\\/mainostaulut-ja-mainosbanderollit\\\/\"},{\"@type\":\"ListItem\",\"position\":4,\"name\":\"Mainoskuutiot\"}]},{\"@type\":\"WebSite\",\"@id\":\"https:\\\/\\\/www.jaadisain.ee\\\/#website\",\"url\":\"https:\\\/\\\/www.jaadisain.ee\\\/\",\"name\":\"JAA Disain\",\"description\":\"Valgusreklaamide tootja aastast 1993\",\"publisher\":{\"@id\":\"https:\\\/\\\/www.jaadisain.ee\\\/#organization\"},\"potentialAction\":[{\"@type\":\"SearchAction\",\"target\":{\"@type\":\"EntryPoint\",\"urlTemplate\":\"https:\\\/\\\/www.jaadisain.ee\\\/?s={search_term_string}\"},\"query-input\":{\"@type\":\"PropertyValueSpecification\",\"valueRequired\":true,\"valueName\":\"search_term_string\"}}],\"inLanguage\":\"fi\"},{\"@type\":\"Organization\",\"@id\":\"https:\\\/\\\/www.jaadisain.ee\\\/#organization\",\"name\":\"JAA Disain\",\"url\":\"https:\\\/\\\/www.jaadisain.ee\\\/\",\"logo\":{\"@type\":\"ImageObject\",\"inLanguage\":\"fi\",\"@id\":\"https:\\\/\\\/www.jaadisain.ee\\\/#\\\/schema\\\/logo\\\/image\\\/\",\"url\":\"https:\\\/\\\/www.jaadisain.ee\\\/wp-content\\\/uploads\\\/2016\\\/02\\\/JAA-Disain-logo.jpg\",\"contentUrl\":\"https:\\\/\\\/www.jaadisain.ee\\\/wp-content\\\/uploads\\\/2016\\\/02\\\/JAA-Disain-logo.jpg\",\"width\":443,\"height\":259,\"caption\":\"JAA Disain\"},\"image\":{\"@id\":\"https:\\\/\\\/www.jaadisain.ee\\\/#\\\/schema\\\/logo\\\/image\\\/\"},\"sameAs\":[\"https:\\\/\\\/www.facebook.com\\\/JAA-Disain-156295277734632\\\/timeline\"]}]}<\/script>\n<!-- \/ Yoast SEO plugin. -->","yoast_head_json":{"title":"Mainoskuutiot on yksi vaihtoehto yrityksen mainontaan.","description":"Mainoskuutiot on yksi vaihtoehto, kun on tarpeen her\u00e4tt\u00e4\u00e4 kiinnostusta useampaan kuin kahteen suuntaan rakennuksen seinustalla.","robots":{"index":"index","follow":"follow","max-snippet":"max-snippet:-1","max-image-preview":"max-image-preview:large","max-video-preview":"max-video-preview:-1"},"canonical":"https:\/\/www.jaadisain.ee\/fi\/ulkomainokset\/mainostaulut-ja-mainosbanderollit\/mainoskuutiot\/","og_locale":"fi_FI","og_type":"article","og_title":"Mainoskuutiot on yksi vaihtoehto yrityksen mainontaan.","og_description":"Mainoskuutiot on yksi vaihtoehto, kun on tarpeen her\u00e4tt\u00e4\u00e4 kiinnostusta useampaan kuin kahteen suuntaan rakennuksen seinustalla.","og_url":"https:\/\/www.jaadisain.ee\/fi\/ulkomainokset\/mainostaulut-ja-mainosbanderollit\/mainoskuutiot\/","og_site_name":"JAA Disain","article_publisher":"https:\/\/www.facebook.com\/JAA-Disain-156295277734632\/timeline","article_modified_time":"2017-09-20T10:47:57+00:00","og_image":[{"width":783,"height":506,"url":"https:\/\/www.jaadisain.ee\/wp-content\/uploads\/2017\/09\/reklaamkuubikud.jpeg","type":"image\/jpeg"}],"twitter_card":"summary_large_image","twitter_misc":{"Arvioitu lukuaika":"1 minuutti"},"schema":{"@context":"https:\/\/schema.org","@graph":[{"@type":"WebPage","@id":"https:\/\/www.jaadisain.ee\/fi\/ulkomainokset\/mainostaulut-ja-mainosbanderollit\/mainoskuutiot\/","url":"https:\/\/www.jaadisain.ee\/fi\/ulkomainokset\/mainostaulut-ja-mainosbanderollit\/mainoskuutiot\/","name":"Mainoskuutiot on yksi vaihtoehto yrityksen mainontaan.","isPartOf":{"@id":"https:\/\/www.jaadisain.ee\/#website"},"primaryImageOfPage":{"@id":"https:\/\/www.jaadisain.ee\/fi\/ulkomainokset\/mainostaulut-ja-mainosbanderollit\/mainoskuutiot\/#primaryimage"},"image":{"@id":"https:\/\/www.jaadisain.ee\/fi\/ulkomainokset\/mainostaulut-ja-mainosbanderollit\/mainoskuutiot\/#primaryimage"},"thumbnailUrl":"https:\/\/www.jaadisain.ee\/wp-content\/uploads\/2017\/09\/reklaamkuubikud.jpeg","datePublished":"2017-09-18T08:44:02+00:00","dateModified":"2017-09-20T10:47:57+00:00","description":"Mainoskuutiot on yksi vaihtoehto, kun on tarpeen her\u00e4tt\u00e4\u00e4 kiinnostusta useampaan kuin kahteen suuntaan rakennuksen seinustalla.","breadcrumb":{"@id":"https:\/\/www.jaadisain.ee\/fi\/ulkomainokset\/mainostaulut-ja-mainosbanderollit\/mainoskuutiot\/#breadcrumb"},"inLanguage":"fi","potentialAction":[{"@type":"ReadAction","target":["https:\/\/www.jaadisain.ee\/fi\/ulkomainokset\/mainostaulut-ja-mainosbanderollit\/mainoskuutiot\/"]}]},{"@type":"ImageObject","inLanguage":"fi","@id":"https:\/\/www.jaadisain.ee\/fi\/ulkomainokset\/mainostaulut-ja-mainosbanderollit\/mainoskuutiot\/#primaryimage","url":"https:\/\/www.jaadisain.ee\/wp-content\/uploads\/2017\/09\/reklaamkuubikud.jpeg","contentUrl":"https:\/\/www.jaadisain.ee\/wp-content\/uploads\/2017\/09\/reklaamkuubikud.jpeg","width":783,"height":506},{"@type":"BreadcrumbList","@id":"https:\/\/www.jaadisain.ee\/fi\/ulkomainokset\/mainostaulut-ja-mainosbanderollit\/mainoskuutiot\/#breadcrumb","itemListElement":[{"@type":"ListItem","position":1,"name":"Home","item":"https:\/\/www.jaadisain.ee\/fi\/"},{"@type":"ListItem","position":2,"name":"Tuotteet","item":"https:\/\/www.jaadisain.ee\/fi\/ulkomainokset\/"},{"@type":"ListItem","position":3,"name":"Mainostaulut ja mainosbanderollit","item":"https:\/\/www.jaadisain.ee\/fi\/ulkomainokset\/mainostaulut-ja-mainosbanderollit\/"},{"@type":"ListItem","position":4,"name":"Mainoskuutiot"}]},{"@type":"WebSite","@id":"https:\/\/www.jaadisain.ee\/#website","url":"https:\/\/www.jaadisain.ee\/","name":"JAA Disain","description":"Valgusreklaamide tootja aastast 1993","publisher":{"@id":"https:\/\/www.jaadisain.ee\/#organization"},"potentialAction":[{"@type":"SearchAction","target":{"@type":"EntryPoint","urlTemplate":"https:\/\/www.jaadisain.ee\/?s={search_term_string}"},"query-input":{"@type":"PropertyValueSpecification","valueRequired":true,"valueName":"search_term_string"}}],"inLanguage":"fi"},{"@type":"Organization","@id":"https:\/\/www.jaadisain.ee\/#organization","name":"JAA Disain","url":"https:\/\/www.jaadisain.ee\/","logo":{"@type":"ImageObject","inLanguage":"fi","@id":"https:\/\/www.jaadisain.ee\/#\/schema\/logo\/image\/","url":"https:\/\/www.jaadisain.ee\/wp-content\/uploads\/2016\/02\/JAA-Disain-logo.jpg","contentUrl":"https:\/\/www.jaadisain.ee\/wp-content\/uploads\/2016\/02\/JAA-Disain-logo.jpg","width":443,"height":259,"caption":"JAA Disain"},"image":{"@id":"https:\/\/www.jaadisain.ee\/#\/schema\/logo\/image\/"},"sameAs":["https:\/\/www.facebook.com\/JAA-Disain-156295277734632\/timeline"]}]}},"_links":{"self":[{"href":"https:\/\/www.jaadisain.ee\/fi\/wp-json\/wp\/v2\/pages\/10003","targetHints":{"allow":["GET"]}}],"collection":[{"href":"https:\/\/www.jaadisain.ee\/fi\/wp-json\/wp\/v2\/pages"}],"about":[{"href":"https:\/\/www.jaadisain.ee\/fi\/wp-json\/wp\/v2\/types\/page"}],"author":[{"embeddable":true,"href":"https:\/\/www.jaadisain.ee\/fi\/wp-json\/wp\/v2\/users\/4"}],"replies":[{"embeddable":true,"href":"https:\/\/www.jaadisain.ee\/fi\/wp-json\/wp\/v2\/comments?post=10003"}],"version-history":[{"count":1,"href":"https:\/\/www.jaadisain.ee\/fi\/wp-json\/wp\/v2\/pages\/10003\/revisions"}],"predecessor-version":[{"id":10015,"href":"https:\/\/www.jaadisain.ee\/fi\/wp-json\/wp\/v2\/pages\/10003\/revisions\/10015"}],"up":[{"embeddable":true,"href":"https:\/\/www.jaadisain.ee\/fi\/wp-json\/wp\/v2\/pages\/9069"}],"wp:featuredmedia":[{"embeddable":true,"href":"https:\/\/www.jaadisain.ee\/fi\/wp-json\/wp\/v2\/media\/9996"}],"wp:attachment":[{"href":"https:\/\/www.jaadisain.ee\/fi\/wp-json\/wp\/v2\/media?parent=10003"}],"curies":[{"name":"wp","href":"https:\/\/api.w.org\/{rel}","templated":true}]}}