{"id":9908,"date":"2017-05-02T10:23:04","date_gmt":"2017-05-02T08:23:04","guid":{"rendered":"http:\/\/www.jaadisain.ee\/key-projects\/reklaamid\/"},"modified":"2017-05-30T13:43:39","modified_gmt":"2017-05-30T11:43:39","slug":"illuminated-signs","status":"publish","type":"page","link":"https:\/\/www.jaadisain.ee\/en\/key-projects\/illuminated-signs\/","title":{"rendered":"Illuminated signs in Technopolis \u00dclemiste"},"content":{"rendered":"<h2>Illuminated signs in Technopolis \u00dclemiste<\/h2>\n<p>Illuminated signs in Technopolis \u00dclemiste made in <a href=\"https:\/\/www.jaadisain.ee\/en\/products\/\" target=\"_blank\" rel=\"noopener noreferrer\">different ways<\/a> and from different materials.<br \/>\nLocation: Technopolis \u00dclemiste, Tallinn<\/p>\n","protected":false},"excerpt":{"rendered":"<p>Illuminated signs in Technopolis \u00dclemiste Illuminated signs in Technopolis \u00dclemiste made in different ways and from different materials. Location: Technopolis \u00dclemiste, Tallinn<\/p>\n","protected":false},"author":2,"featured_media":9768,"parent":7038,"menu_order":0,"comment_status":"closed","ping_status":"closed","template":"","meta":{"_acf_changed":false,"footnotes":""},"class_list":["post-9908","page","type-page","status-publish","has-post-thumbnail","hentry"],"acf":[],"yoast_head":"<!-- This site is optimized with the Yoast SEO plugin v27.3 - https:\/\/yoast.com\/product\/yoast-seo-wordpress\/ -->\n<title>Illuminated signs in Technopolis \u00dclemiste - producer JAA Disain O\u00dc<\/title>\n<meta name=\"description\" content=\"Illuminated signs in Technopolis \u00dclemiste made in different ways and from different material. Most of the signs have LED illumination. Producer JAA Disain.\" \/>\n<meta name=\"robots\" content=\"index, follow, max-snippet:-1, max-image-preview:large, max-video-preview:-1\" \/>\n<link rel=\"canonical\" href=\"https:\/\/www.jaadisain.ee\/en\/key-projects\/illuminated-signs\/\" \/>\n<meta property=\"og:locale\" content=\"en_US\" \/>\n<meta property=\"og:type\" content=\"article\" \/>\n<meta property=\"og:title\" content=\"Illuminated signs in Technopolis \u00dclemiste - producer JAA Disain O\u00dc\" \/>\n<meta property=\"og:description\" content=\"Illuminated signs in Technopolis \u00dclemiste made in different ways and from different material. Most of the signs have LED illumination. Producer JAA Disain.\" \/>\n<meta property=\"og:url\" content=\"https:\/\/www.jaadisain.ee\/en\/key-projects\/illuminated-signs\/\" \/>\n<meta property=\"og:site_name\" content=\"JAA Disain\" \/>\n<meta property=\"article:publisher\" content=\"https:\/\/www.facebook.com\/JAA-Disain-156295277734632\/timeline\" \/>\n<meta property=\"article:modified_time\" content=\"2017-05-30T11:43:39+00:00\" \/>\n<meta property=\"og:image\" content=\"https:\/\/www.jaadisain.ee\/wp-content\/uploads\/2017\/05\/reklaamid.jpg\" \/>\n\t<meta property=\"og:image:width\" content=\"2048\" \/>\n\t<meta property=\"og:image:height\" content=\"1365\" \/>\n\t<meta property=\"og:image:type\" content=\"image\/jpeg\" \/>\n<meta name=\"twitter:card\" content=\"summary_large_image\" \/>\n<script type=\"application\/ld+json\" class=\"yoast-schema-graph\">{\"@context\":\"https:\\\/\\\/schema.org\",\"@graph\":[{\"@type\":\"WebPage\",\"@id\":\"https:\\\/\\\/www.jaadisain.ee\\\/en\\\/key-projects\\\/illuminated-signs\\\/\",\"url\":\"https:\\\/\\\/www.jaadisain.ee\\\/en\\\/key-projects\\\/illuminated-signs\\\/\",\"name\":\"Illuminated signs in Technopolis \u00dclemiste - producer JAA Disain O\u00dc\",\"isPartOf\":{\"@id\":\"https:\\\/\\\/www.jaadisain.ee\\\/#website\"},\"primaryImageOfPage\":{\"@id\":\"https:\\\/\\\/www.jaadisain.ee\\\/en\\\/key-projects\\\/illuminated-signs\\\/#primaryimage\"},\"image\":{\"@id\":\"https:\\\/\\\/www.jaadisain.ee\\\/en\\\/key-projects\\\/illuminated-signs\\\/#primaryimage\"},\"thumbnailUrl\":\"https:\\\/\\\/www.jaadisain.ee\\\/wp-content\\\/uploads\\\/2017\\\/05\\\/reklaamid.jpg\",\"datePublished\":\"2017-05-02T08:23:04+00:00\",\"dateModified\":\"2017-05-30T11:43:39+00:00\",\"description\":\"Illuminated signs in Technopolis \u00dclemiste made in different ways and from different material. Most of the signs have LED illumination. Producer JAA Disain.\",\"breadcrumb\":{\"@id\":\"https:\\\/\\\/www.jaadisain.ee\\\/en\\\/key-projects\\\/illuminated-signs\\\/#breadcrumb\"},\"inLanguage\":\"en-US\",\"potentialAction\":[{\"@type\":\"ReadAction\",\"target\":[\"https:\\\/\\\/www.jaadisain.ee\\\/en\\\/key-projects\\\/illuminated-signs\\\/\"]}]},{\"@type\":\"ImageObject\",\"inLanguage\":\"en-US\",\"@id\":\"https:\\\/\\\/www.jaadisain.ee\\\/en\\\/key-projects\\\/illuminated-signs\\\/#primaryimage\",\"url\":\"https:\\\/\\\/www.jaadisain.ee\\\/wp-content\\\/uploads\\\/2017\\\/05\\\/reklaamid.jpg\",\"contentUrl\":\"https:\\\/\\\/www.jaadisain.ee\\\/wp-content\\\/uploads\\\/2017\\\/05\\\/reklaamid.jpg\",\"width\":2048,\"height\":1365},{\"@type\":\"BreadcrumbList\",\"@id\":\"https:\\\/\\\/www.jaadisain.ee\\\/en\\\/key-projects\\\/illuminated-signs\\\/#breadcrumb\",\"itemListElement\":[{\"@type\":\"ListItem\",\"position\":1,\"name\":\"Home\",\"item\":\"https:\\\/\\\/www.jaadisain.ee\\\/en\\\/\"},{\"@type\":\"ListItem\",\"position\":2,\"name\":\"Key projects\",\"item\":\"https:\\\/\\\/www.jaadisain.ee\\\/en\\\/key-projects\\\/\"},{\"@type\":\"ListItem\",\"position\":3,\"name\":\"Illuminated signs in Technopolis \u00dclemiste\"}]},{\"@type\":\"WebSite\",\"@id\":\"https:\\\/\\\/www.jaadisain.ee\\\/#website\",\"url\":\"https:\\\/\\\/www.jaadisain.ee\\\/\",\"name\":\"JAA Disain\",\"description\":\"Valgusreklaamide tootja aastast 1993\",\"publisher\":{\"@id\":\"https:\\\/\\\/www.jaadisain.ee\\\/#organization\"},\"potentialAction\":[{\"@type\":\"SearchAction\",\"target\":{\"@type\":\"EntryPoint\",\"urlTemplate\":\"https:\\\/\\\/www.jaadisain.ee\\\/?s={search_term_string}\"},\"query-input\":{\"@type\":\"PropertyValueSpecification\",\"valueRequired\":true,\"valueName\":\"search_term_string\"}}],\"inLanguage\":\"en-US\"},{\"@type\":\"Organization\",\"@id\":\"https:\\\/\\\/www.jaadisain.ee\\\/#organization\",\"name\":\"JAA Disain\",\"url\":\"https:\\\/\\\/www.jaadisain.ee\\\/\",\"logo\":{\"@type\":\"ImageObject\",\"inLanguage\":\"en-US\",\"@id\":\"https:\\\/\\\/www.jaadisain.ee\\\/#\\\/schema\\\/logo\\\/image\\\/\",\"url\":\"https:\\\/\\\/www.jaadisain.ee\\\/wp-content\\\/uploads\\\/2016\\\/02\\\/JAA-Disain-logo.jpg\",\"contentUrl\":\"https:\\\/\\\/www.jaadisain.ee\\\/wp-content\\\/uploads\\\/2016\\\/02\\\/JAA-Disain-logo.jpg\",\"width\":443,\"height\":259,\"caption\":\"JAA Disain\"},\"image\":{\"@id\":\"https:\\\/\\\/www.jaadisain.ee\\\/#\\\/schema\\\/logo\\\/image\\\/\"},\"sameAs\":[\"https:\\\/\\\/www.facebook.com\\\/JAA-Disain-156295277734632\\\/timeline\"]}]}<\/script>\n<!-- \/ Yoast SEO plugin. -->","yoast_head_json":{"title":"Illuminated signs in Technopolis \u00dclemiste - producer JAA Disain O\u00dc","description":"Illuminated signs in Technopolis \u00dclemiste made in different ways and from different material. Most of the signs have LED illumination. Producer JAA Disain.","robots":{"index":"index","follow":"follow","max-snippet":"max-snippet:-1","max-image-preview":"max-image-preview:large","max-video-preview":"max-video-preview:-1"},"canonical":"https:\/\/www.jaadisain.ee\/en\/key-projects\/illuminated-signs\/","og_locale":"en_US","og_type":"article","og_title":"Illuminated signs in Technopolis \u00dclemiste - producer JAA Disain O\u00dc","og_description":"Illuminated signs in Technopolis \u00dclemiste made in different ways and from different material. Most of the signs have LED illumination. Producer JAA Disain.","og_url":"https:\/\/www.jaadisain.ee\/en\/key-projects\/illuminated-signs\/","og_site_name":"JAA Disain","article_publisher":"https:\/\/www.facebook.com\/JAA-Disain-156295277734632\/timeline","article_modified_time":"2017-05-30T11:43:39+00:00","og_image":[{"width":2048,"height":1365,"url":"https:\/\/www.jaadisain.ee\/wp-content\/uploads\/2017\/05\/reklaamid.jpg","type":"image\/jpeg"}],"twitter_card":"summary_large_image","schema":{"@context":"https:\/\/schema.org","@graph":[{"@type":"WebPage","@id":"https:\/\/www.jaadisain.ee\/en\/key-projects\/illuminated-signs\/","url":"https:\/\/www.jaadisain.ee\/en\/key-projects\/illuminated-signs\/","name":"Illuminated signs in Technopolis \u00dclemiste - producer JAA Disain O\u00dc","isPartOf":{"@id":"https:\/\/www.jaadisain.ee\/#website"},"primaryImageOfPage":{"@id":"https:\/\/www.jaadisain.ee\/en\/key-projects\/illuminated-signs\/#primaryimage"},"image":{"@id":"https:\/\/www.jaadisain.ee\/en\/key-projects\/illuminated-signs\/#primaryimage"},"thumbnailUrl":"https:\/\/www.jaadisain.ee\/wp-content\/uploads\/2017\/05\/reklaamid.jpg","datePublished":"2017-05-02T08:23:04+00:00","dateModified":"2017-05-30T11:43:39+00:00","description":"Illuminated signs in Technopolis \u00dclemiste made in different ways and from different material. Most of the signs have LED illumination. Producer JAA Disain.","breadcrumb":{"@id":"https:\/\/www.jaadisain.ee\/en\/key-projects\/illuminated-signs\/#breadcrumb"},"inLanguage":"en-US","potentialAction":[{"@type":"ReadAction","target":["https:\/\/www.jaadisain.ee\/en\/key-projects\/illuminated-signs\/"]}]},{"@type":"ImageObject","inLanguage":"en-US","@id":"https:\/\/www.jaadisain.ee\/en\/key-projects\/illuminated-signs\/#primaryimage","url":"https:\/\/www.jaadisain.ee\/wp-content\/uploads\/2017\/05\/reklaamid.jpg","contentUrl":"https:\/\/www.jaadisain.ee\/wp-content\/uploads\/2017\/05\/reklaamid.jpg","width":2048,"height":1365},{"@type":"BreadcrumbList","@id":"https:\/\/www.jaadisain.ee\/en\/key-projects\/illuminated-signs\/#breadcrumb","itemListElement":[{"@type":"ListItem","position":1,"name":"Home","item":"https:\/\/www.jaadisain.ee\/en\/"},{"@type":"ListItem","position":2,"name":"Key projects","item":"https:\/\/www.jaadisain.ee\/en\/key-projects\/"},{"@type":"ListItem","position":3,"name":"Illuminated signs in Technopolis \u00dclemiste"}]},{"@type":"WebSite","@id":"https:\/\/www.jaadisain.ee\/#website","url":"https:\/\/www.jaadisain.ee\/","name":"JAA Disain","description":"Valgusreklaamide tootja aastast 1993","publisher":{"@id":"https:\/\/www.jaadisain.ee\/#organization"},"potentialAction":[{"@type":"SearchAction","target":{"@type":"EntryPoint","urlTemplate":"https:\/\/www.jaadisain.ee\/?s={search_term_string}"},"query-input":{"@type":"PropertyValueSpecification","valueRequired":true,"valueName":"search_term_string"}}],"inLanguage":"en-US"},{"@type":"Organization","@id":"https:\/\/www.jaadisain.ee\/#organization","name":"JAA Disain","url":"https:\/\/www.jaadisain.ee\/","logo":{"@type":"ImageObject","inLanguage":"en-US","@id":"https:\/\/www.jaadisain.ee\/#\/schema\/logo\/image\/","url":"https:\/\/www.jaadisain.ee\/wp-content\/uploads\/2016\/02\/JAA-Disain-logo.jpg","contentUrl":"https:\/\/www.jaadisain.ee\/wp-content\/uploads\/2016\/02\/JAA-Disain-logo.jpg","width":443,"height":259,"caption":"JAA Disain"},"image":{"@id":"https:\/\/www.jaadisain.ee\/#\/schema\/logo\/image\/"},"sameAs":["https:\/\/www.facebook.com\/JAA-Disain-156295277734632\/timeline"]}]}},"_links":{"self":[{"href":"https:\/\/www.jaadisain.ee\/en\/wp-json\/wp\/v2\/pages\/9908","targetHints":{"allow":["GET"]}}],"collection":[{"href":"https:\/\/www.jaadisain.ee\/en\/wp-json\/wp\/v2\/pages"}],"about":[{"href":"https:\/\/www.jaadisain.ee\/en\/wp-json\/wp\/v2\/types\/page"}],"author":[{"embeddable":true,"href":"https:\/\/www.jaadisain.ee\/en\/wp-json\/wp\/v2\/users\/2"}],"replies":[{"embeddable":true,"href":"https:\/\/www.jaadisain.ee\/en\/wp-json\/wp\/v2\/comments?post=9908"}],"version-history":[{"count":1,"href":"https:\/\/www.jaadisain.ee\/en\/wp-json\/wp\/v2\/pages\/9908\/revisions"}],"predecessor-version":[{"id":9913,"href":"https:\/\/www.jaadisain.ee\/en\/wp-json\/wp\/v2\/pages\/9908\/revisions\/9913"}],"up":[{"embeddable":true,"href":"https:\/\/www.jaadisain.ee\/en\/wp-json\/wp\/v2\/pages\/7038"}],"wp:featuredmedia":[{"embeddable":true,"href":"https:\/\/www.jaadisain.ee\/en\/wp-json\/wp\/v2\/media\/9768"}],"wp:attachment":[{"href":"https:\/\/www.jaadisain.ee\/en\/wp-json\/wp\/v2\/media?parent=9908"}],"curies":[{"name":"wp","href":"https:\/\/api.w.org\/{rel}","templated":true}]}}