{"id":9895,"date":"2017-04-24T10:22:36","date_gmt":"2017-04-24T08:22:36","guid":{"rendered":"http:\/\/www.jaadisain.ee\/products\/channel-letters\/front-illuminated-letters\/valgustahed-katusel\/"},"modified":"2017-05-26T10:58:43","modified_gmt":"2017-05-26T08:58:43","slug":"channel-letters","status":"publish","type":"page","link":"https:\/\/www.jaadisain.ee\/en\/products\/channel-letters\/front-illuminated-letters\/channel-letters\/","title":{"rendered":"Channel letters on the roof"},"content":{"rendered":"<h2>Channel letters on the roof<\/h2>\n<p>Channel letters on the roof is made of aluminium and powderpainted. High quality LED modules behind the truLED opal glas. Video about whole sign including wall animation you an watch <a href=\"https:\/\/www.facebook.com\/156295277734632\/videos\/1355167567847391\/\" target=\"_blank\" rel=\"noopener noreferrer\"><strong>HERE.<\/strong><\/a><br \/>\nSize: 16 x 13,8 m<br \/>\nLocation: \u00dclemiste City, Suur-S\u00f5jam\u00e4e 12a, Tallinn<\/p>\n","protected":false},"excerpt":{"rendered":"<p>Channel letters on the roof Channel letters on the roof is made of aluminium and powderpainted. High quality LED modules behind the truLED opal glas. Video about whole sign including wall animation you an watch HERE. Size: 16 x 13,8 m Location: \u00dclemiste City, Suur-S\u00f5jam\u00e4e 12a, Tallinn<\/p>\n","protected":false},"author":2,"featured_media":9763,"parent":5289,"menu_order":0,"comment_status":"closed","ping_status":"closed","template":"","meta":{"_acf_changed":false,"footnotes":""},"class_list":["post-9895","page","type-page","status-publish","has-post-thumbnail","hentry"],"acf":[],"yoast_head":"<!-- This site is optimized with the Yoast SEO plugin v27.3 - https:\/\/yoast.com\/product\/yoast-seo-wordpress\/ -->\n<title>Channel letters on the roof is made of aluminium and powderpainted.<\/title>\n<meta name=\"description\" content=\"Channel letters on the roof is made of aluminium and powderpainted. High quality LED modules behind the truLED opal glas.\" \/>\n<meta name=\"robots\" content=\"index, follow, max-snippet:-1, max-image-preview:large, max-video-preview:-1\" \/>\n<link rel=\"canonical\" href=\"https:\/\/www.jaadisain.ee\/en\/products\/channel-letters\/front-illuminated-letters\/channel-letters\/\" \/>\n<meta property=\"og:locale\" content=\"en_US\" \/>\n<meta property=\"og:type\" content=\"article\" \/>\n<meta property=\"og:title\" content=\"Channel letters on the roof is made of aluminium and powderpainted.\" \/>\n<meta property=\"og:description\" content=\"Channel letters on the roof is made of aluminium and powderpainted. High quality LED modules behind the truLED opal glas.\" \/>\n<meta property=\"og:url\" content=\"https:\/\/www.jaadisain.ee\/en\/products\/channel-letters\/front-illuminated-letters\/channel-letters\/\" \/>\n<meta property=\"og:site_name\" content=\"JAA Disain\" \/>\n<meta property=\"article:publisher\" content=\"https:\/\/www.facebook.com\/JAA-Disain-156295277734632\/timeline\" \/>\n<meta property=\"article:modified_time\" content=\"2017-05-26T08:58:43+00:00\" \/>\n<meta property=\"og:image\" content=\"https:\/\/www.jaadisain.ee\/wp-content\/uploads\/2017\/04\/valgustaehed-katusel.jpg\" \/>\n\t<meta property=\"og:image:width\" content=\"2048\" \/>\n\t<meta property=\"og:image:height\" content=\"1365\" \/>\n\t<meta property=\"og:image:type\" content=\"image\/jpeg\" \/>\n<meta name=\"twitter:card\" content=\"summary_large_image\" \/>\n<script type=\"application\/ld+json\" class=\"yoast-schema-graph\">{\"@context\":\"https:\\\/\\\/schema.org\",\"@graph\":[{\"@type\":\"WebPage\",\"@id\":\"https:\\\/\\\/www.jaadisain.ee\\\/en\\\/products\\\/channel-letters\\\/front-illuminated-letters\\\/channel-letters\\\/\",\"url\":\"https:\\\/\\\/www.jaadisain.ee\\\/en\\\/products\\\/channel-letters\\\/front-illuminated-letters\\\/channel-letters\\\/\",\"name\":\"Channel letters on the roof is made of aluminium and powderpainted.\",\"isPartOf\":{\"@id\":\"https:\\\/\\\/www.jaadisain.ee\\\/#website\"},\"primaryImageOfPage\":{\"@id\":\"https:\\\/\\\/www.jaadisain.ee\\\/en\\\/products\\\/channel-letters\\\/front-illuminated-letters\\\/channel-letters\\\/#primaryimage\"},\"image\":{\"@id\":\"https:\\\/\\\/www.jaadisain.ee\\\/en\\\/products\\\/channel-letters\\\/front-illuminated-letters\\\/channel-letters\\\/#primaryimage\"},\"thumbnailUrl\":\"https:\\\/\\\/www.jaadisain.ee\\\/wp-content\\\/uploads\\\/2017\\\/04\\\/valgustaehed-katusel.jpg\",\"datePublished\":\"2017-04-24T08:22:36+00:00\",\"dateModified\":\"2017-05-26T08:58:43+00:00\",\"description\":\"Channel letters on the roof is made of aluminium and powderpainted. High quality LED modules behind the truLED opal glas.\",\"breadcrumb\":{\"@id\":\"https:\\\/\\\/www.jaadisain.ee\\\/en\\\/products\\\/channel-letters\\\/front-illuminated-letters\\\/channel-letters\\\/#breadcrumb\"},\"inLanguage\":\"en-US\",\"potentialAction\":[{\"@type\":\"ReadAction\",\"target\":[\"https:\\\/\\\/www.jaadisain.ee\\\/en\\\/products\\\/channel-letters\\\/front-illuminated-letters\\\/channel-letters\\\/\"]}]},{\"@type\":\"ImageObject\",\"inLanguage\":\"en-US\",\"@id\":\"https:\\\/\\\/www.jaadisain.ee\\\/en\\\/products\\\/channel-letters\\\/front-illuminated-letters\\\/channel-letters\\\/#primaryimage\",\"url\":\"https:\\\/\\\/www.jaadisain.ee\\\/wp-content\\\/uploads\\\/2017\\\/04\\\/valgustaehed-katusel.jpg\",\"contentUrl\":\"https:\\\/\\\/www.jaadisain.ee\\\/wp-content\\\/uploads\\\/2017\\\/04\\\/valgustaehed-katusel.jpg\",\"width\":2048,\"height\":1365},{\"@type\":\"BreadcrumbList\",\"@id\":\"https:\\\/\\\/www.jaadisain.ee\\\/en\\\/products\\\/channel-letters\\\/front-illuminated-letters\\\/channel-letters\\\/#breadcrumb\",\"itemListElement\":[{\"@type\":\"ListItem\",\"position\":1,\"name\":\"Home\",\"item\":\"https:\\\/\\\/www.jaadisain.ee\\\/en\\\/\"},{\"@type\":\"ListItem\",\"position\":2,\"name\":\"PRODUCTS\",\"item\":\"https:\\\/\\\/www.jaadisain.ee\\\/en\\\/products\\\/\"},{\"@type\":\"ListItem\",\"position\":3,\"name\":\"Channel letters\",\"item\":\"https:\\\/\\\/www.jaadisain.ee\\\/en\\\/products\\\/channel-letters\\\/\"},{\"@type\":\"ListItem\",\"position\":4,\"name\":\"Front-illuminated letters\",\"item\":\"https:\\\/\\\/www.jaadisain.ee\\\/en\\\/products\\\/channel-letters\\\/front-illuminated-letters\\\/\"},{\"@type\":\"ListItem\",\"position\":5,\"name\":\"Channel letters on the roof\"}]},{\"@type\":\"WebSite\",\"@id\":\"https:\\\/\\\/www.jaadisain.ee\\\/#website\",\"url\":\"https:\\\/\\\/www.jaadisain.ee\\\/\",\"name\":\"JAA Disain\",\"description\":\"Valgusreklaamide tootja aastast 1993\",\"publisher\":{\"@id\":\"https:\\\/\\\/www.jaadisain.ee\\\/#organization\"},\"potentialAction\":[{\"@type\":\"SearchAction\",\"target\":{\"@type\":\"EntryPoint\",\"urlTemplate\":\"https:\\\/\\\/www.jaadisain.ee\\\/?s={search_term_string}\"},\"query-input\":{\"@type\":\"PropertyValueSpecification\",\"valueRequired\":true,\"valueName\":\"search_term_string\"}}],\"inLanguage\":\"en-US\"},{\"@type\":\"Organization\",\"@id\":\"https:\\\/\\\/www.jaadisain.ee\\\/#organization\",\"name\":\"JAA Disain\",\"url\":\"https:\\\/\\\/www.jaadisain.ee\\\/\",\"logo\":{\"@type\":\"ImageObject\",\"inLanguage\":\"en-US\",\"@id\":\"https:\\\/\\\/www.jaadisain.ee\\\/#\\\/schema\\\/logo\\\/image\\\/\",\"url\":\"https:\\\/\\\/www.jaadisain.ee\\\/wp-content\\\/uploads\\\/2016\\\/02\\\/JAA-Disain-logo.jpg\",\"contentUrl\":\"https:\\\/\\\/www.jaadisain.ee\\\/wp-content\\\/uploads\\\/2016\\\/02\\\/JAA-Disain-logo.jpg\",\"width\":443,\"height\":259,\"caption\":\"JAA Disain\"},\"image\":{\"@id\":\"https:\\\/\\\/www.jaadisain.ee\\\/#\\\/schema\\\/logo\\\/image\\\/\"},\"sameAs\":[\"https:\\\/\\\/www.facebook.com\\\/JAA-Disain-156295277734632\\\/timeline\"]}]}<\/script>\n<!-- \/ Yoast SEO plugin. -->","yoast_head_json":{"title":"Channel letters on the roof is made of aluminium and powderpainted.","description":"Channel letters on the roof is made of aluminium and powderpainted. High quality LED modules behind the truLED opal glas.","robots":{"index":"index","follow":"follow","max-snippet":"max-snippet:-1","max-image-preview":"max-image-preview:large","max-video-preview":"max-video-preview:-1"},"canonical":"https:\/\/www.jaadisain.ee\/en\/products\/channel-letters\/front-illuminated-letters\/channel-letters\/","og_locale":"en_US","og_type":"article","og_title":"Channel letters on the roof is made of aluminium and powderpainted.","og_description":"Channel letters on the roof is made of aluminium and powderpainted. High quality LED modules behind the truLED opal glas.","og_url":"https:\/\/www.jaadisain.ee\/en\/products\/channel-letters\/front-illuminated-letters\/channel-letters\/","og_site_name":"JAA Disain","article_publisher":"https:\/\/www.facebook.com\/JAA-Disain-156295277734632\/timeline","article_modified_time":"2017-05-26T08:58:43+00:00","og_image":[{"width":2048,"height":1365,"url":"https:\/\/www.jaadisain.ee\/wp-content\/uploads\/2017\/04\/valgustaehed-katusel.jpg","type":"image\/jpeg"}],"twitter_card":"summary_large_image","schema":{"@context":"https:\/\/schema.org","@graph":[{"@type":"WebPage","@id":"https:\/\/www.jaadisain.ee\/en\/products\/channel-letters\/front-illuminated-letters\/channel-letters\/","url":"https:\/\/www.jaadisain.ee\/en\/products\/channel-letters\/front-illuminated-letters\/channel-letters\/","name":"Channel letters on the roof is made of aluminium and powderpainted.","isPartOf":{"@id":"https:\/\/www.jaadisain.ee\/#website"},"primaryImageOfPage":{"@id":"https:\/\/www.jaadisain.ee\/en\/products\/channel-letters\/front-illuminated-letters\/channel-letters\/#primaryimage"},"image":{"@id":"https:\/\/www.jaadisain.ee\/en\/products\/channel-letters\/front-illuminated-letters\/channel-letters\/#primaryimage"},"thumbnailUrl":"https:\/\/www.jaadisain.ee\/wp-content\/uploads\/2017\/04\/valgustaehed-katusel.jpg","datePublished":"2017-04-24T08:22:36+00:00","dateModified":"2017-05-26T08:58:43+00:00","description":"Channel letters on the roof is made of aluminium and powderpainted. High quality LED modules behind the truLED opal glas.","breadcrumb":{"@id":"https:\/\/www.jaadisain.ee\/en\/products\/channel-letters\/front-illuminated-letters\/channel-letters\/#breadcrumb"},"inLanguage":"en-US","potentialAction":[{"@type":"ReadAction","target":["https:\/\/www.jaadisain.ee\/en\/products\/channel-letters\/front-illuminated-letters\/channel-letters\/"]}]},{"@type":"ImageObject","inLanguage":"en-US","@id":"https:\/\/www.jaadisain.ee\/en\/products\/channel-letters\/front-illuminated-letters\/channel-letters\/#primaryimage","url":"https:\/\/www.jaadisain.ee\/wp-content\/uploads\/2017\/04\/valgustaehed-katusel.jpg","contentUrl":"https:\/\/www.jaadisain.ee\/wp-content\/uploads\/2017\/04\/valgustaehed-katusel.jpg","width":2048,"height":1365},{"@type":"BreadcrumbList","@id":"https:\/\/www.jaadisain.ee\/en\/products\/channel-letters\/front-illuminated-letters\/channel-letters\/#breadcrumb","itemListElement":[{"@type":"ListItem","position":1,"name":"Home","item":"https:\/\/www.jaadisain.ee\/en\/"},{"@type":"ListItem","position":2,"name":"PRODUCTS","item":"https:\/\/www.jaadisain.ee\/en\/products\/"},{"@type":"ListItem","position":3,"name":"Channel letters","item":"https:\/\/www.jaadisain.ee\/en\/products\/channel-letters\/"},{"@type":"ListItem","position":4,"name":"Front-illuminated letters","item":"https:\/\/www.jaadisain.ee\/en\/products\/channel-letters\/front-illuminated-letters\/"},{"@type":"ListItem","position":5,"name":"Channel letters on the roof"}]},{"@type":"WebSite","@id":"https:\/\/www.jaadisain.ee\/#website","url":"https:\/\/www.jaadisain.ee\/","name":"JAA Disain","description":"Valgusreklaamide tootja aastast 1993","publisher":{"@id":"https:\/\/www.jaadisain.ee\/#organization"},"potentialAction":[{"@type":"SearchAction","target":{"@type":"EntryPoint","urlTemplate":"https:\/\/www.jaadisain.ee\/?s={search_term_string}"},"query-input":{"@type":"PropertyValueSpecification","valueRequired":true,"valueName":"search_term_string"}}],"inLanguage":"en-US"},{"@type":"Organization","@id":"https:\/\/www.jaadisain.ee\/#organization","name":"JAA Disain","url":"https:\/\/www.jaadisain.ee\/","logo":{"@type":"ImageObject","inLanguage":"en-US","@id":"https:\/\/www.jaadisain.ee\/#\/schema\/logo\/image\/","url":"https:\/\/www.jaadisain.ee\/wp-content\/uploads\/2016\/02\/JAA-Disain-logo.jpg","contentUrl":"https:\/\/www.jaadisain.ee\/wp-content\/uploads\/2016\/02\/JAA-Disain-logo.jpg","width":443,"height":259,"caption":"JAA Disain"},"image":{"@id":"https:\/\/www.jaadisain.ee\/#\/schema\/logo\/image\/"},"sameAs":["https:\/\/www.facebook.com\/JAA-Disain-156295277734632\/timeline"]}]}},"_links":{"self":[{"href":"https:\/\/www.jaadisain.ee\/en\/wp-json\/wp\/v2\/pages\/9895","targetHints":{"allow":["GET"]}}],"collection":[{"href":"https:\/\/www.jaadisain.ee\/en\/wp-json\/wp\/v2\/pages"}],"about":[{"href":"https:\/\/www.jaadisain.ee\/en\/wp-json\/wp\/v2\/types\/page"}],"author":[{"embeddable":true,"href":"https:\/\/www.jaadisain.ee\/en\/wp-json\/wp\/v2\/users\/2"}],"replies":[{"embeddable":true,"href":"https:\/\/www.jaadisain.ee\/en\/wp-json\/wp\/v2\/comments?post=9895"}],"version-history":[{"count":1,"href":"https:\/\/www.jaadisain.ee\/en\/wp-json\/wp\/v2\/pages\/9895\/revisions"}],"predecessor-version":[{"id":9900,"href":"https:\/\/www.jaadisain.ee\/en\/wp-json\/wp\/v2\/pages\/9895\/revisions\/9900"}],"up":[{"embeddable":true,"href":"https:\/\/www.jaadisain.ee\/en\/wp-json\/wp\/v2\/pages\/5289"}],"wp:featuredmedia":[{"embeddable":true,"href":"https:\/\/www.jaadisain.ee\/en\/wp-json\/wp\/v2\/media\/9763"}],"wp:attachment":[{"href":"https:\/\/www.jaadisain.ee\/en\/wp-json\/wp\/v2\/media?parent=9895"}],"curies":[{"name":"wp","href":"https:\/\/api.w.org\/{rel}","templated":true}]}}