{"id":5290,"date":"2015-11-16T10:34:37","date_gmt":"2015-11-16T10:34:37","guid":{"rendered":"http:\/\/www.jaadisain.ee\/en\/valgustahed\/"},"modified":"2016-07-05T11:41:15","modified_gmt":"2016-07-05T09:41:15","slug":"channel-letters","status":"publish","type":"page","link":"https:\/\/www.jaadisain.ee\/en\/products\/channel-letters\/","title":{"rendered":"Channel letters"},"content":{"rendered":"<h1>Channel letters are the best way to exhibit a company logo in 3D format<\/h1>\n<p>Channel letters are an advertising product that is bound to win the trust of customers with its looks. This is one of the most exclusive and also most widespread illuminated advertising products, standing out among other forms of outdoor adverts because of its unique form. This is the best way to exhibit a company logo in 3D format. We use high-quality, economic LED modules for lighting elements.<\/p>\n<h2>Execution opportunities:<\/h2>\n<ul>\n<li><strong><a href=\"https:\/\/www.jaadisain.ee\/en\/products\/channel-letters\/front-illuminated-letters\/\">Front-illuminated letter<\/a>s<\/strong>\u2013 the lighting elements inside the letters are directed towards the front of the letter, illuminating the front surface.<\/li>\n<li><a href=\"https:\/\/www.jaadisain.ee\/en\/products\/channel-letters\/back-illuminated-letters\/\"><strong>Rear-illuminated letters<\/strong><\/a>\u2013 the lighting of the advert is directed towards the surface from the back of the letters. A soft light appears around the letters.<\/li>\n<li><a href=\"https:\/\/www.jaadisain.ee\/en\/products\/channel-letters\/front-back-illuminated-letters\/\"><strong>Front-and-back-illuminated letters<\/strong><\/a>\u2013\u00a0the front surface of the letters is illuminated as well as the wall behind the letters.<\/li>\n<li><a href=\"https:\/\/www.jaadisain.ee\/en\/products\/channel-letters\/custom-solutions\/\"><strong>Custom solutions<\/strong><\/a><\/li>\n<\/ul>\n","protected":false},"excerpt":{"rendered":"<p>Channel letters are the best way to exhibit a company logo in 3D format Channel letters are an advertising product that is bound to win the trust of customers with its looks. This is one of the most exclusive and also most widespread illuminated advertising products, standing out among other forms of outdoor adverts because [&hellip;]<\/p>\n","protected":false},"author":4,"featured_media":3787,"parent":5299,"menu_order":2,"comment_status":"closed","ping_status":"closed","template":"","meta":{"_acf_changed":false,"footnotes":""},"class_list":["post-5290","page","type-page","status-publish","has-post-thumbnail","hentry"],"acf":[],"yoast_head":"<!-- This site is optimized with the Yoast SEO plugin v27.3 - https:\/\/yoast.com\/product\/yoast-seo-wordpress\/ -->\n<title>Valgust\u00e4hed, ette- ja tahavalgustatud t\u00e4hed - JAA Disain<\/title>\n<meta name=\"description\" content=\"Valgust\u00e4hed on \u00fched eksklusiivsemad ja enim levinud valgusreklaamid, mis eristuvad oma kordumatu v\u00e4liskujuga. Vaata valgust\u00e4htede v\u00f5imalusi ja tehtud t\u00f6id!\" \/>\n<meta name=\"robots\" content=\"index, follow, max-snippet:-1, max-image-preview:large, max-video-preview:-1\" \/>\n<link rel=\"canonical\" href=\"https:\/\/www.jaadisain.ee\/en\/products\/channel-letters\/\" \/>\n<meta property=\"og:locale\" content=\"en_US\" \/>\n<meta property=\"og:type\" content=\"article\" \/>\n<meta property=\"og:title\" content=\"Valgust\u00e4hed, ette- ja tahavalgustatud t\u00e4hed - JAA Disain\" \/>\n<meta property=\"og:description\" content=\"Valgust\u00e4hed on \u00fched eksklusiivsemad ja enim levinud valgusreklaamid, mis eristuvad oma kordumatu v\u00e4liskujuga. Vaata valgust\u00e4htede v\u00f5imalusi ja tehtud t\u00f6id!\" \/>\n<meta property=\"og:url\" content=\"https:\/\/www.jaadisain.ee\/en\/products\/channel-letters\/\" \/>\n<meta property=\"og:site_name\" content=\"JAA Disain\" \/>\n<meta property=\"article:publisher\" content=\"https:\/\/www.facebook.com\/JAA-Disain-156295277734632\/timeline\" \/>\n<meta property=\"article:modified_time\" content=\"2016-07-05T09:41:15+00:00\" \/>\n<meta property=\"og:image\" content=\"https:\/\/www.jaadisain.ee\/wp-content\/uploads\/2015\/11\/valgustahed.jpg\" \/>\n\t<meta property=\"og:image:width\" content=\"800\" \/>\n\t<meta property=\"og:image:height\" content=\"450\" \/>\n\t<meta property=\"og:image:type\" content=\"image\/jpeg\" \/>\n<meta name=\"twitter:card\" content=\"summary_large_image\" \/>\n<meta name=\"twitter:label1\" content=\"Est. reading time\" \/>\n\t<meta name=\"twitter:data1\" content=\"1 minute\" \/>\n<script type=\"application\/ld+json\" class=\"yoast-schema-graph\">{\"@context\":\"https:\\\/\\\/schema.org\",\"@graph\":[{\"@type\":\"WebPage\",\"@id\":\"https:\\\/\\\/www.jaadisain.ee\\\/en\\\/products\\\/channel-letters\\\/\",\"url\":\"https:\\\/\\\/www.jaadisain.ee\\\/en\\\/products\\\/channel-letters\\\/\",\"name\":\"Valgust\u00e4hed, ette- ja tahavalgustatud t\u00e4hed - JAA Disain\",\"isPartOf\":{\"@id\":\"https:\\\/\\\/www.jaadisain.ee\\\/#website\"},\"primaryImageOfPage\":{\"@id\":\"https:\\\/\\\/www.jaadisain.ee\\\/en\\\/products\\\/channel-letters\\\/#primaryimage\"},\"image\":{\"@id\":\"https:\\\/\\\/www.jaadisain.ee\\\/en\\\/products\\\/channel-letters\\\/#primaryimage\"},\"thumbnailUrl\":\"https:\\\/\\\/www.jaadisain.ee\\\/wp-content\\\/uploads\\\/2015\\\/11\\\/valgustahed.jpg\",\"datePublished\":\"2015-11-16T10:34:37+00:00\",\"dateModified\":\"2016-07-05T09:41:15+00:00\",\"description\":\"Valgust\u00e4hed on \u00fched eksklusiivsemad ja enim levinud valgusreklaamid, mis eristuvad oma kordumatu v\u00e4liskujuga. Vaata valgust\u00e4htede v\u00f5imalusi ja tehtud t\u00f6id!\",\"breadcrumb\":{\"@id\":\"https:\\\/\\\/www.jaadisain.ee\\\/en\\\/products\\\/channel-letters\\\/#breadcrumb\"},\"inLanguage\":\"en-US\",\"potentialAction\":[{\"@type\":\"ReadAction\",\"target\":[\"https:\\\/\\\/www.jaadisain.ee\\\/en\\\/products\\\/channel-letters\\\/\"]}]},{\"@type\":\"ImageObject\",\"inLanguage\":\"en-US\",\"@id\":\"https:\\\/\\\/www.jaadisain.ee\\\/en\\\/products\\\/channel-letters\\\/#primaryimage\",\"url\":\"https:\\\/\\\/www.jaadisain.ee\\\/wp-content\\\/uploads\\\/2015\\\/11\\\/valgustahed.jpg\",\"contentUrl\":\"https:\\\/\\\/www.jaadisain.ee\\\/wp-content\\\/uploads\\\/2015\\\/11\\\/valgustahed.jpg\",\"width\":800,\"height\":450},{\"@type\":\"BreadcrumbList\",\"@id\":\"https:\\\/\\\/www.jaadisain.ee\\\/en\\\/products\\\/channel-letters\\\/#breadcrumb\",\"itemListElement\":[{\"@type\":\"ListItem\",\"position\":1,\"name\":\"Home\",\"item\":\"https:\\\/\\\/www.jaadisain.ee\\\/en\\\/\"},{\"@type\":\"ListItem\",\"position\":2,\"name\":\"PRODUCTS\",\"item\":\"https:\\\/\\\/www.jaadisain.ee\\\/en\\\/products\\\/\"},{\"@type\":\"ListItem\",\"position\":3,\"name\":\"Channel letters\"}]},{\"@type\":\"WebSite\",\"@id\":\"https:\\\/\\\/www.jaadisain.ee\\\/#website\",\"url\":\"https:\\\/\\\/www.jaadisain.ee\\\/\",\"name\":\"JAA Disain\",\"description\":\"Valgusreklaamide tootja aastast 1993\",\"publisher\":{\"@id\":\"https:\\\/\\\/www.jaadisain.ee\\\/#organization\"},\"potentialAction\":[{\"@type\":\"SearchAction\",\"target\":{\"@type\":\"EntryPoint\",\"urlTemplate\":\"https:\\\/\\\/www.jaadisain.ee\\\/?s={search_term_string}\"},\"query-input\":{\"@type\":\"PropertyValueSpecification\",\"valueRequired\":true,\"valueName\":\"search_term_string\"}}],\"inLanguage\":\"en-US\"},{\"@type\":\"Organization\",\"@id\":\"https:\\\/\\\/www.jaadisain.ee\\\/#organization\",\"name\":\"JAA Disain\",\"url\":\"https:\\\/\\\/www.jaadisain.ee\\\/\",\"logo\":{\"@type\":\"ImageObject\",\"inLanguage\":\"en-US\",\"@id\":\"https:\\\/\\\/www.jaadisain.ee\\\/#\\\/schema\\\/logo\\\/image\\\/\",\"url\":\"https:\\\/\\\/www.jaadisain.ee\\\/wp-content\\\/uploads\\\/2016\\\/02\\\/JAA-Disain-logo.jpg\",\"contentUrl\":\"https:\\\/\\\/www.jaadisain.ee\\\/wp-content\\\/uploads\\\/2016\\\/02\\\/JAA-Disain-logo.jpg\",\"width\":443,\"height\":259,\"caption\":\"JAA Disain\"},\"image\":{\"@id\":\"https:\\\/\\\/www.jaadisain.ee\\\/#\\\/schema\\\/logo\\\/image\\\/\"},\"sameAs\":[\"https:\\\/\\\/www.facebook.com\\\/JAA-Disain-156295277734632\\\/timeline\"]}]}<\/script>\n<!-- \/ Yoast SEO plugin. -->","yoast_head_json":{"title":"Valgust\u00e4hed, ette- ja tahavalgustatud t\u00e4hed - JAA Disain","description":"Valgust\u00e4hed on \u00fched eksklusiivsemad ja enim levinud valgusreklaamid, mis eristuvad oma kordumatu v\u00e4liskujuga. Vaata valgust\u00e4htede v\u00f5imalusi ja tehtud t\u00f6id!","robots":{"index":"index","follow":"follow","max-snippet":"max-snippet:-1","max-image-preview":"max-image-preview:large","max-video-preview":"max-video-preview:-1"},"canonical":"https:\/\/www.jaadisain.ee\/en\/products\/channel-letters\/","og_locale":"en_US","og_type":"article","og_title":"Valgust\u00e4hed, ette- ja tahavalgustatud t\u00e4hed - JAA Disain","og_description":"Valgust\u00e4hed on \u00fched eksklusiivsemad ja enim levinud valgusreklaamid, mis eristuvad oma kordumatu v\u00e4liskujuga. Vaata valgust\u00e4htede v\u00f5imalusi ja tehtud t\u00f6id!","og_url":"https:\/\/www.jaadisain.ee\/en\/products\/channel-letters\/","og_site_name":"JAA Disain","article_publisher":"https:\/\/www.facebook.com\/JAA-Disain-156295277734632\/timeline","article_modified_time":"2016-07-05T09:41:15+00:00","og_image":[{"width":800,"height":450,"url":"https:\/\/www.jaadisain.ee\/wp-content\/uploads\/2015\/11\/valgustahed.jpg","type":"image\/jpeg"}],"twitter_card":"summary_large_image","twitter_misc":{"Est. reading time":"1 minute"},"schema":{"@context":"https:\/\/schema.org","@graph":[{"@type":"WebPage","@id":"https:\/\/www.jaadisain.ee\/en\/products\/channel-letters\/","url":"https:\/\/www.jaadisain.ee\/en\/products\/channel-letters\/","name":"Valgust\u00e4hed, ette- ja tahavalgustatud t\u00e4hed - JAA Disain","isPartOf":{"@id":"https:\/\/www.jaadisain.ee\/#website"},"primaryImageOfPage":{"@id":"https:\/\/www.jaadisain.ee\/en\/products\/channel-letters\/#primaryimage"},"image":{"@id":"https:\/\/www.jaadisain.ee\/en\/products\/channel-letters\/#primaryimage"},"thumbnailUrl":"https:\/\/www.jaadisain.ee\/wp-content\/uploads\/2015\/11\/valgustahed.jpg","datePublished":"2015-11-16T10:34:37+00:00","dateModified":"2016-07-05T09:41:15+00:00","description":"Valgust\u00e4hed on \u00fched eksklusiivsemad ja enim levinud valgusreklaamid, mis eristuvad oma kordumatu v\u00e4liskujuga. Vaata valgust\u00e4htede v\u00f5imalusi ja tehtud t\u00f6id!","breadcrumb":{"@id":"https:\/\/www.jaadisain.ee\/en\/products\/channel-letters\/#breadcrumb"},"inLanguage":"en-US","potentialAction":[{"@type":"ReadAction","target":["https:\/\/www.jaadisain.ee\/en\/products\/channel-letters\/"]}]},{"@type":"ImageObject","inLanguage":"en-US","@id":"https:\/\/www.jaadisain.ee\/en\/products\/channel-letters\/#primaryimage","url":"https:\/\/www.jaadisain.ee\/wp-content\/uploads\/2015\/11\/valgustahed.jpg","contentUrl":"https:\/\/www.jaadisain.ee\/wp-content\/uploads\/2015\/11\/valgustahed.jpg","width":800,"height":450},{"@type":"BreadcrumbList","@id":"https:\/\/www.jaadisain.ee\/en\/products\/channel-letters\/#breadcrumb","itemListElement":[{"@type":"ListItem","position":1,"name":"Home","item":"https:\/\/www.jaadisain.ee\/en\/"},{"@type":"ListItem","position":2,"name":"PRODUCTS","item":"https:\/\/www.jaadisain.ee\/en\/products\/"},{"@type":"ListItem","position":3,"name":"Channel letters"}]},{"@type":"WebSite","@id":"https:\/\/www.jaadisain.ee\/#website","url":"https:\/\/www.jaadisain.ee\/","name":"JAA Disain","description":"Valgusreklaamide tootja aastast 1993","publisher":{"@id":"https:\/\/www.jaadisain.ee\/#organization"},"potentialAction":[{"@type":"SearchAction","target":{"@type":"EntryPoint","urlTemplate":"https:\/\/www.jaadisain.ee\/?s={search_term_string}"},"query-input":{"@type":"PropertyValueSpecification","valueRequired":true,"valueName":"search_term_string"}}],"inLanguage":"en-US"},{"@type":"Organization","@id":"https:\/\/www.jaadisain.ee\/#organization","name":"JAA Disain","url":"https:\/\/www.jaadisain.ee\/","logo":{"@type":"ImageObject","inLanguage":"en-US","@id":"https:\/\/www.jaadisain.ee\/#\/schema\/logo\/image\/","url":"https:\/\/www.jaadisain.ee\/wp-content\/uploads\/2016\/02\/JAA-Disain-logo.jpg","contentUrl":"https:\/\/www.jaadisain.ee\/wp-content\/uploads\/2016\/02\/JAA-Disain-logo.jpg","width":443,"height":259,"caption":"JAA Disain"},"image":{"@id":"https:\/\/www.jaadisain.ee\/#\/schema\/logo\/image\/"},"sameAs":["https:\/\/www.facebook.com\/JAA-Disain-156295277734632\/timeline"]}]}},"_links":{"self":[{"href":"https:\/\/www.jaadisain.ee\/en\/wp-json\/wp\/v2\/pages\/5290","targetHints":{"allow":["GET"]}}],"collection":[{"href":"https:\/\/www.jaadisain.ee\/en\/wp-json\/wp\/v2\/pages"}],"about":[{"href":"https:\/\/www.jaadisain.ee\/en\/wp-json\/wp\/v2\/types\/page"}],"author":[{"embeddable":true,"href":"https:\/\/www.jaadisain.ee\/en\/wp-json\/wp\/v2\/users\/4"}],"replies":[{"embeddable":true,"href":"https:\/\/www.jaadisain.ee\/en\/wp-json\/wp\/v2\/comments?post=5290"}],"version-history":[{"count":0,"href":"https:\/\/www.jaadisain.ee\/en\/wp-json\/wp\/v2\/pages\/5290\/revisions"}],"up":[{"embeddable":true,"href":"https:\/\/www.jaadisain.ee\/en\/wp-json\/wp\/v2\/pages\/5299"}],"wp:featuredmedia":[{"embeddable":true,"href":"https:\/\/www.jaadisain.ee\/en\/wp-json\/wp\/v2\/media\/3787"}],"wp:attachment":[{"href":"https:\/\/www.jaadisain.ee\/en\/wp-json\/wp\/v2\/media?parent=5290"}],"curies":[{"name":"wp","href":"https:\/\/api.w.org\/{rel}","templated":true}]}}