{"id":5268,"date":"2015-11-16T11:22:24","date_gmt":"2015-11-16T11:22:24","guid":{"rendered":"http:\/\/www.jaadisain.ee\/en\/digitrukk-ja-fotoprint\/"},"modified":"2016-04-17T10:34:49","modified_gmt":"2016-04-17T08:34:49","slug":"digital-print-photo-print","status":"publish","type":"page","link":"https:\/\/www.jaadisain.ee\/en\/products\/digital-print-photo-print\/","title":{"rendered":"Digital print and photo print"},"content":{"rendered":"<p>Digital and photo printing let designers use photos on a variety of materials: sticker material, paper, cloth, PVC canvas, etc. Huge advertisements of hundreds of square meters can be printed in high quality. As well as the tiniest stickers for any kind of products.<\/p>\n<p>Photo print materials can be placed on external as well as internal walls, on shop windows or on vehicles.\u00a0Digital printing can be done on sticker material and attached to glass, walls, trailers, bus stops, etc. Digital prints can also be placed on appropriate base materials, laminated for better protection and used as wall decorations. Digital prints on vehicles are a unique way to promote your company in the monotonous streets. As vehicles are constantly on the move in the streets, your message is delivered to various locations in the city. You can be sure that it will not remain unnoticed in the traffic and from nearby windows.<\/p>\n<h2>Digital print and photo print, opportunities and examples:<\/h2>\n","protected":false},"excerpt":{"rendered":"<p>Digital and photo printing let designers use photos on a variety of materials: sticker material, paper, cloth, PVC canvas, etc. Huge advertisements of hundreds of square meters can be printed in high quality. As well as the tiniest stickers for any kind of products. Photo print materials can be placed on external as well as [&hellip;]<\/p>\n","protected":false},"author":4,"featured_media":3791,"parent":5299,"menu_order":5,"comment_status":"closed","ping_status":"closed","template":"","meta":{"_acf_changed":false,"footnotes":""},"class_list":["post-5268","page","type-page","status-publish","has-post-thumbnail","hentry"],"acf":[],"yoast_head":"<!-- This site is optimized with the Yoast SEO plugin v27.3 - https:\/\/yoast.com\/product\/yoast-seo-wordpress\/ -->\n<title>Digitr\u00fckk ja fotoprint,\u00a0digiprint\u00a0- JAA Disain<\/title>\n<meta name=\"description\" content=\"Digitr\u00fckk ja fotoprint annavad avarad v\u00f5imalused kasutada fotosid erinevatel materjalidel. Vaata v\u00f5imalusi ja tehtud t\u00f6id siit!\" \/>\n<meta name=\"robots\" content=\"index, follow, max-snippet:-1, max-image-preview:large, max-video-preview:-1\" \/>\n<link rel=\"canonical\" href=\"https:\/\/www.jaadisain.ee\/en\/products\/digital-print-photo-print\/\" \/>\n<meta property=\"og:locale\" content=\"en_US\" \/>\n<meta property=\"og:type\" content=\"article\" \/>\n<meta property=\"og:title\" content=\"Digitr\u00fckk ja fotoprint,\u00a0digiprint\u00a0- JAA Disain\" \/>\n<meta property=\"og:description\" content=\"Digitr\u00fckk ja fotoprint annavad avarad v\u00f5imalused kasutada fotosid erinevatel materjalidel. Vaata v\u00f5imalusi ja tehtud t\u00f6id siit!\" \/>\n<meta property=\"og:url\" content=\"https:\/\/www.jaadisain.ee\/en\/products\/digital-print-photo-print\/\" \/>\n<meta property=\"og:site_name\" content=\"JAA Disain\" \/>\n<meta property=\"article:publisher\" content=\"https:\/\/www.facebook.com\/JAA-Disain-156295277734632\/timeline\" \/>\n<meta property=\"article:modified_time\" content=\"2016-04-17T08:34:49+00:00\" \/>\n<meta property=\"og:image\" content=\"https:\/\/www.jaadisain.ee\/wp-content\/uploads\/2015\/11\/digitaal-ja-fotoprint-e1448453990557.jpg\" \/>\n\t<meta property=\"og:image:width\" content=\"649\" \/>\n\t<meta property=\"og:image:height\" content=\"517\" \/>\n\t<meta property=\"og:image:type\" content=\"image\/jpeg\" \/>\n<meta name=\"twitter:card\" content=\"summary_large_image\" \/>\n<meta name=\"twitter:label1\" content=\"Est. reading time\" \/>\n\t<meta name=\"twitter:data1\" content=\"1 minute\" \/>\n<script type=\"application\/ld+json\" class=\"yoast-schema-graph\">{\"@context\":\"https:\\\/\\\/schema.org\",\"@graph\":[{\"@type\":\"WebPage\",\"@id\":\"https:\\\/\\\/www.jaadisain.ee\\\/en\\\/products\\\/digital-print-photo-print\\\/\",\"url\":\"https:\\\/\\\/www.jaadisain.ee\\\/en\\\/products\\\/digital-print-photo-print\\\/\",\"name\":\"Digitr\u00fckk ja fotoprint,\u00a0digiprint\u00a0- JAA Disain\",\"isPartOf\":{\"@id\":\"https:\\\/\\\/www.jaadisain.ee\\\/#website\"},\"primaryImageOfPage\":{\"@id\":\"https:\\\/\\\/www.jaadisain.ee\\\/en\\\/products\\\/digital-print-photo-print\\\/#primaryimage\"},\"image\":{\"@id\":\"https:\\\/\\\/www.jaadisain.ee\\\/en\\\/products\\\/digital-print-photo-print\\\/#primaryimage\"},\"thumbnailUrl\":\"https:\\\/\\\/www.jaadisain.ee\\\/wp-content\\\/uploads\\\/2015\\\/11\\\/digitaal-ja-fotoprint-e1448453990557.jpg\",\"datePublished\":\"2015-11-16T11:22:24+00:00\",\"dateModified\":\"2016-04-17T08:34:49+00:00\",\"description\":\"Digitr\u00fckk ja fotoprint annavad avarad v\u00f5imalused kasutada fotosid erinevatel materjalidel. Vaata v\u00f5imalusi ja tehtud t\u00f6id siit!\",\"breadcrumb\":{\"@id\":\"https:\\\/\\\/www.jaadisain.ee\\\/en\\\/products\\\/digital-print-photo-print\\\/#breadcrumb\"},\"inLanguage\":\"en-US\",\"potentialAction\":[{\"@type\":\"ReadAction\",\"target\":[\"https:\\\/\\\/www.jaadisain.ee\\\/en\\\/products\\\/digital-print-photo-print\\\/\"]}]},{\"@type\":\"ImageObject\",\"inLanguage\":\"en-US\",\"@id\":\"https:\\\/\\\/www.jaadisain.ee\\\/en\\\/products\\\/digital-print-photo-print\\\/#primaryimage\",\"url\":\"https:\\\/\\\/www.jaadisain.ee\\\/wp-content\\\/uploads\\\/2015\\\/11\\\/digitaal-ja-fotoprint-e1448453990557.jpg\",\"contentUrl\":\"https:\\\/\\\/www.jaadisain.ee\\\/wp-content\\\/uploads\\\/2015\\\/11\\\/digitaal-ja-fotoprint-e1448453990557.jpg\",\"width\":649,\"height\":517},{\"@type\":\"BreadcrumbList\",\"@id\":\"https:\\\/\\\/www.jaadisain.ee\\\/en\\\/products\\\/digital-print-photo-print\\\/#breadcrumb\",\"itemListElement\":[{\"@type\":\"ListItem\",\"position\":1,\"name\":\"Home\",\"item\":\"https:\\\/\\\/www.jaadisain.ee\\\/en\\\/\"},{\"@type\":\"ListItem\",\"position\":2,\"name\":\"PRODUCTS\",\"item\":\"https:\\\/\\\/www.jaadisain.ee\\\/en\\\/products\\\/\"},{\"@type\":\"ListItem\",\"position\":3,\"name\":\"Digital print and photo print\"}]},{\"@type\":\"WebSite\",\"@id\":\"https:\\\/\\\/www.jaadisain.ee\\\/#website\",\"url\":\"https:\\\/\\\/www.jaadisain.ee\\\/\",\"name\":\"JAA Disain\",\"description\":\"Valgusreklaamide tootja aastast 1993\",\"publisher\":{\"@id\":\"https:\\\/\\\/www.jaadisain.ee\\\/#organization\"},\"potentialAction\":[{\"@type\":\"SearchAction\",\"target\":{\"@type\":\"EntryPoint\",\"urlTemplate\":\"https:\\\/\\\/www.jaadisain.ee\\\/?s={search_term_string}\"},\"query-input\":{\"@type\":\"PropertyValueSpecification\",\"valueRequired\":true,\"valueName\":\"search_term_string\"}}],\"inLanguage\":\"en-US\"},{\"@type\":\"Organization\",\"@id\":\"https:\\\/\\\/www.jaadisain.ee\\\/#organization\",\"name\":\"JAA Disain\",\"url\":\"https:\\\/\\\/www.jaadisain.ee\\\/\",\"logo\":{\"@type\":\"ImageObject\",\"inLanguage\":\"en-US\",\"@id\":\"https:\\\/\\\/www.jaadisain.ee\\\/#\\\/schema\\\/logo\\\/image\\\/\",\"url\":\"https:\\\/\\\/www.jaadisain.ee\\\/wp-content\\\/uploads\\\/2016\\\/02\\\/JAA-Disain-logo.jpg\",\"contentUrl\":\"https:\\\/\\\/www.jaadisain.ee\\\/wp-content\\\/uploads\\\/2016\\\/02\\\/JAA-Disain-logo.jpg\",\"width\":443,\"height\":259,\"caption\":\"JAA Disain\"},\"image\":{\"@id\":\"https:\\\/\\\/www.jaadisain.ee\\\/#\\\/schema\\\/logo\\\/image\\\/\"},\"sameAs\":[\"https:\\\/\\\/www.facebook.com\\\/JAA-Disain-156295277734632\\\/timeline\"]}]}<\/script>\n<!-- \/ Yoast SEO plugin. -->","yoast_head_json":{"title":"Digitr\u00fckk ja fotoprint,\u00a0digiprint\u00a0- JAA Disain","description":"Digitr\u00fckk ja fotoprint annavad avarad v\u00f5imalused kasutada fotosid erinevatel materjalidel. Vaata v\u00f5imalusi ja tehtud t\u00f6id siit!","robots":{"index":"index","follow":"follow","max-snippet":"max-snippet:-1","max-image-preview":"max-image-preview:large","max-video-preview":"max-video-preview:-1"},"canonical":"https:\/\/www.jaadisain.ee\/en\/products\/digital-print-photo-print\/","og_locale":"en_US","og_type":"article","og_title":"Digitr\u00fckk ja fotoprint,\u00a0digiprint\u00a0- JAA Disain","og_description":"Digitr\u00fckk ja fotoprint annavad avarad v\u00f5imalused kasutada fotosid erinevatel materjalidel. Vaata v\u00f5imalusi ja tehtud t\u00f6id siit!","og_url":"https:\/\/www.jaadisain.ee\/en\/products\/digital-print-photo-print\/","og_site_name":"JAA Disain","article_publisher":"https:\/\/www.facebook.com\/JAA-Disain-156295277734632\/timeline","article_modified_time":"2016-04-17T08:34:49+00:00","og_image":[{"width":649,"height":517,"url":"https:\/\/www.jaadisain.ee\/wp-content\/uploads\/2015\/11\/digitaal-ja-fotoprint-e1448453990557.jpg","type":"image\/jpeg"}],"twitter_card":"summary_large_image","twitter_misc":{"Est. reading time":"1 minute"},"schema":{"@context":"https:\/\/schema.org","@graph":[{"@type":"WebPage","@id":"https:\/\/www.jaadisain.ee\/en\/products\/digital-print-photo-print\/","url":"https:\/\/www.jaadisain.ee\/en\/products\/digital-print-photo-print\/","name":"Digitr\u00fckk ja fotoprint,\u00a0digiprint\u00a0- JAA Disain","isPartOf":{"@id":"https:\/\/www.jaadisain.ee\/#website"},"primaryImageOfPage":{"@id":"https:\/\/www.jaadisain.ee\/en\/products\/digital-print-photo-print\/#primaryimage"},"image":{"@id":"https:\/\/www.jaadisain.ee\/en\/products\/digital-print-photo-print\/#primaryimage"},"thumbnailUrl":"https:\/\/www.jaadisain.ee\/wp-content\/uploads\/2015\/11\/digitaal-ja-fotoprint-e1448453990557.jpg","datePublished":"2015-11-16T11:22:24+00:00","dateModified":"2016-04-17T08:34:49+00:00","description":"Digitr\u00fckk ja fotoprint annavad avarad v\u00f5imalused kasutada fotosid erinevatel materjalidel. Vaata v\u00f5imalusi ja tehtud t\u00f6id siit!","breadcrumb":{"@id":"https:\/\/www.jaadisain.ee\/en\/products\/digital-print-photo-print\/#breadcrumb"},"inLanguage":"en-US","potentialAction":[{"@type":"ReadAction","target":["https:\/\/www.jaadisain.ee\/en\/products\/digital-print-photo-print\/"]}]},{"@type":"ImageObject","inLanguage":"en-US","@id":"https:\/\/www.jaadisain.ee\/en\/products\/digital-print-photo-print\/#primaryimage","url":"https:\/\/www.jaadisain.ee\/wp-content\/uploads\/2015\/11\/digitaal-ja-fotoprint-e1448453990557.jpg","contentUrl":"https:\/\/www.jaadisain.ee\/wp-content\/uploads\/2015\/11\/digitaal-ja-fotoprint-e1448453990557.jpg","width":649,"height":517},{"@type":"BreadcrumbList","@id":"https:\/\/www.jaadisain.ee\/en\/products\/digital-print-photo-print\/#breadcrumb","itemListElement":[{"@type":"ListItem","position":1,"name":"Home","item":"https:\/\/www.jaadisain.ee\/en\/"},{"@type":"ListItem","position":2,"name":"PRODUCTS","item":"https:\/\/www.jaadisain.ee\/en\/products\/"},{"@type":"ListItem","position":3,"name":"Digital print and photo print"}]},{"@type":"WebSite","@id":"https:\/\/www.jaadisain.ee\/#website","url":"https:\/\/www.jaadisain.ee\/","name":"JAA Disain","description":"Valgusreklaamide tootja aastast 1993","publisher":{"@id":"https:\/\/www.jaadisain.ee\/#organization"},"potentialAction":[{"@type":"SearchAction","target":{"@type":"EntryPoint","urlTemplate":"https:\/\/www.jaadisain.ee\/?s={search_term_string}"},"query-input":{"@type":"PropertyValueSpecification","valueRequired":true,"valueName":"search_term_string"}}],"inLanguage":"en-US"},{"@type":"Organization","@id":"https:\/\/www.jaadisain.ee\/#organization","name":"JAA Disain","url":"https:\/\/www.jaadisain.ee\/","logo":{"@type":"ImageObject","inLanguage":"en-US","@id":"https:\/\/www.jaadisain.ee\/#\/schema\/logo\/image\/","url":"https:\/\/www.jaadisain.ee\/wp-content\/uploads\/2016\/02\/JAA-Disain-logo.jpg","contentUrl":"https:\/\/www.jaadisain.ee\/wp-content\/uploads\/2016\/02\/JAA-Disain-logo.jpg","width":443,"height":259,"caption":"JAA Disain"},"image":{"@id":"https:\/\/www.jaadisain.ee\/#\/schema\/logo\/image\/"},"sameAs":["https:\/\/www.facebook.com\/JAA-Disain-156295277734632\/timeline"]}]}},"_links":{"self":[{"href":"https:\/\/www.jaadisain.ee\/en\/wp-json\/wp\/v2\/pages\/5268","targetHints":{"allow":["GET"]}}],"collection":[{"href":"https:\/\/www.jaadisain.ee\/en\/wp-json\/wp\/v2\/pages"}],"about":[{"href":"https:\/\/www.jaadisain.ee\/en\/wp-json\/wp\/v2\/types\/page"}],"author":[{"embeddable":true,"href":"https:\/\/www.jaadisain.ee\/en\/wp-json\/wp\/v2\/users\/4"}],"replies":[{"embeddable":true,"href":"https:\/\/www.jaadisain.ee\/en\/wp-json\/wp\/v2\/comments?post=5268"}],"version-history":[{"count":0,"href":"https:\/\/www.jaadisain.ee\/en\/wp-json\/wp\/v2\/pages\/5268\/revisions"}],"up":[{"embeddable":true,"href":"https:\/\/www.jaadisain.ee\/en\/wp-json\/wp\/v2\/pages\/5299"}],"wp:featuredmedia":[{"embeddable":true,"href":"https:\/\/www.jaadisain.ee\/en\/wp-json\/wp\/v2\/media\/3791"}],"wp:attachment":[{"href":"https:\/\/www.jaadisain.ee\/en\/wp-json\/wp\/v2\/media?parent=5268"}],"curies":[{"name":"wp","href":"https:\/\/api.w.org\/{rel}","templated":true}]}}