{"id":5267,"date":"2015-11-16T11:23:04","date_gmt":"2015-11-16T11:23:04","guid":{"rendered":"http:\/\/www.jaadisain.ee\/en\/kleebisreklaamid\/"},"modified":"2016-07-07T18:35:47","modified_gmt":"2016-07-07T16:35:47","slug":"vinyl-graphics","status":"publish","type":"page","link":"https:\/\/www.jaadisain.ee\/en\/products\/vinyl-graphics\/","title":{"rendered":"Vinyl graphics"},"content":{"rendered":"<p>Vinyl graphics (sticker ads) are a simple, inexpensive and quick way to stand out. Stickers can be used in a wide variety of ways, and thanks to the large choice of materials, there are almost no limits to it. Various pictures can be executed as stickers, also texts and all kinds of other materials that have to be placed on various surfaces in various locations. If needed, stickers can be used to cover large areas and to produce eye-catching and informative advertising surfaces. You can use sticker ads to decorate your home and office, the windows or walls of shops or offices.<\/p>\n<p>Stickers on vehicles are a unique way to promote your company in the monotonous streets. As vehicles are constantly on the move in the streets, your message is delivered to various locations in the city. You can be sure that it will not remain unnoticed in the traffic and from nearby windows.<\/p>\n<h2><a href=\"https:\/\/www.jaadisain.ee\/en\/products\/vinyl-graphics\/vinyl-graphics\/\">Vinyl graphics can be placed on various surfaces:<\/a><\/h2>\n<ul>\n<li><a href=\"https:\/\/www.jaadisain.ee\/en\/products\/vinyl-graphics\/vinyl-graphics\/vinyl-graphics-windows\/\"><strong>Sticker graphics on windows<\/strong><\/a>. Windows are a surface that are definitely worth considering for advertising and informational purposes.<\/li>\n<li><a href=\"https:\/\/www.jaadisain.ee\/en\/products\/vinyl-graphics\/vinyl-graphics\/vinyl-graphics-walls\/\"><strong>Stickers can easily be attached to smooth walls<\/strong><\/a>, covering whole walls if necessary.<\/li>\n<li><a href=\"https:\/\/www.jaadisain.ee\/en\/products\/vinyl-graphics\/vinyl-graphics\/varia\/\"><strong>Floor stickers<\/strong><\/a> are perfect eye-catchers e.g., in shopping centres. Covered with a special floor laminate.<\/li>\n<\/ul>\n<h2><a href=\"https:\/\/www.jaadisain.ee\/en\/products\/vinyl-graphics\/car-stickers\/\"><strong>Vinyl graphics can be placed on various vehicles:<\/strong><\/a><\/h2>\n<ul>\n<li><a href=\"https:\/\/www.jaadisain.ee\/en\/products\/vinyl-graphics\/car-stickers\/passenger-cars\/\"><strong>passenger cars<\/strong><\/a><\/li>\n<li><a href=\"https:\/\/www.jaadisain.ee\/en\/products\/vinyl-graphics\/car-stickers\/vans\/\"><strong>vans<\/strong><\/a><\/li>\n<li><a href=\"https:\/\/www.jaadisain.ee\/en\/products\/vinyl-graphics\/car-stickers\/trucks\/\"><strong>trucks<\/strong><\/a><\/li>\n<li><a href=\"https:\/\/www.jaadisain.ee\/en\/products\/vinyl-graphics\/car-stickers\/other-vehicles\/\"><strong>other vehicles<\/strong><\/a><\/li>\n<\/ul>\n","protected":false},"excerpt":{"rendered":"<p>Vinyl graphics (sticker ads) are a simple, inexpensive and quick way to stand out. Stickers can be used in a wide variety of ways, and thanks to the large choice of materials, there are almost no limits to it. Various pictures can be executed as stickers, also texts and all kinds of other materials that [&hellip;]<\/p>\n","protected":false},"author":4,"featured_media":3793,"parent":5299,"menu_order":6,"comment_status":"closed","ping_status":"closed","template":"","meta":{"_acf_changed":false,"footnotes":""},"class_list":["post-5267","page","type-page","status-publish","has-post-thumbnail","hentry"],"acf":[],"yoast_head":"<!-- This site is optimized with the Yoast SEO plugin v27.3 - https:\/\/yoast.com\/product\/yoast-seo-wordpress\/ -->\n<title>Kleebisreklaamid - JAA Disain<\/title>\n<meta name=\"description\" content=\"Kleebisreklaamid on lihtne, soodne ja kiire viis reklaamimiseks v\u00f5i teisteks eristumiseks. Vaata kleebisreklaami v\u00f5imalusi ja tehtud t\u00f6id siit!\" \/>\n<meta name=\"robots\" content=\"index, follow, max-snippet:-1, max-image-preview:large, max-video-preview:-1\" \/>\n<link rel=\"canonical\" href=\"https:\/\/www.jaadisain.ee\/en\/products\/vinyl-graphics\/\" \/>\n<meta property=\"og:locale\" content=\"en_US\" \/>\n<meta property=\"og:type\" content=\"article\" \/>\n<meta property=\"og:title\" content=\"Kleebisreklaamid - JAA Disain\" \/>\n<meta property=\"og:description\" content=\"Kleebisreklaamid on lihtne, soodne ja kiire viis reklaamimiseks v\u00f5i teisteks eristumiseks. Vaata kleebisreklaami v\u00f5imalusi ja tehtud t\u00f6id siit!\" \/>\n<meta property=\"og:url\" content=\"https:\/\/www.jaadisain.ee\/en\/products\/vinyl-graphics\/\" \/>\n<meta property=\"og:site_name\" content=\"JAA Disain\" \/>\n<meta property=\"article:publisher\" content=\"https:\/\/www.facebook.com\/JAA-Disain-156295277734632\/timeline\" \/>\n<meta property=\"article:modified_time\" content=\"2016-07-07T16:35:47+00:00\" \/>\n<meta property=\"og:image\" content=\"https:\/\/www.jaadisain.ee\/wp-content\/uploads\/2015\/11\/kleebisreklaamid-e1448453422849.jpg\" \/>\n\t<meta property=\"og:image:width\" content=\"647\" \/>\n\t<meta property=\"og:image:height\" content=\"355\" \/>\n\t<meta property=\"og:image:type\" content=\"image\/jpeg\" \/>\n<meta name=\"twitter:card\" content=\"summary_large_image\" \/>\n<meta name=\"twitter:label1\" content=\"Est. reading time\" \/>\n\t<meta name=\"twitter:data1\" content=\"1 minute\" \/>\n<script type=\"application\/ld+json\" class=\"yoast-schema-graph\">{\"@context\":\"https:\\\/\\\/schema.org\",\"@graph\":[{\"@type\":\"WebPage\",\"@id\":\"https:\\\/\\\/www.jaadisain.ee\\\/en\\\/products\\\/vinyl-graphics\\\/\",\"url\":\"https:\\\/\\\/www.jaadisain.ee\\\/en\\\/products\\\/vinyl-graphics\\\/\",\"name\":\"Kleebisreklaamid - JAA Disain\",\"isPartOf\":{\"@id\":\"https:\\\/\\\/www.jaadisain.ee\\\/#website\"},\"primaryImageOfPage\":{\"@id\":\"https:\\\/\\\/www.jaadisain.ee\\\/en\\\/products\\\/vinyl-graphics\\\/#primaryimage\"},\"image\":{\"@id\":\"https:\\\/\\\/www.jaadisain.ee\\\/en\\\/products\\\/vinyl-graphics\\\/#primaryimage\"},\"thumbnailUrl\":\"https:\\\/\\\/www.jaadisain.ee\\\/wp-content\\\/uploads\\\/2015\\\/11\\\/kleebisreklaamid-e1448453422849.jpg\",\"datePublished\":\"2015-11-16T11:23:04+00:00\",\"dateModified\":\"2016-07-07T16:35:47+00:00\",\"description\":\"Kleebisreklaamid on lihtne, soodne ja kiire viis reklaamimiseks v\u00f5i teisteks eristumiseks. Vaata kleebisreklaami v\u00f5imalusi ja tehtud t\u00f6id siit!\",\"breadcrumb\":{\"@id\":\"https:\\\/\\\/www.jaadisain.ee\\\/en\\\/products\\\/vinyl-graphics\\\/#breadcrumb\"},\"inLanguage\":\"en-US\",\"potentialAction\":[{\"@type\":\"ReadAction\",\"target\":[\"https:\\\/\\\/www.jaadisain.ee\\\/en\\\/products\\\/vinyl-graphics\\\/\"]}]},{\"@type\":\"ImageObject\",\"inLanguage\":\"en-US\",\"@id\":\"https:\\\/\\\/www.jaadisain.ee\\\/en\\\/products\\\/vinyl-graphics\\\/#primaryimage\",\"url\":\"https:\\\/\\\/www.jaadisain.ee\\\/wp-content\\\/uploads\\\/2015\\\/11\\\/kleebisreklaamid-e1448453422849.jpg\",\"contentUrl\":\"https:\\\/\\\/www.jaadisain.ee\\\/wp-content\\\/uploads\\\/2015\\\/11\\\/kleebisreklaamid-e1448453422849.jpg\",\"width\":647,\"height\":355},{\"@type\":\"BreadcrumbList\",\"@id\":\"https:\\\/\\\/www.jaadisain.ee\\\/en\\\/products\\\/vinyl-graphics\\\/#breadcrumb\",\"itemListElement\":[{\"@type\":\"ListItem\",\"position\":1,\"name\":\"Home\",\"item\":\"https:\\\/\\\/www.jaadisain.ee\\\/en\\\/\"},{\"@type\":\"ListItem\",\"position\":2,\"name\":\"PRODUCTS\",\"item\":\"https:\\\/\\\/www.jaadisain.ee\\\/en\\\/products\\\/\"},{\"@type\":\"ListItem\",\"position\":3,\"name\":\"Vinyl graphics\"}]},{\"@type\":\"WebSite\",\"@id\":\"https:\\\/\\\/www.jaadisain.ee\\\/#website\",\"url\":\"https:\\\/\\\/www.jaadisain.ee\\\/\",\"name\":\"JAA Disain\",\"description\":\"Valgusreklaamide tootja aastast 1993\",\"publisher\":{\"@id\":\"https:\\\/\\\/www.jaadisain.ee\\\/#organization\"},\"potentialAction\":[{\"@type\":\"SearchAction\",\"target\":{\"@type\":\"EntryPoint\",\"urlTemplate\":\"https:\\\/\\\/www.jaadisain.ee\\\/?s={search_term_string}\"},\"query-input\":{\"@type\":\"PropertyValueSpecification\",\"valueRequired\":true,\"valueName\":\"search_term_string\"}}],\"inLanguage\":\"en-US\"},{\"@type\":\"Organization\",\"@id\":\"https:\\\/\\\/www.jaadisain.ee\\\/#organization\",\"name\":\"JAA Disain\",\"url\":\"https:\\\/\\\/www.jaadisain.ee\\\/\",\"logo\":{\"@type\":\"ImageObject\",\"inLanguage\":\"en-US\",\"@id\":\"https:\\\/\\\/www.jaadisain.ee\\\/#\\\/schema\\\/logo\\\/image\\\/\",\"url\":\"https:\\\/\\\/www.jaadisain.ee\\\/wp-content\\\/uploads\\\/2016\\\/02\\\/JAA-Disain-logo.jpg\",\"contentUrl\":\"https:\\\/\\\/www.jaadisain.ee\\\/wp-content\\\/uploads\\\/2016\\\/02\\\/JAA-Disain-logo.jpg\",\"width\":443,\"height\":259,\"caption\":\"JAA Disain\"},\"image\":{\"@id\":\"https:\\\/\\\/www.jaadisain.ee\\\/#\\\/schema\\\/logo\\\/image\\\/\"},\"sameAs\":[\"https:\\\/\\\/www.facebook.com\\\/JAA-Disain-156295277734632\\\/timeline\"]}]}<\/script>\n<!-- \/ Yoast SEO plugin. -->","yoast_head_json":{"title":"Kleebisreklaamid - JAA Disain","description":"Kleebisreklaamid on lihtne, soodne ja kiire viis reklaamimiseks v\u00f5i teisteks eristumiseks. Vaata kleebisreklaami v\u00f5imalusi ja tehtud t\u00f6id siit!","robots":{"index":"index","follow":"follow","max-snippet":"max-snippet:-1","max-image-preview":"max-image-preview:large","max-video-preview":"max-video-preview:-1"},"canonical":"https:\/\/www.jaadisain.ee\/en\/products\/vinyl-graphics\/","og_locale":"en_US","og_type":"article","og_title":"Kleebisreklaamid - JAA Disain","og_description":"Kleebisreklaamid on lihtne, soodne ja kiire viis reklaamimiseks v\u00f5i teisteks eristumiseks. Vaata kleebisreklaami v\u00f5imalusi ja tehtud t\u00f6id siit!","og_url":"https:\/\/www.jaadisain.ee\/en\/products\/vinyl-graphics\/","og_site_name":"JAA Disain","article_publisher":"https:\/\/www.facebook.com\/JAA-Disain-156295277734632\/timeline","article_modified_time":"2016-07-07T16:35:47+00:00","og_image":[{"width":647,"height":355,"url":"https:\/\/www.jaadisain.ee\/wp-content\/uploads\/2015\/11\/kleebisreklaamid-e1448453422849.jpg","type":"image\/jpeg"}],"twitter_card":"summary_large_image","twitter_misc":{"Est. reading time":"1 minute"},"schema":{"@context":"https:\/\/schema.org","@graph":[{"@type":"WebPage","@id":"https:\/\/www.jaadisain.ee\/en\/products\/vinyl-graphics\/","url":"https:\/\/www.jaadisain.ee\/en\/products\/vinyl-graphics\/","name":"Kleebisreklaamid - JAA Disain","isPartOf":{"@id":"https:\/\/www.jaadisain.ee\/#website"},"primaryImageOfPage":{"@id":"https:\/\/www.jaadisain.ee\/en\/products\/vinyl-graphics\/#primaryimage"},"image":{"@id":"https:\/\/www.jaadisain.ee\/en\/products\/vinyl-graphics\/#primaryimage"},"thumbnailUrl":"https:\/\/www.jaadisain.ee\/wp-content\/uploads\/2015\/11\/kleebisreklaamid-e1448453422849.jpg","datePublished":"2015-11-16T11:23:04+00:00","dateModified":"2016-07-07T16:35:47+00:00","description":"Kleebisreklaamid on lihtne, soodne ja kiire viis reklaamimiseks v\u00f5i teisteks eristumiseks. Vaata kleebisreklaami v\u00f5imalusi ja tehtud t\u00f6id siit!","breadcrumb":{"@id":"https:\/\/www.jaadisain.ee\/en\/products\/vinyl-graphics\/#breadcrumb"},"inLanguage":"en-US","potentialAction":[{"@type":"ReadAction","target":["https:\/\/www.jaadisain.ee\/en\/products\/vinyl-graphics\/"]}]},{"@type":"ImageObject","inLanguage":"en-US","@id":"https:\/\/www.jaadisain.ee\/en\/products\/vinyl-graphics\/#primaryimage","url":"https:\/\/www.jaadisain.ee\/wp-content\/uploads\/2015\/11\/kleebisreklaamid-e1448453422849.jpg","contentUrl":"https:\/\/www.jaadisain.ee\/wp-content\/uploads\/2015\/11\/kleebisreklaamid-e1448453422849.jpg","width":647,"height":355},{"@type":"BreadcrumbList","@id":"https:\/\/www.jaadisain.ee\/en\/products\/vinyl-graphics\/#breadcrumb","itemListElement":[{"@type":"ListItem","position":1,"name":"Home","item":"https:\/\/www.jaadisain.ee\/en\/"},{"@type":"ListItem","position":2,"name":"PRODUCTS","item":"https:\/\/www.jaadisain.ee\/en\/products\/"},{"@type":"ListItem","position":3,"name":"Vinyl graphics"}]},{"@type":"WebSite","@id":"https:\/\/www.jaadisain.ee\/#website","url":"https:\/\/www.jaadisain.ee\/","name":"JAA Disain","description":"Valgusreklaamide tootja aastast 1993","publisher":{"@id":"https:\/\/www.jaadisain.ee\/#organization"},"potentialAction":[{"@type":"SearchAction","target":{"@type":"EntryPoint","urlTemplate":"https:\/\/www.jaadisain.ee\/?s={search_term_string}"},"query-input":{"@type":"PropertyValueSpecification","valueRequired":true,"valueName":"search_term_string"}}],"inLanguage":"en-US"},{"@type":"Organization","@id":"https:\/\/www.jaadisain.ee\/#organization","name":"JAA Disain","url":"https:\/\/www.jaadisain.ee\/","logo":{"@type":"ImageObject","inLanguage":"en-US","@id":"https:\/\/www.jaadisain.ee\/#\/schema\/logo\/image\/","url":"https:\/\/www.jaadisain.ee\/wp-content\/uploads\/2016\/02\/JAA-Disain-logo.jpg","contentUrl":"https:\/\/www.jaadisain.ee\/wp-content\/uploads\/2016\/02\/JAA-Disain-logo.jpg","width":443,"height":259,"caption":"JAA Disain"},"image":{"@id":"https:\/\/www.jaadisain.ee\/#\/schema\/logo\/image\/"},"sameAs":["https:\/\/www.facebook.com\/JAA-Disain-156295277734632\/timeline"]}]}},"_links":{"self":[{"href":"https:\/\/www.jaadisain.ee\/en\/wp-json\/wp\/v2\/pages\/5267","targetHints":{"allow":["GET"]}}],"collection":[{"href":"https:\/\/www.jaadisain.ee\/en\/wp-json\/wp\/v2\/pages"}],"about":[{"href":"https:\/\/www.jaadisain.ee\/en\/wp-json\/wp\/v2\/types\/page"}],"author":[{"embeddable":true,"href":"https:\/\/www.jaadisain.ee\/en\/wp-json\/wp\/v2\/users\/4"}],"replies":[{"embeddable":true,"href":"https:\/\/www.jaadisain.ee\/en\/wp-json\/wp\/v2\/comments?post=5267"}],"version-history":[{"count":0,"href":"https:\/\/www.jaadisain.ee\/en\/wp-json\/wp\/v2\/pages\/5267\/revisions"}],"up":[{"embeddable":true,"href":"https:\/\/www.jaadisain.ee\/en\/wp-json\/wp\/v2\/pages\/5299"}],"wp:featuredmedia":[{"embeddable":true,"href":"https:\/\/www.jaadisain.ee\/en\/wp-json\/wp\/v2\/media\/3793"}],"wp:attachment":[{"href":"https:\/\/www.jaadisain.ee\/en\/wp-json\/wp\/v2\/media?parent=5267"}],"curies":[{"name":"wp","href":"https:\/\/api.w.org\/{rel}","templated":true}]}}