{"id":5266,"date":"2015-11-16T11:24:26","date_gmt":"2015-11-16T11:24:26","guid":{"rendered":"http:\/\/www.jaadisain.ee\/en\/autokleebised\/"},"modified":"2016-07-07T18:38:03","modified_gmt":"2016-07-07T16:38:03","slug":"car-stickers","status":"publish","type":"page","link":"https:\/\/www.jaadisain.ee\/en\/products\/vinyl-graphics\/car-stickers\/","title":{"rendered":"Car stickers"},"content":{"rendered":"<p>Stickers on vehicles are a unique way to promote your company in the monotonous streets. As vehicles are constantly on the move in the streets, your message is delivered to various locations in the city. You can be sure that it will not remain unnoticed in the traffic and from the windows. It is also a good idea to have smaller stickers on your company car so that when you arrive at a meeting with a partner or a potential customer, your arrival will be noticed right away. This service includes not only cars, but all kinds of other vehicles that we have also decorated with stickers using the same technology. The list is long: Trains, buses, yachts, powerboats, ski-jets, motorbikes, bicycles, planes, etc. Anything that moves &#8211; we can sticker it!<\/p>\n<h2>Vehicle stickers can be attached to various vehicles:<\/h2>\n<ul>\n<li><a href=\"https:\/\/www.jaadisain.ee\/en\/products\/vinyl-graphics\/car-stickers\/passenger-cars\/\"><strong>passenger cars<\/strong><\/a><\/li>\n<li><a href=\"https:\/\/www.jaadisain.ee\/en\/products\/vinyl-graphics\/car-stickers\/vans\/\"><strong>vans<\/strong><\/a><\/li>\n<li><a href=\"https:\/\/www.jaadisain.ee\/en\/products\/vinyl-graphics\/car-stickers\/trucks\/\"><strong>trucks<\/strong><\/a><\/li>\n<li><a href=\"https:\/\/www.jaadisain.ee\/en\/products\/vinyl-graphics\/car-stickers\/other-vehicles\/\"><strong>trains, trailers, etc.<\/strong><\/a><\/li>\n<\/ul>\n","protected":false},"excerpt":{"rendered":"<p>Stickers on vehicles are a unique way to promote your company in the monotonous streets. As vehicles are constantly on the move in the streets, your message is delivered to various locations in the city. You can be sure that it will not remain unnoticed in the traffic and from the windows. It is also [&hellip;]<\/p>\n","protected":false},"author":4,"featured_media":4255,"parent":5267,"menu_order":1,"comment_status":"closed","ping_status":"closed","template":"","meta":{"_acf_changed":false,"footnotes":""},"class_list":["post-5266","page","type-page","status-publish","has-post-thumbnail","hentry"],"acf":[],"yoast_head":"<!-- This site is optimized with the Yoast SEO plugin v27.3 - https:\/\/yoast.com\/product\/yoast-seo-wordpress\/ -->\n<title>Autokleebised, kleebisreklaamid - JAA Disain<\/title>\n<meta name=\"description\" content=\"Autokleebised on ainulaadne v\u00f5imalus kasutada firmat reklaamimiseks hallis t\u00e4navapildis. Vaata autokleebise v\u00f5imalusi ja tehtud t\u00f6id siit!\" \/>\n<meta name=\"robots\" content=\"index, follow, max-snippet:-1, max-image-preview:large, max-video-preview:-1\" \/>\n<link rel=\"canonical\" href=\"https:\/\/www.jaadisain.ee\/en\/products\/vinyl-graphics\/car-stickers\/\" \/>\n<meta property=\"og:locale\" content=\"en_US\" \/>\n<meta property=\"og:type\" content=\"article\" \/>\n<meta property=\"og:title\" content=\"Autokleebised, kleebisreklaamid - JAA Disain\" \/>\n<meta property=\"og:description\" content=\"Autokleebised on ainulaadne v\u00f5imalus kasutada firmat reklaamimiseks hallis t\u00e4navapildis. Vaata autokleebise v\u00f5imalusi ja tehtud t\u00f6id siit!\" \/>\n<meta property=\"og:url\" content=\"https:\/\/www.jaadisain.ee\/en\/products\/vinyl-graphics\/car-stickers\/\" \/>\n<meta property=\"og:site_name\" content=\"JAA Disain\" \/>\n<meta property=\"article:publisher\" content=\"https:\/\/www.facebook.com\/JAA-Disain-156295277734632\/timeline\" \/>\n<meta property=\"article:modified_time\" content=\"2016-07-07T16:38:03+00:00\" \/>\n<meta property=\"og:image\" content=\"https:\/\/www.jaadisain.ee\/wp-content\/uploads\/2015\/11\/kleebised-soidukitele.jpg\" \/>\n\t<meta property=\"og:image:width\" content=\"800\" \/>\n\t<meta property=\"og:image:height\" content=\"600\" \/>\n\t<meta property=\"og:image:type\" content=\"image\/jpeg\" \/>\n<meta name=\"twitter:card\" content=\"summary_large_image\" \/>\n<meta name=\"twitter:label1\" content=\"Est. reading time\" \/>\n\t<meta name=\"twitter:data1\" content=\"1 minute\" \/>\n<script type=\"application\/ld+json\" class=\"yoast-schema-graph\">{\"@context\":\"https:\\\/\\\/schema.org\",\"@graph\":[{\"@type\":\"WebPage\",\"@id\":\"https:\\\/\\\/www.jaadisain.ee\\\/en\\\/products\\\/vinyl-graphics\\\/car-stickers\\\/\",\"url\":\"https:\\\/\\\/www.jaadisain.ee\\\/en\\\/products\\\/vinyl-graphics\\\/car-stickers\\\/\",\"name\":\"Autokleebised, kleebisreklaamid - JAA Disain\",\"isPartOf\":{\"@id\":\"https:\\\/\\\/www.jaadisain.ee\\\/#website\"},\"primaryImageOfPage\":{\"@id\":\"https:\\\/\\\/www.jaadisain.ee\\\/en\\\/products\\\/vinyl-graphics\\\/car-stickers\\\/#primaryimage\"},\"image\":{\"@id\":\"https:\\\/\\\/www.jaadisain.ee\\\/en\\\/products\\\/vinyl-graphics\\\/car-stickers\\\/#primaryimage\"},\"thumbnailUrl\":\"https:\\\/\\\/www.jaadisain.ee\\\/wp-content\\\/uploads\\\/2015\\\/11\\\/kleebised-soidukitele.jpg\",\"datePublished\":\"2015-11-16T11:24:26+00:00\",\"dateModified\":\"2016-07-07T16:38:03+00:00\",\"description\":\"Autokleebised on ainulaadne v\u00f5imalus kasutada firmat reklaamimiseks hallis t\u00e4navapildis. Vaata autokleebise v\u00f5imalusi ja tehtud t\u00f6id siit!\",\"breadcrumb\":{\"@id\":\"https:\\\/\\\/www.jaadisain.ee\\\/en\\\/products\\\/vinyl-graphics\\\/car-stickers\\\/#breadcrumb\"},\"inLanguage\":\"en-US\",\"potentialAction\":[{\"@type\":\"ReadAction\",\"target\":[\"https:\\\/\\\/www.jaadisain.ee\\\/en\\\/products\\\/vinyl-graphics\\\/car-stickers\\\/\"]}]},{\"@type\":\"ImageObject\",\"inLanguage\":\"en-US\",\"@id\":\"https:\\\/\\\/www.jaadisain.ee\\\/en\\\/products\\\/vinyl-graphics\\\/car-stickers\\\/#primaryimage\",\"url\":\"https:\\\/\\\/www.jaadisain.ee\\\/wp-content\\\/uploads\\\/2015\\\/11\\\/kleebised-soidukitele.jpg\",\"contentUrl\":\"https:\\\/\\\/www.jaadisain.ee\\\/wp-content\\\/uploads\\\/2015\\\/11\\\/kleebised-soidukitele.jpg\",\"width\":800,\"height\":600},{\"@type\":\"BreadcrumbList\",\"@id\":\"https:\\\/\\\/www.jaadisain.ee\\\/en\\\/products\\\/vinyl-graphics\\\/car-stickers\\\/#breadcrumb\",\"itemListElement\":[{\"@type\":\"ListItem\",\"position\":1,\"name\":\"Home\",\"item\":\"https:\\\/\\\/www.jaadisain.ee\\\/en\\\/\"},{\"@type\":\"ListItem\",\"position\":2,\"name\":\"PRODUCTS\",\"item\":\"https:\\\/\\\/www.jaadisain.ee\\\/en\\\/products\\\/\"},{\"@type\":\"ListItem\",\"position\":3,\"name\":\"Vinyl graphics\",\"item\":\"https:\\\/\\\/www.jaadisain.ee\\\/en\\\/products\\\/vinyl-graphics\\\/\"},{\"@type\":\"ListItem\",\"position\":4,\"name\":\"Car stickers\"}]},{\"@type\":\"WebSite\",\"@id\":\"https:\\\/\\\/www.jaadisain.ee\\\/#website\",\"url\":\"https:\\\/\\\/www.jaadisain.ee\\\/\",\"name\":\"JAA Disain\",\"description\":\"Valgusreklaamide tootja aastast 1993\",\"publisher\":{\"@id\":\"https:\\\/\\\/www.jaadisain.ee\\\/#organization\"},\"potentialAction\":[{\"@type\":\"SearchAction\",\"target\":{\"@type\":\"EntryPoint\",\"urlTemplate\":\"https:\\\/\\\/www.jaadisain.ee\\\/?s={search_term_string}\"},\"query-input\":{\"@type\":\"PropertyValueSpecification\",\"valueRequired\":true,\"valueName\":\"search_term_string\"}}],\"inLanguage\":\"en-US\"},{\"@type\":\"Organization\",\"@id\":\"https:\\\/\\\/www.jaadisain.ee\\\/#organization\",\"name\":\"JAA Disain\",\"url\":\"https:\\\/\\\/www.jaadisain.ee\\\/\",\"logo\":{\"@type\":\"ImageObject\",\"inLanguage\":\"en-US\",\"@id\":\"https:\\\/\\\/www.jaadisain.ee\\\/#\\\/schema\\\/logo\\\/image\\\/\",\"url\":\"https:\\\/\\\/www.jaadisain.ee\\\/wp-content\\\/uploads\\\/2016\\\/02\\\/JAA-Disain-logo.jpg\",\"contentUrl\":\"https:\\\/\\\/www.jaadisain.ee\\\/wp-content\\\/uploads\\\/2016\\\/02\\\/JAA-Disain-logo.jpg\",\"width\":443,\"height\":259,\"caption\":\"JAA Disain\"},\"image\":{\"@id\":\"https:\\\/\\\/www.jaadisain.ee\\\/#\\\/schema\\\/logo\\\/image\\\/\"},\"sameAs\":[\"https:\\\/\\\/www.facebook.com\\\/JAA-Disain-156295277734632\\\/timeline\"]}]}<\/script>\n<!-- \/ Yoast SEO plugin. -->","yoast_head_json":{"title":"Autokleebised, kleebisreklaamid - JAA Disain","description":"Autokleebised on ainulaadne v\u00f5imalus kasutada firmat reklaamimiseks hallis t\u00e4navapildis. Vaata autokleebise v\u00f5imalusi ja tehtud t\u00f6id siit!","robots":{"index":"index","follow":"follow","max-snippet":"max-snippet:-1","max-image-preview":"max-image-preview:large","max-video-preview":"max-video-preview:-1"},"canonical":"https:\/\/www.jaadisain.ee\/en\/products\/vinyl-graphics\/car-stickers\/","og_locale":"en_US","og_type":"article","og_title":"Autokleebised, kleebisreklaamid - JAA Disain","og_description":"Autokleebised on ainulaadne v\u00f5imalus kasutada firmat reklaamimiseks hallis t\u00e4navapildis. Vaata autokleebise v\u00f5imalusi ja tehtud t\u00f6id siit!","og_url":"https:\/\/www.jaadisain.ee\/en\/products\/vinyl-graphics\/car-stickers\/","og_site_name":"JAA Disain","article_publisher":"https:\/\/www.facebook.com\/JAA-Disain-156295277734632\/timeline","article_modified_time":"2016-07-07T16:38:03+00:00","og_image":[{"width":800,"height":600,"url":"https:\/\/www.jaadisain.ee\/wp-content\/uploads\/2015\/11\/kleebised-soidukitele.jpg","type":"image\/jpeg"}],"twitter_card":"summary_large_image","twitter_misc":{"Est. reading time":"1 minute"},"schema":{"@context":"https:\/\/schema.org","@graph":[{"@type":"WebPage","@id":"https:\/\/www.jaadisain.ee\/en\/products\/vinyl-graphics\/car-stickers\/","url":"https:\/\/www.jaadisain.ee\/en\/products\/vinyl-graphics\/car-stickers\/","name":"Autokleebised, kleebisreklaamid - JAA Disain","isPartOf":{"@id":"https:\/\/www.jaadisain.ee\/#website"},"primaryImageOfPage":{"@id":"https:\/\/www.jaadisain.ee\/en\/products\/vinyl-graphics\/car-stickers\/#primaryimage"},"image":{"@id":"https:\/\/www.jaadisain.ee\/en\/products\/vinyl-graphics\/car-stickers\/#primaryimage"},"thumbnailUrl":"https:\/\/www.jaadisain.ee\/wp-content\/uploads\/2015\/11\/kleebised-soidukitele.jpg","datePublished":"2015-11-16T11:24:26+00:00","dateModified":"2016-07-07T16:38:03+00:00","description":"Autokleebised on ainulaadne v\u00f5imalus kasutada firmat reklaamimiseks hallis t\u00e4navapildis. Vaata autokleebise v\u00f5imalusi ja tehtud t\u00f6id siit!","breadcrumb":{"@id":"https:\/\/www.jaadisain.ee\/en\/products\/vinyl-graphics\/car-stickers\/#breadcrumb"},"inLanguage":"en-US","potentialAction":[{"@type":"ReadAction","target":["https:\/\/www.jaadisain.ee\/en\/products\/vinyl-graphics\/car-stickers\/"]}]},{"@type":"ImageObject","inLanguage":"en-US","@id":"https:\/\/www.jaadisain.ee\/en\/products\/vinyl-graphics\/car-stickers\/#primaryimage","url":"https:\/\/www.jaadisain.ee\/wp-content\/uploads\/2015\/11\/kleebised-soidukitele.jpg","contentUrl":"https:\/\/www.jaadisain.ee\/wp-content\/uploads\/2015\/11\/kleebised-soidukitele.jpg","width":800,"height":600},{"@type":"BreadcrumbList","@id":"https:\/\/www.jaadisain.ee\/en\/products\/vinyl-graphics\/car-stickers\/#breadcrumb","itemListElement":[{"@type":"ListItem","position":1,"name":"Home","item":"https:\/\/www.jaadisain.ee\/en\/"},{"@type":"ListItem","position":2,"name":"PRODUCTS","item":"https:\/\/www.jaadisain.ee\/en\/products\/"},{"@type":"ListItem","position":3,"name":"Vinyl graphics","item":"https:\/\/www.jaadisain.ee\/en\/products\/vinyl-graphics\/"},{"@type":"ListItem","position":4,"name":"Car stickers"}]},{"@type":"WebSite","@id":"https:\/\/www.jaadisain.ee\/#website","url":"https:\/\/www.jaadisain.ee\/","name":"JAA Disain","description":"Valgusreklaamide tootja aastast 1993","publisher":{"@id":"https:\/\/www.jaadisain.ee\/#organization"},"potentialAction":[{"@type":"SearchAction","target":{"@type":"EntryPoint","urlTemplate":"https:\/\/www.jaadisain.ee\/?s={search_term_string}"},"query-input":{"@type":"PropertyValueSpecification","valueRequired":true,"valueName":"search_term_string"}}],"inLanguage":"en-US"},{"@type":"Organization","@id":"https:\/\/www.jaadisain.ee\/#organization","name":"JAA Disain","url":"https:\/\/www.jaadisain.ee\/","logo":{"@type":"ImageObject","inLanguage":"en-US","@id":"https:\/\/www.jaadisain.ee\/#\/schema\/logo\/image\/","url":"https:\/\/www.jaadisain.ee\/wp-content\/uploads\/2016\/02\/JAA-Disain-logo.jpg","contentUrl":"https:\/\/www.jaadisain.ee\/wp-content\/uploads\/2016\/02\/JAA-Disain-logo.jpg","width":443,"height":259,"caption":"JAA Disain"},"image":{"@id":"https:\/\/www.jaadisain.ee\/#\/schema\/logo\/image\/"},"sameAs":["https:\/\/www.facebook.com\/JAA-Disain-156295277734632\/timeline"]}]}},"_links":{"self":[{"href":"https:\/\/www.jaadisain.ee\/en\/wp-json\/wp\/v2\/pages\/5266","targetHints":{"allow":["GET"]}}],"collection":[{"href":"https:\/\/www.jaadisain.ee\/en\/wp-json\/wp\/v2\/pages"}],"about":[{"href":"https:\/\/www.jaadisain.ee\/en\/wp-json\/wp\/v2\/types\/page"}],"author":[{"embeddable":true,"href":"https:\/\/www.jaadisain.ee\/en\/wp-json\/wp\/v2\/users\/4"}],"replies":[{"embeddable":true,"href":"https:\/\/www.jaadisain.ee\/en\/wp-json\/wp\/v2\/comments?post=5266"}],"version-history":[{"count":0,"href":"https:\/\/www.jaadisain.ee\/en\/wp-json\/wp\/v2\/pages\/5266\/revisions"}],"up":[{"embeddable":true,"href":"https:\/\/www.jaadisain.ee\/en\/wp-json\/wp\/v2\/pages\/5267"}],"wp:featuredmedia":[{"embeddable":true,"href":"https:\/\/www.jaadisain.ee\/en\/wp-json\/wp\/v2\/media\/4255"}],"wp:attachment":[{"href":"https:\/\/www.jaadisain.ee\/en\/wp-json\/wp\/v2\/media?parent=5266"}],"curies":[{"name":"wp","href":"https:\/\/api.w.org\/{rel}","templated":true}]}}