{"id":5261,"date":"2015-11-16T11:27:05","date_gmt":"2015-11-16T11:27:05","guid":{"rendered":"http:\/\/www.jaadisain.ee\/en\/kleebisreklaam\/"},"modified":"2016-04-17T10:47:00","modified_gmt":"2016-04-17T08:47:00","slug":"vinyl-graphics","status":"publish","type":"page","link":"https:\/\/www.jaadisain.ee\/en\/products\/vinyl-graphics\/vinyl-graphics\/","title":{"rendered":"Vinyl graphics"},"content":{"rendered":"<p>Vinyl graphics (sticker ads) are a simple, inexpensive and quick way to stand out. Stickers can be used in a wide variety of ways, and thanks to the large choice of materials, there are almost no limits to it.<\/p>\n<p>Various pictures can be executed as stickers, also texts and all kinds of other materials that have to be placed on various surfaces in various locations. If needed, stickers can be used to cover large areas and to produce eye-catching and informative advertising surfaces.<\/p>\n<h2>Vinyl graphics on windows, walls and floors, opportunities and examples:<\/h2>\n","protected":false},"excerpt":{"rendered":"<p>Vinyl graphics (sticker ads) are a simple, inexpensive and quick way to stand out. Stickers can be used in a wide variety of ways, and thanks to the large choice of materials, there are almost no limits to it. Various pictures can be executed as stickers, also texts and all kinds of other materials that [&hellip;]<\/p>\n","protected":false},"author":4,"featured_media":4413,"parent":5267,"menu_order":2,"comment_status":"closed","ping_status":"closed","template":"","meta":{"_acf_changed":false,"footnotes":""},"class_list":["post-5261","page","type-page","status-publish","has-post-thumbnail","hentry"],"acf":[],"yoast_head":"<!-- This site is optimized with the Yoast SEO plugin v27.3 - https:\/\/yoast.com\/product\/yoast-seo-wordpress\/ -->\n<title>Kleebisreklaam akendel ja seintel - JAA Disain<\/title>\n<meta name=\"description\" content=\"Kleebisreklaam on lihtne, soodne ja kiire viis reklaamimiseks v\u00f5i teisteks eristumiseks. Vaata kleebisreklaami v\u00f5imalusi ja tehtud t\u00f6id siit!\" \/>\n<meta name=\"robots\" content=\"index, follow, max-snippet:-1, max-image-preview:large, max-video-preview:-1\" \/>\n<link rel=\"canonical\" href=\"https:\/\/www.jaadisain.ee\/en\/products\/vinyl-graphics\/vinyl-graphics\/\" \/>\n<meta property=\"og:locale\" content=\"en_US\" \/>\n<meta property=\"og:type\" content=\"article\" \/>\n<meta property=\"og:title\" content=\"Kleebisreklaam akendel ja seintel - JAA Disain\" \/>\n<meta property=\"og:description\" content=\"Kleebisreklaam on lihtne, soodne ja kiire viis reklaamimiseks v\u00f5i teisteks eristumiseks. Vaata kleebisreklaami v\u00f5imalusi ja tehtud t\u00f6id siit!\" \/>\n<meta property=\"og:url\" content=\"https:\/\/www.jaadisain.ee\/en\/products\/vinyl-graphics\/vinyl-graphics\/\" \/>\n<meta property=\"og:site_name\" content=\"JAA Disain\" \/>\n<meta property=\"article:publisher\" content=\"https:\/\/www.facebook.com\/JAA-Disain-156295277734632\/timeline\" \/>\n<meta property=\"article:modified_time\" content=\"2016-04-17T08:47:00+00:00\" \/>\n<meta property=\"og:image\" content=\"https:\/\/www.jaadisain.ee\/wp-content\/uploads\/2015\/11\/kleebisreklaamid-1-e1450698495643.jpg\" \/>\n\t<meta property=\"og:image:width\" content=\"493\" \/>\n\t<meta property=\"og:image:height\" content=\"353\" \/>\n\t<meta property=\"og:image:type\" content=\"image\/jpeg\" \/>\n<meta name=\"twitter:card\" content=\"summary_large_image\" \/>\n<script type=\"application\/ld+json\" class=\"yoast-schema-graph\">{\"@context\":\"https:\\\/\\\/schema.org\",\"@graph\":[{\"@type\":\"WebPage\",\"@id\":\"https:\\\/\\\/www.jaadisain.ee\\\/en\\\/products\\\/vinyl-graphics\\\/vinyl-graphics\\\/\",\"url\":\"https:\\\/\\\/www.jaadisain.ee\\\/en\\\/products\\\/vinyl-graphics\\\/vinyl-graphics\\\/\",\"name\":\"Kleebisreklaam akendel ja seintel - JAA Disain\",\"isPartOf\":{\"@id\":\"https:\\\/\\\/www.jaadisain.ee\\\/#website\"},\"primaryImageOfPage\":{\"@id\":\"https:\\\/\\\/www.jaadisain.ee\\\/en\\\/products\\\/vinyl-graphics\\\/vinyl-graphics\\\/#primaryimage\"},\"image\":{\"@id\":\"https:\\\/\\\/www.jaadisain.ee\\\/en\\\/products\\\/vinyl-graphics\\\/vinyl-graphics\\\/#primaryimage\"},\"thumbnailUrl\":\"https:\\\/\\\/www.jaadisain.ee\\\/wp-content\\\/uploads\\\/2015\\\/11\\\/kleebisreklaamid-1-e1450698495643.jpg\",\"datePublished\":\"2015-11-16T11:27:05+00:00\",\"dateModified\":\"2016-04-17T08:47:00+00:00\",\"description\":\"Kleebisreklaam on lihtne, soodne ja kiire viis reklaamimiseks v\u00f5i teisteks eristumiseks. Vaata kleebisreklaami v\u00f5imalusi ja tehtud t\u00f6id siit!\",\"breadcrumb\":{\"@id\":\"https:\\\/\\\/www.jaadisain.ee\\\/en\\\/products\\\/vinyl-graphics\\\/vinyl-graphics\\\/#breadcrumb\"},\"inLanguage\":\"en-US\",\"potentialAction\":[{\"@type\":\"ReadAction\",\"target\":[\"https:\\\/\\\/www.jaadisain.ee\\\/en\\\/products\\\/vinyl-graphics\\\/vinyl-graphics\\\/\"]}]},{\"@type\":\"ImageObject\",\"inLanguage\":\"en-US\",\"@id\":\"https:\\\/\\\/www.jaadisain.ee\\\/en\\\/products\\\/vinyl-graphics\\\/vinyl-graphics\\\/#primaryimage\",\"url\":\"https:\\\/\\\/www.jaadisain.ee\\\/wp-content\\\/uploads\\\/2015\\\/11\\\/kleebisreklaamid-1-e1450698495643.jpg\",\"contentUrl\":\"https:\\\/\\\/www.jaadisain.ee\\\/wp-content\\\/uploads\\\/2015\\\/11\\\/kleebisreklaamid-1-e1450698495643.jpg\",\"width\":493,\"height\":353},{\"@type\":\"BreadcrumbList\",\"@id\":\"https:\\\/\\\/www.jaadisain.ee\\\/en\\\/products\\\/vinyl-graphics\\\/vinyl-graphics\\\/#breadcrumb\",\"itemListElement\":[{\"@type\":\"ListItem\",\"position\":1,\"name\":\"Home\",\"item\":\"https:\\\/\\\/www.jaadisain.ee\\\/en\\\/\"},{\"@type\":\"ListItem\",\"position\":2,\"name\":\"PRODUCTS\",\"item\":\"https:\\\/\\\/www.jaadisain.ee\\\/en\\\/products\\\/\"},{\"@type\":\"ListItem\",\"position\":3,\"name\":\"Vinyl graphics\",\"item\":\"https:\\\/\\\/www.jaadisain.ee\\\/en\\\/products\\\/vinyl-graphics\\\/\"},{\"@type\":\"ListItem\",\"position\":4,\"name\":\"Vinyl graphics\"}]},{\"@type\":\"WebSite\",\"@id\":\"https:\\\/\\\/www.jaadisain.ee\\\/#website\",\"url\":\"https:\\\/\\\/www.jaadisain.ee\\\/\",\"name\":\"JAA Disain\",\"description\":\"Valgusreklaamide tootja aastast 1993\",\"publisher\":{\"@id\":\"https:\\\/\\\/www.jaadisain.ee\\\/#organization\"},\"potentialAction\":[{\"@type\":\"SearchAction\",\"target\":{\"@type\":\"EntryPoint\",\"urlTemplate\":\"https:\\\/\\\/www.jaadisain.ee\\\/?s={search_term_string}\"},\"query-input\":{\"@type\":\"PropertyValueSpecification\",\"valueRequired\":true,\"valueName\":\"search_term_string\"}}],\"inLanguage\":\"en-US\"},{\"@type\":\"Organization\",\"@id\":\"https:\\\/\\\/www.jaadisain.ee\\\/#organization\",\"name\":\"JAA Disain\",\"url\":\"https:\\\/\\\/www.jaadisain.ee\\\/\",\"logo\":{\"@type\":\"ImageObject\",\"inLanguage\":\"en-US\",\"@id\":\"https:\\\/\\\/www.jaadisain.ee\\\/#\\\/schema\\\/logo\\\/image\\\/\",\"url\":\"https:\\\/\\\/www.jaadisain.ee\\\/wp-content\\\/uploads\\\/2016\\\/02\\\/JAA-Disain-logo.jpg\",\"contentUrl\":\"https:\\\/\\\/www.jaadisain.ee\\\/wp-content\\\/uploads\\\/2016\\\/02\\\/JAA-Disain-logo.jpg\",\"width\":443,\"height\":259,\"caption\":\"JAA Disain\"},\"image\":{\"@id\":\"https:\\\/\\\/www.jaadisain.ee\\\/#\\\/schema\\\/logo\\\/image\\\/\"},\"sameAs\":[\"https:\\\/\\\/www.facebook.com\\\/JAA-Disain-156295277734632\\\/timeline\"]}]}<\/script>\n<!-- \/ Yoast SEO plugin. -->","yoast_head_json":{"title":"Kleebisreklaam akendel ja seintel - JAA Disain","description":"Kleebisreklaam on lihtne, soodne ja kiire viis reklaamimiseks v\u00f5i teisteks eristumiseks. Vaata kleebisreklaami v\u00f5imalusi ja tehtud t\u00f6id siit!","robots":{"index":"index","follow":"follow","max-snippet":"max-snippet:-1","max-image-preview":"max-image-preview:large","max-video-preview":"max-video-preview:-1"},"canonical":"https:\/\/www.jaadisain.ee\/en\/products\/vinyl-graphics\/vinyl-graphics\/","og_locale":"en_US","og_type":"article","og_title":"Kleebisreklaam akendel ja seintel - JAA Disain","og_description":"Kleebisreklaam on lihtne, soodne ja kiire viis reklaamimiseks v\u00f5i teisteks eristumiseks. Vaata kleebisreklaami v\u00f5imalusi ja tehtud t\u00f6id siit!","og_url":"https:\/\/www.jaadisain.ee\/en\/products\/vinyl-graphics\/vinyl-graphics\/","og_site_name":"JAA Disain","article_publisher":"https:\/\/www.facebook.com\/JAA-Disain-156295277734632\/timeline","article_modified_time":"2016-04-17T08:47:00+00:00","og_image":[{"width":493,"height":353,"url":"https:\/\/www.jaadisain.ee\/wp-content\/uploads\/2015\/11\/kleebisreklaamid-1-e1450698495643.jpg","type":"image\/jpeg"}],"twitter_card":"summary_large_image","schema":{"@context":"https:\/\/schema.org","@graph":[{"@type":"WebPage","@id":"https:\/\/www.jaadisain.ee\/en\/products\/vinyl-graphics\/vinyl-graphics\/","url":"https:\/\/www.jaadisain.ee\/en\/products\/vinyl-graphics\/vinyl-graphics\/","name":"Kleebisreklaam akendel ja seintel - JAA Disain","isPartOf":{"@id":"https:\/\/www.jaadisain.ee\/#website"},"primaryImageOfPage":{"@id":"https:\/\/www.jaadisain.ee\/en\/products\/vinyl-graphics\/vinyl-graphics\/#primaryimage"},"image":{"@id":"https:\/\/www.jaadisain.ee\/en\/products\/vinyl-graphics\/vinyl-graphics\/#primaryimage"},"thumbnailUrl":"https:\/\/www.jaadisain.ee\/wp-content\/uploads\/2015\/11\/kleebisreklaamid-1-e1450698495643.jpg","datePublished":"2015-11-16T11:27:05+00:00","dateModified":"2016-04-17T08:47:00+00:00","description":"Kleebisreklaam on lihtne, soodne ja kiire viis reklaamimiseks v\u00f5i teisteks eristumiseks. Vaata kleebisreklaami v\u00f5imalusi ja tehtud t\u00f6id siit!","breadcrumb":{"@id":"https:\/\/www.jaadisain.ee\/en\/products\/vinyl-graphics\/vinyl-graphics\/#breadcrumb"},"inLanguage":"en-US","potentialAction":[{"@type":"ReadAction","target":["https:\/\/www.jaadisain.ee\/en\/products\/vinyl-graphics\/vinyl-graphics\/"]}]},{"@type":"ImageObject","inLanguage":"en-US","@id":"https:\/\/www.jaadisain.ee\/en\/products\/vinyl-graphics\/vinyl-graphics\/#primaryimage","url":"https:\/\/www.jaadisain.ee\/wp-content\/uploads\/2015\/11\/kleebisreklaamid-1-e1450698495643.jpg","contentUrl":"https:\/\/www.jaadisain.ee\/wp-content\/uploads\/2015\/11\/kleebisreklaamid-1-e1450698495643.jpg","width":493,"height":353},{"@type":"BreadcrumbList","@id":"https:\/\/www.jaadisain.ee\/en\/products\/vinyl-graphics\/vinyl-graphics\/#breadcrumb","itemListElement":[{"@type":"ListItem","position":1,"name":"Home","item":"https:\/\/www.jaadisain.ee\/en\/"},{"@type":"ListItem","position":2,"name":"PRODUCTS","item":"https:\/\/www.jaadisain.ee\/en\/products\/"},{"@type":"ListItem","position":3,"name":"Vinyl graphics","item":"https:\/\/www.jaadisain.ee\/en\/products\/vinyl-graphics\/"},{"@type":"ListItem","position":4,"name":"Vinyl graphics"}]},{"@type":"WebSite","@id":"https:\/\/www.jaadisain.ee\/#website","url":"https:\/\/www.jaadisain.ee\/","name":"JAA Disain","description":"Valgusreklaamide tootja aastast 1993","publisher":{"@id":"https:\/\/www.jaadisain.ee\/#organization"},"potentialAction":[{"@type":"SearchAction","target":{"@type":"EntryPoint","urlTemplate":"https:\/\/www.jaadisain.ee\/?s={search_term_string}"},"query-input":{"@type":"PropertyValueSpecification","valueRequired":true,"valueName":"search_term_string"}}],"inLanguage":"en-US"},{"@type":"Organization","@id":"https:\/\/www.jaadisain.ee\/#organization","name":"JAA Disain","url":"https:\/\/www.jaadisain.ee\/","logo":{"@type":"ImageObject","inLanguage":"en-US","@id":"https:\/\/www.jaadisain.ee\/#\/schema\/logo\/image\/","url":"https:\/\/www.jaadisain.ee\/wp-content\/uploads\/2016\/02\/JAA-Disain-logo.jpg","contentUrl":"https:\/\/www.jaadisain.ee\/wp-content\/uploads\/2016\/02\/JAA-Disain-logo.jpg","width":443,"height":259,"caption":"JAA Disain"},"image":{"@id":"https:\/\/www.jaadisain.ee\/#\/schema\/logo\/image\/"},"sameAs":["https:\/\/www.facebook.com\/JAA-Disain-156295277734632\/timeline"]}]}},"_links":{"self":[{"href":"https:\/\/www.jaadisain.ee\/en\/wp-json\/wp\/v2\/pages\/5261","targetHints":{"allow":["GET"]}}],"collection":[{"href":"https:\/\/www.jaadisain.ee\/en\/wp-json\/wp\/v2\/pages"}],"about":[{"href":"https:\/\/www.jaadisain.ee\/en\/wp-json\/wp\/v2\/types\/page"}],"author":[{"embeddable":true,"href":"https:\/\/www.jaadisain.ee\/en\/wp-json\/wp\/v2\/users\/4"}],"replies":[{"embeddable":true,"href":"https:\/\/www.jaadisain.ee\/en\/wp-json\/wp\/v2\/comments?post=5261"}],"version-history":[{"count":0,"href":"https:\/\/www.jaadisain.ee\/en\/wp-json\/wp\/v2\/pages\/5261\/revisions"}],"up":[{"embeddable":true,"href":"https:\/\/www.jaadisain.ee\/en\/wp-json\/wp\/v2\/pages\/5267"}],"wp:featuredmedia":[{"embeddable":true,"href":"https:\/\/www.jaadisain.ee\/en\/wp-json\/wp\/v2\/media\/4413"}],"wp:attachment":[{"href":"https:\/\/www.jaadisain.ee\/en\/wp-json\/wp\/v2\/media?parent=5261"}],"curies":[{"name":"wp","href":"https:\/\/api.w.org\/{rel}","templated":true}]}}