{"id":5257,"date":"2015-11-16T12:11:27","date_gmt":"2015-11-16T12:11:27","guid":{"rendered":"http:\/\/www.jaadisain.ee\/en\/freesimine-ja-graveerimine\/"},"modified":"2016-04-17T10:52:14","modified_gmt":"2016-04-17T08:52:14","slug":"milling-and-engraving","status":"publish","type":"page","link":"https:\/\/www.jaadisain.ee\/en\/products\/milling-and-engraving\/","title":{"rendered":"Milling and engraving"},"content":{"rendered":"<p>The high quality workstations of JAA Disain let us provide high quality milling and engraving services. The various milling and engraving machines let us provide custom-made products of various shapes, sizes and materials. The constant, repeated use of these machines has let us reach simple and elegant solutions. Thanks to our long-term experience, we are able to execute a huge variety of advertising solutions.<\/p>\n<p>The list of materials we can handle with our machines is long:<\/p>\n<ul>\n<li>non-ferrous metals<\/li>\n<li>acrylic and plexiglass<\/li>\n<li>PVC materials<\/li>\n<li>MDF board<\/li>\n<li>wood, etc.<\/li>\n<\/ul>\n<p>The front and back surfaces of most illuminated adverts are produced with the milling machines, as well as the specific details of many custom-solution adverts. The process guarantees the high quality and precision of manufactured parts.\u00a0The milling machines can also be used to produce door signs and numbers, keyrings, exposition stands, acrylic glass products, cloakroom numbers and signboards of various shapes.<br \/>\nMilled logos are often used for displaying unilluminated logos for walls.<\/p>\n<h2>Milling and engraving:<\/h2>\n","protected":false},"excerpt":{"rendered":"<p>The high quality workstations of JAA Disain let us provide high quality milling and engraving services. The various milling and engraving machines let us provide custom-made products of various shapes, sizes and materials. The constant, repeated use of these machines has let us reach simple and elegant solutions. Thanks to our long-term experience, we are [&hellip;]<\/p>\n","protected":false},"author":4,"featured_media":3813,"parent":5299,"menu_order":7,"comment_status":"closed","ping_status":"closed","template":"","meta":{"_acf_changed":false,"footnotes":""},"class_list":["post-5257","page","type-page","status-publish","has-post-thumbnail","hentry"],"acf":[],"yoast_head":"<!-- This site is optimized with the Yoast SEO plugin v27.3 - https:\/\/yoast.com\/product\/yoast-seo-wordpress\/ -->\n<title>Freesimine ja graveerimine - JAA Disain O\u00dc<\/title>\n<meta name=\"description\" content=\"Freesimine ja graveerimine - v\u00f5imalus tellida erikujulised ja -lahendusega tooted erinevatest materjalidest. Vaata v\u00f5imalusi ja tehtud t\u00f6id siit!\" \/>\n<meta name=\"robots\" content=\"index, follow, max-snippet:-1, max-image-preview:large, max-video-preview:-1\" \/>\n<link rel=\"canonical\" href=\"https:\/\/www.jaadisain.ee\/en\/products\/milling-and-engraving\/\" \/>\n<meta property=\"og:locale\" content=\"en_US\" \/>\n<meta property=\"og:type\" content=\"article\" \/>\n<meta property=\"og:title\" content=\"Freesimine ja graveerimine - JAA Disain O\u00dc\" \/>\n<meta property=\"og:description\" content=\"Freesimine ja graveerimine - v\u00f5imalus tellida erikujulised ja -lahendusega tooted erinevatest materjalidest. Vaata v\u00f5imalusi ja tehtud t\u00f6id siit!\" \/>\n<meta property=\"og:url\" content=\"https:\/\/www.jaadisain.ee\/en\/products\/milling-and-engraving\/\" \/>\n<meta property=\"og:site_name\" content=\"JAA Disain\" \/>\n<meta property=\"article:publisher\" content=\"https:\/\/www.facebook.com\/JAA-Disain-156295277734632\/timeline\" \/>\n<meta property=\"article:modified_time\" content=\"2016-04-17T08:52:14+00:00\" \/>\n<meta property=\"og:image\" content=\"https:\/\/www.jaadisain.ee\/wp-content\/uploads\/2015\/11\/freesimis-ja-graveerimistood.jpg\" \/>\n\t<meta property=\"og:image:width\" content=\"478\" \/>\n\t<meta property=\"og:image:height\" content=\"338\" \/>\n\t<meta property=\"og:image:type\" content=\"image\/jpeg\" \/>\n<meta name=\"twitter:card\" content=\"summary_large_image\" \/>\n<meta name=\"twitter:label1\" content=\"Est. reading time\" \/>\n\t<meta name=\"twitter:data1\" content=\"1 minute\" \/>\n<script type=\"application\/ld+json\" class=\"yoast-schema-graph\">{\"@context\":\"https:\\\/\\\/schema.org\",\"@graph\":[{\"@type\":\"WebPage\",\"@id\":\"https:\\\/\\\/www.jaadisain.ee\\\/en\\\/products\\\/milling-and-engraving\\\/\",\"url\":\"https:\\\/\\\/www.jaadisain.ee\\\/en\\\/products\\\/milling-and-engraving\\\/\",\"name\":\"Freesimine ja graveerimine - JAA Disain O\u00dc\",\"isPartOf\":{\"@id\":\"https:\\\/\\\/www.jaadisain.ee\\\/#website\"},\"primaryImageOfPage\":{\"@id\":\"https:\\\/\\\/www.jaadisain.ee\\\/en\\\/products\\\/milling-and-engraving\\\/#primaryimage\"},\"image\":{\"@id\":\"https:\\\/\\\/www.jaadisain.ee\\\/en\\\/products\\\/milling-and-engraving\\\/#primaryimage\"},\"thumbnailUrl\":\"https:\\\/\\\/www.jaadisain.ee\\\/wp-content\\\/uploads\\\/2015\\\/11\\\/freesimis-ja-graveerimistood.jpg\",\"datePublished\":\"2015-11-16T12:11:27+00:00\",\"dateModified\":\"2016-04-17T08:52:14+00:00\",\"description\":\"Freesimine ja graveerimine - v\u00f5imalus tellida erikujulised ja -lahendusega tooted erinevatest materjalidest. Vaata v\u00f5imalusi ja tehtud t\u00f6id siit!\",\"breadcrumb\":{\"@id\":\"https:\\\/\\\/www.jaadisain.ee\\\/en\\\/products\\\/milling-and-engraving\\\/#breadcrumb\"},\"inLanguage\":\"en-US\",\"potentialAction\":[{\"@type\":\"ReadAction\",\"target\":[\"https:\\\/\\\/www.jaadisain.ee\\\/en\\\/products\\\/milling-and-engraving\\\/\"]}]},{\"@type\":\"ImageObject\",\"inLanguage\":\"en-US\",\"@id\":\"https:\\\/\\\/www.jaadisain.ee\\\/en\\\/products\\\/milling-and-engraving\\\/#primaryimage\",\"url\":\"https:\\\/\\\/www.jaadisain.ee\\\/wp-content\\\/uploads\\\/2015\\\/11\\\/freesimis-ja-graveerimistood.jpg\",\"contentUrl\":\"https:\\\/\\\/www.jaadisain.ee\\\/wp-content\\\/uploads\\\/2015\\\/11\\\/freesimis-ja-graveerimistood.jpg\",\"width\":478,\"height\":338},{\"@type\":\"BreadcrumbList\",\"@id\":\"https:\\\/\\\/www.jaadisain.ee\\\/en\\\/products\\\/milling-and-engraving\\\/#breadcrumb\",\"itemListElement\":[{\"@type\":\"ListItem\",\"position\":1,\"name\":\"Home\",\"item\":\"https:\\\/\\\/www.jaadisain.ee\\\/en\\\/\"},{\"@type\":\"ListItem\",\"position\":2,\"name\":\"PRODUCTS\",\"item\":\"https:\\\/\\\/www.jaadisain.ee\\\/en\\\/products\\\/\"},{\"@type\":\"ListItem\",\"position\":3,\"name\":\"Milling and engraving\"}]},{\"@type\":\"WebSite\",\"@id\":\"https:\\\/\\\/www.jaadisain.ee\\\/#website\",\"url\":\"https:\\\/\\\/www.jaadisain.ee\\\/\",\"name\":\"JAA Disain\",\"description\":\"Valgusreklaamide tootja aastast 1993\",\"publisher\":{\"@id\":\"https:\\\/\\\/www.jaadisain.ee\\\/#organization\"},\"potentialAction\":[{\"@type\":\"SearchAction\",\"target\":{\"@type\":\"EntryPoint\",\"urlTemplate\":\"https:\\\/\\\/www.jaadisain.ee\\\/?s={search_term_string}\"},\"query-input\":{\"@type\":\"PropertyValueSpecification\",\"valueRequired\":true,\"valueName\":\"search_term_string\"}}],\"inLanguage\":\"en-US\"},{\"@type\":\"Organization\",\"@id\":\"https:\\\/\\\/www.jaadisain.ee\\\/#organization\",\"name\":\"JAA Disain\",\"url\":\"https:\\\/\\\/www.jaadisain.ee\\\/\",\"logo\":{\"@type\":\"ImageObject\",\"inLanguage\":\"en-US\",\"@id\":\"https:\\\/\\\/www.jaadisain.ee\\\/#\\\/schema\\\/logo\\\/image\\\/\",\"url\":\"https:\\\/\\\/www.jaadisain.ee\\\/wp-content\\\/uploads\\\/2016\\\/02\\\/JAA-Disain-logo.jpg\",\"contentUrl\":\"https:\\\/\\\/www.jaadisain.ee\\\/wp-content\\\/uploads\\\/2016\\\/02\\\/JAA-Disain-logo.jpg\",\"width\":443,\"height\":259,\"caption\":\"JAA Disain\"},\"image\":{\"@id\":\"https:\\\/\\\/www.jaadisain.ee\\\/#\\\/schema\\\/logo\\\/image\\\/\"},\"sameAs\":[\"https:\\\/\\\/www.facebook.com\\\/JAA-Disain-156295277734632\\\/timeline\"]}]}<\/script>\n<!-- \/ Yoast SEO plugin. -->","yoast_head_json":{"title":"Freesimine ja graveerimine - JAA Disain O\u00dc","description":"Freesimine ja graveerimine - v\u00f5imalus tellida erikujulised ja -lahendusega tooted erinevatest materjalidest. Vaata v\u00f5imalusi ja tehtud t\u00f6id siit!","robots":{"index":"index","follow":"follow","max-snippet":"max-snippet:-1","max-image-preview":"max-image-preview:large","max-video-preview":"max-video-preview:-1"},"canonical":"https:\/\/www.jaadisain.ee\/en\/products\/milling-and-engraving\/","og_locale":"en_US","og_type":"article","og_title":"Freesimine ja graveerimine - JAA Disain O\u00dc","og_description":"Freesimine ja graveerimine - v\u00f5imalus tellida erikujulised ja -lahendusega tooted erinevatest materjalidest. Vaata v\u00f5imalusi ja tehtud t\u00f6id siit!","og_url":"https:\/\/www.jaadisain.ee\/en\/products\/milling-and-engraving\/","og_site_name":"JAA Disain","article_publisher":"https:\/\/www.facebook.com\/JAA-Disain-156295277734632\/timeline","article_modified_time":"2016-04-17T08:52:14+00:00","og_image":[{"width":478,"height":338,"url":"https:\/\/www.jaadisain.ee\/wp-content\/uploads\/2015\/11\/freesimis-ja-graveerimistood.jpg","type":"image\/jpeg"}],"twitter_card":"summary_large_image","twitter_misc":{"Est. reading time":"1 minute"},"schema":{"@context":"https:\/\/schema.org","@graph":[{"@type":"WebPage","@id":"https:\/\/www.jaadisain.ee\/en\/products\/milling-and-engraving\/","url":"https:\/\/www.jaadisain.ee\/en\/products\/milling-and-engraving\/","name":"Freesimine ja graveerimine - JAA Disain O\u00dc","isPartOf":{"@id":"https:\/\/www.jaadisain.ee\/#website"},"primaryImageOfPage":{"@id":"https:\/\/www.jaadisain.ee\/en\/products\/milling-and-engraving\/#primaryimage"},"image":{"@id":"https:\/\/www.jaadisain.ee\/en\/products\/milling-and-engraving\/#primaryimage"},"thumbnailUrl":"https:\/\/www.jaadisain.ee\/wp-content\/uploads\/2015\/11\/freesimis-ja-graveerimistood.jpg","datePublished":"2015-11-16T12:11:27+00:00","dateModified":"2016-04-17T08:52:14+00:00","description":"Freesimine ja graveerimine - v\u00f5imalus tellida erikujulised ja -lahendusega tooted erinevatest materjalidest. Vaata v\u00f5imalusi ja tehtud t\u00f6id siit!","breadcrumb":{"@id":"https:\/\/www.jaadisain.ee\/en\/products\/milling-and-engraving\/#breadcrumb"},"inLanguage":"en-US","potentialAction":[{"@type":"ReadAction","target":["https:\/\/www.jaadisain.ee\/en\/products\/milling-and-engraving\/"]}]},{"@type":"ImageObject","inLanguage":"en-US","@id":"https:\/\/www.jaadisain.ee\/en\/products\/milling-and-engraving\/#primaryimage","url":"https:\/\/www.jaadisain.ee\/wp-content\/uploads\/2015\/11\/freesimis-ja-graveerimistood.jpg","contentUrl":"https:\/\/www.jaadisain.ee\/wp-content\/uploads\/2015\/11\/freesimis-ja-graveerimistood.jpg","width":478,"height":338},{"@type":"BreadcrumbList","@id":"https:\/\/www.jaadisain.ee\/en\/products\/milling-and-engraving\/#breadcrumb","itemListElement":[{"@type":"ListItem","position":1,"name":"Home","item":"https:\/\/www.jaadisain.ee\/en\/"},{"@type":"ListItem","position":2,"name":"PRODUCTS","item":"https:\/\/www.jaadisain.ee\/en\/products\/"},{"@type":"ListItem","position":3,"name":"Milling and engraving"}]},{"@type":"WebSite","@id":"https:\/\/www.jaadisain.ee\/#website","url":"https:\/\/www.jaadisain.ee\/","name":"JAA Disain","description":"Valgusreklaamide tootja aastast 1993","publisher":{"@id":"https:\/\/www.jaadisain.ee\/#organization"},"potentialAction":[{"@type":"SearchAction","target":{"@type":"EntryPoint","urlTemplate":"https:\/\/www.jaadisain.ee\/?s={search_term_string}"},"query-input":{"@type":"PropertyValueSpecification","valueRequired":true,"valueName":"search_term_string"}}],"inLanguage":"en-US"},{"@type":"Organization","@id":"https:\/\/www.jaadisain.ee\/#organization","name":"JAA Disain","url":"https:\/\/www.jaadisain.ee\/","logo":{"@type":"ImageObject","inLanguage":"en-US","@id":"https:\/\/www.jaadisain.ee\/#\/schema\/logo\/image\/","url":"https:\/\/www.jaadisain.ee\/wp-content\/uploads\/2016\/02\/JAA-Disain-logo.jpg","contentUrl":"https:\/\/www.jaadisain.ee\/wp-content\/uploads\/2016\/02\/JAA-Disain-logo.jpg","width":443,"height":259,"caption":"JAA Disain"},"image":{"@id":"https:\/\/www.jaadisain.ee\/#\/schema\/logo\/image\/"},"sameAs":["https:\/\/www.facebook.com\/JAA-Disain-156295277734632\/timeline"]}]}},"_links":{"self":[{"href":"https:\/\/www.jaadisain.ee\/en\/wp-json\/wp\/v2\/pages\/5257","targetHints":{"allow":["GET"]}}],"collection":[{"href":"https:\/\/www.jaadisain.ee\/en\/wp-json\/wp\/v2\/pages"}],"about":[{"href":"https:\/\/www.jaadisain.ee\/en\/wp-json\/wp\/v2\/types\/page"}],"author":[{"embeddable":true,"href":"https:\/\/www.jaadisain.ee\/en\/wp-json\/wp\/v2\/users\/4"}],"replies":[{"embeddable":true,"href":"https:\/\/www.jaadisain.ee\/en\/wp-json\/wp\/v2\/comments?post=5257"}],"version-history":[{"count":0,"href":"https:\/\/www.jaadisain.ee\/en\/wp-json\/wp\/v2\/pages\/5257\/revisions"}],"up":[{"embeddable":true,"href":"https:\/\/www.jaadisain.ee\/en\/wp-json\/wp\/v2\/pages\/5299"}],"wp:featuredmedia":[{"embeddable":true,"href":"https:\/\/www.jaadisain.ee\/en\/wp-json\/wp\/v2\/media\/3813"}],"wp:attachment":[{"href":"https:\/\/www.jaadisain.ee\/en\/wp-json\/wp\/v2\/media?parent=5257"}],"curies":[{"name":"wp","href":"https:\/\/api.w.org\/{rel}","templated":true}]}}