{"id":4721,"date":"2016-01-27T12:41:51","date_gmt":"2016-01-27T12:41:51","guid":{"rendered":"http:\/\/www.jaadisain.ee\/en\/fotoprint\/"},"modified":"2016-04-17T10:37:14","modified_gmt":"2016-04-17T08:37:14","slug":"photo-printing","status":"publish","type":"page","link":"https:\/\/www.jaadisain.ee\/en\/products\/digital-print-photo-print\/photo-printing\/","title":{"rendered":"Photo printing"},"content":{"rendered":"<p>Digital and photo printing let designers use photos on a variety of materials: sticker material, paper, cloth, PVC canvas, etc. Huge advertisements of hundreds of square meters can be printed in high quality. As well as the tiniest stickers for any kind of products.<\/p>\n<p>Photo print materials can be placed on external as well as internal walls, on shop windows or on vehicles.\u00a0Digital printing can be done on sticker material and attached to glass, walls, trailers, bus stops, etc. Digital prints can also be placed on appropriate base materials, laminated for better protection and used as wall decorations. Digital prints on vehicles are a unique way to promote your company in the monotonous streets. As vehicles are constantly on the move in the streets, your message is delivered to various locations in the city. You can be sure that it will not remain unnoticed in the traffic and from nearby windows.<\/p>\n<h2>Photo printing, opportunities and examples:<\/h2>\n","protected":false},"excerpt":{"rendered":"<p>Digital and photo printing let designers use photos on a variety of materials: sticker material, paper, cloth, PVC canvas, etc. Huge advertisements of hundreds of square meters can be printed in high quality. As well as the tiniest stickers for any kind of products. Photo print materials can be placed on external as well as [&hellip;]<\/p>\n","protected":false},"author":4,"featured_media":4471,"parent":5268,"menu_order":2,"comment_status":"closed","ping_status":"closed","template":"","meta":{"_acf_changed":false,"footnotes":""},"class_list":["post-4721","page","type-page","status-publish","has-post-thumbnail","hentry"],"acf":[],"yoast_head":"<!-- This site is optimized with the Yoast SEO plugin v27.3 - https:\/\/yoast.com\/product\/yoast-seo-wordpress\/ -->\n<title>Fotoprint, digitr\u00fckk, digiprint - JAA Disain<\/title>\n<meta name=\"description\" content=\"Fotoprint ja digitr\u00fckk annavad avarad v\u00f5imalused kasutada fotosid erinevatel materjalidel. Vaata v\u00f5imalusi ja tehtud t\u00f6id siit!\" \/>\n<meta name=\"robots\" content=\"index, follow, max-snippet:-1, max-image-preview:large, max-video-preview:-1\" \/>\n<link rel=\"canonical\" href=\"https:\/\/www.jaadisain.ee\/en\/products\/digital-print-photo-print\/photo-printing\/\" \/>\n<meta property=\"og:locale\" content=\"en_US\" \/>\n<meta property=\"og:type\" content=\"article\" \/>\n<meta property=\"og:title\" content=\"Fotoprint, digitr\u00fckk, digiprint - JAA Disain\" \/>\n<meta property=\"og:description\" content=\"Fotoprint ja digitr\u00fckk annavad avarad v\u00f5imalused kasutada fotosid erinevatel materjalidel. Vaata v\u00f5imalusi ja tehtud t\u00f6id siit!\" \/>\n<meta property=\"og:url\" content=\"https:\/\/www.jaadisain.ee\/en\/products\/digital-print-photo-print\/photo-printing\/\" \/>\n<meta property=\"og:site_name\" content=\"JAA Disain\" \/>\n<meta property=\"article:publisher\" content=\"https:\/\/www.facebook.com\/JAA-Disain-156295277734632\/timeline\" \/>\n<meta property=\"article:modified_time\" content=\"2016-04-17T08:37:14+00:00\" \/>\n<meta property=\"og:image\" content=\"https:\/\/www.jaadisain.ee\/wp-content\/uploads\/2015\/12\/lamineeritud-fotoprint-city-casino.jpg\" \/>\n\t<meta property=\"og:image:width\" content=\"800\" \/>\n\t<meta property=\"og:image:height\" content=\"533\" \/>\n\t<meta property=\"og:image:type\" content=\"image\/jpeg\" \/>\n<meta name=\"twitter:card\" content=\"summary_large_image\" \/>\n<meta name=\"twitter:label1\" content=\"Est. reading time\" \/>\n\t<meta name=\"twitter:data1\" content=\"1 minute\" \/>\n<script type=\"application\/ld+json\" class=\"yoast-schema-graph\">{\"@context\":\"https:\\\/\\\/schema.org\",\"@graph\":[{\"@type\":\"WebPage\",\"@id\":\"https:\\\/\\\/www.jaadisain.ee\\\/en\\\/products\\\/digital-print-photo-print\\\/photo-printing\\\/\",\"url\":\"https:\\\/\\\/www.jaadisain.ee\\\/en\\\/products\\\/digital-print-photo-print\\\/photo-printing\\\/\",\"name\":\"Fotoprint, digitr\u00fckk, digiprint - JAA Disain\",\"isPartOf\":{\"@id\":\"https:\\\/\\\/www.jaadisain.ee\\\/#website\"},\"primaryImageOfPage\":{\"@id\":\"https:\\\/\\\/www.jaadisain.ee\\\/en\\\/products\\\/digital-print-photo-print\\\/photo-printing\\\/#primaryimage\"},\"image\":{\"@id\":\"https:\\\/\\\/www.jaadisain.ee\\\/en\\\/products\\\/digital-print-photo-print\\\/photo-printing\\\/#primaryimage\"},\"thumbnailUrl\":\"https:\\\/\\\/www.jaadisain.ee\\\/wp-content\\\/uploads\\\/2015\\\/12\\\/lamineeritud-fotoprint-city-casino.jpg\",\"datePublished\":\"2016-01-27T12:41:51+00:00\",\"dateModified\":\"2016-04-17T08:37:14+00:00\",\"description\":\"Fotoprint ja digitr\u00fckk annavad avarad v\u00f5imalused kasutada fotosid erinevatel materjalidel. Vaata v\u00f5imalusi ja tehtud t\u00f6id siit!\",\"breadcrumb\":{\"@id\":\"https:\\\/\\\/www.jaadisain.ee\\\/en\\\/products\\\/digital-print-photo-print\\\/photo-printing\\\/#breadcrumb\"},\"inLanguage\":\"en-US\",\"potentialAction\":[{\"@type\":\"ReadAction\",\"target\":[\"https:\\\/\\\/www.jaadisain.ee\\\/en\\\/products\\\/digital-print-photo-print\\\/photo-printing\\\/\"]}]},{\"@type\":\"ImageObject\",\"inLanguage\":\"en-US\",\"@id\":\"https:\\\/\\\/www.jaadisain.ee\\\/en\\\/products\\\/digital-print-photo-print\\\/photo-printing\\\/#primaryimage\",\"url\":\"https:\\\/\\\/www.jaadisain.ee\\\/wp-content\\\/uploads\\\/2015\\\/12\\\/lamineeritud-fotoprint-city-casino.jpg\",\"contentUrl\":\"https:\\\/\\\/www.jaadisain.ee\\\/wp-content\\\/uploads\\\/2015\\\/12\\\/lamineeritud-fotoprint-city-casino.jpg\",\"width\":800,\"height\":533},{\"@type\":\"BreadcrumbList\",\"@id\":\"https:\\\/\\\/www.jaadisain.ee\\\/en\\\/products\\\/digital-print-photo-print\\\/photo-printing\\\/#breadcrumb\",\"itemListElement\":[{\"@type\":\"ListItem\",\"position\":1,\"name\":\"Home\",\"item\":\"https:\\\/\\\/www.jaadisain.ee\\\/en\\\/\"},{\"@type\":\"ListItem\",\"position\":2,\"name\":\"PRODUCTS\",\"item\":\"https:\\\/\\\/www.jaadisain.ee\\\/en\\\/products\\\/\"},{\"@type\":\"ListItem\",\"position\":3,\"name\":\"Digital print and photo print\",\"item\":\"https:\\\/\\\/www.jaadisain.ee\\\/en\\\/products\\\/digital-print-photo-print\\\/\"},{\"@type\":\"ListItem\",\"position\":4,\"name\":\"Photo printing\"}]},{\"@type\":\"WebSite\",\"@id\":\"https:\\\/\\\/www.jaadisain.ee\\\/#website\",\"url\":\"https:\\\/\\\/www.jaadisain.ee\\\/\",\"name\":\"JAA Disain\",\"description\":\"Valgusreklaamide tootja aastast 1993\",\"publisher\":{\"@id\":\"https:\\\/\\\/www.jaadisain.ee\\\/#organization\"},\"potentialAction\":[{\"@type\":\"SearchAction\",\"target\":{\"@type\":\"EntryPoint\",\"urlTemplate\":\"https:\\\/\\\/www.jaadisain.ee\\\/?s={search_term_string}\"},\"query-input\":{\"@type\":\"PropertyValueSpecification\",\"valueRequired\":true,\"valueName\":\"search_term_string\"}}],\"inLanguage\":\"en-US\"},{\"@type\":\"Organization\",\"@id\":\"https:\\\/\\\/www.jaadisain.ee\\\/#organization\",\"name\":\"JAA Disain\",\"url\":\"https:\\\/\\\/www.jaadisain.ee\\\/\",\"logo\":{\"@type\":\"ImageObject\",\"inLanguage\":\"en-US\",\"@id\":\"https:\\\/\\\/www.jaadisain.ee\\\/#\\\/schema\\\/logo\\\/image\\\/\",\"url\":\"https:\\\/\\\/www.jaadisain.ee\\\/wp-content\\\/uploads\\\/2016\\\/02\\\/JAA-Disain-logo.jpg\",\"contentUrl\":\"https:\\\/\\\/www.jaadisain.ee\\\/wp-content\\\/uploads\\\/2016\\\/02\\\/JAA-Disain-logo.jpg\",\"width\":443,\"height\":259,\"caption\":\"JAA Disain\"},\"image\":{\"@id\":\"https:\\\/\\\/www.jaadisain.ee\\\/#\\\/schema\\\/logo\\\/image\\\/\"},\"sameAs\":[\"https:\\\/\\\/www.facebook.com\\\/JAA-Disain-156295277734632\\\/timeline\"]}]}<\/script>\n<!-- \/ Yoast SEO plugin. -->","yoast_head_json":{"title":"Fotoprint, digitr\u00fckk, digiprint - JAA Disain","description":"Fotoprint ja digitr\u00fckk annavad avarad v\u00f5imalused kasutada fotosid erinevatel materjalidel. Vaata v\u00f5imalusi ja tehtud t\u00f6id siit!","robots":{"index":"index","follow":"follow","max-snippet":"max-snippet:-1","max-image-preview":"max-image-preview:large","max-video-preview":"max-video-preview:-1"},"canonical":"https:\/\/www.jaadisain.ee\/en\/products\/digital-print-photo-print\/photo-printing\/","og_locale":"en_US","og_type":"article","og_title":"Fotoprint, digitr\u00fckk, digiprint - JAA Disain","og_description":"Fotoprint ja digitr\u00fckk annavad avarad v\u00f5imalused kasutada fotosid erinevatel materjalidel. Vaata v\u00f5imalusi ja tehtud t\u00f6id siit!","og_url":"https:\/\/www.jaadisain.ee\/en\/products\/digital-print-photo-print\/photo-printing\/","og_site_name":"JAA Disain","article_publisher":"https:\/\/www.facebook.com\/JAA-Disain-156295277734632\/timeline","article_modified_time":"2016-04-17T08:37:14+00:00","og_image":[{"width":800,"height":533,"url":"https:\/\/www.jaadisain.ee\/wp-content\/uploads\/2015\/12\/lamineeritud-fotoprint-city-casino.jpg","type":"image\/jpeg"}],"twitter_card":"summary_large_image","twitter_misc":{"Est. reading time":"1 minute"},"schema":{"@context":"https:\/\/schema.org","@graph":[{"@type":"WebPage","@id":"https:\/\/www.jaadisain.ee\/en\/products\/digital-print-photo-print\/photo-printing\/","url":"https:\/\/www.jaadisain.ee\/en\/products\/digital-print-photo-print\/photo-printing\/","name":"Fotoprint, digitr\u00fckk, digiprint - JAA Disain","isPartOf":{"@id":"https:\/\/www.jaadisain.ee\/#website"},"primaryImageOfPage":{"@id":"https:\/\/www.jaadisain.ee\/en\/products\/digital-print-photo-print\/photo-printing\/#primaryimage"},"image":{"@id":"https:\/\/www.jaadisain.ee\/en\/products\/digital-print-photo-print\/photo-printing\/#primaryimage"},"thumbnailUrl":"https:\/\/www.jaadisain.ee\/wp-content\/uploads\/2015\/12\/lamineeritud-fotoprint-city-casino.jpg","datePublished":"2016-01-27T12:41:51+00:00","dateModified":"2016-04-17T08:37:14+00:00","description":"Fotoprint ja digitr\u00fckk annavad avarad v\u00f5imalused kasutada fotosid erinevatel materjalidel. Vaata v\u00f5imalusi ja tehtud t\u00f6id siit!","breadcrumb":{"@id":"https:\/\/www.jaadisain.ee\/en\/products\/digital-print-photo-print\/photo-printing\/#breadcrumb"},"inLanguage":"en-US","potentialAction":[{"@type":"ReadAction","target":["https:\/\/www.jaadisain.ee\/en\/products\/digital-print-photo-print\/photo-printing\/"]}]},{"@type":"ImageObject","inLanguage":"en-US","@id":"https:\/\/www.jaadisain.ee\/en\/products\/digital-print-photo-print\/photo-printing\/#primaryimage","url":"https:\/\/www.jaadisain.ee\/wp-content\/uploads\/2015\/12\/lamineeritud-fotoprint-city-casino.jpg","contentUrl":"https:\/\/www.jaadisain.ee\/wp-content\/uploads\/2015\/12\/lamineeritud-fotoprint-city-casino.jpg","width":800,"height":533},{"@type":"BreadcrumbList","@id":"https:\/\/www.jaadisain.ee\/en\/products\/digital-print-photo-print\/photo-printing\/#breadcrumb","itemListElement":[{"@type":"ListItem","position":1,"name":"Home","item":"https:\/\/www.jaadisain.ee\/en\/"},{"@type":"ListItem","position":2,"name":"PRODUCTS","item":"https:\/\/www.jaadisain.ee\/en\/products\/"},{"@type":"ListItem","position":3,"name":"Digital print and photo print","item":"https:\/\/www.jaadisain.ee\/en\/products\/digital-print-photo-print\/"},{"@type":"ListItem","position":4,"name":"Photo printing"}]},{"@type":"WebSite","@id":"https:\/\/www.jaadisain.ee\/#website","url":"https:\/\/www.jaadisain.ee\/","name":"JAA Disain","description":"Valgusreklaamide tootja aastast 1993","publisher":{"@id":"https:\/\/www.jaadisain.ee\/#organization"},"potentialAction":[{"@type":"SearchAction","target":{"@type":"EntryPoint","urlTemplate":"https:\/\/www.jaadisain.ee\/?s={search_term_string}"},"query-input":{"@type":"PropertyValueSpecification","valueRequired":true,"valueName":"search_term_string"}}],"inLanguage":"en-US"},{"@type":"Organization","@id":"https:\/\/www.jaadisain.ee\/#organization","name":"JAA Disain","url":"https:\/\/www.jaadisain.ee\/","logo":{"@type":"ImageObject","inLanguage":"en-US","@id":"https:\/\/www.jaadisain.ee\/#\/schema\/logo\/image\/","url":"https:\/\/www.jaadisain.ee\/wp-content\/uploads\/2016\/02\/JAA-Disain-logo.jpg","contentUrl":"https:\/\/www.jaadisain.ee\/wp-content\/uploads\/2016\/02\/JAA-Disain-logo.jpg","width":443,"height":259,"caption":"JAA Disain"},"image":{"@id":"https:\/\/www.jaadisain.ee\/#\/schema\/logo\/image\/"},"sameAs":["https:\/\/www.facebook.com\/JAA-Disain-156295277734632\/timeline"]}]}},"_links":{"self":[{"href":"https:\/\/www.jaadisain.ee\/en\/wp-json\/wp\/v2\/pages\/4721","targetHints":{"allow":["GET"]}}],"collection":[{"href":"https:\/\/www.jaadisain.ee\/en\/wp-json\/wp\/v2\/pages"}],"about":[{"href":"https:\/\/www.jaadisain.ee\/en\/wp-json\/wp\/v2\/types\/page"}],"author":[{"embeddable":true,"href":"https:\/\/www.jaadisain.ee\/en\/wp-json\/wp\/v2\/users\/4"}],"replies":[{"embeddable":true,"href":"https:\/\/www.jaadisain.ee\/en\/wp-json\/wp\/v2\/comments?post=4721"}],"version-history":[{"count":0,"href":"https:\/\/www.jaadisain.ee\/en\/wp-json\/wp\/v2\/pages\/4721\/revisions"}],"up":[{"embeddable":true,"href":"https:\/\/www.jaadisain.ee\/en\/wp-json\/wp\/v2\/pages\/5268"}],"wp:featuredmedia":[{"embeddable":true,"href":"https:\/\/www.jaadisain.ee\/en\/wp-json\/wp\/v2\/media\/4471"}],"wp:attachment":[{"href":"https:\/\/www.jaadisain.ee\/en\/wp-json\/wp\/v2\/media?parent=4721"}],"curies":[{"name":"wp","href":"https:\/\/api.w.org\/{rel}","templated":true}]}}