{"id":4720,"date":"2016-01-27T12:53:24","date_gmt":"2016-01-27T12:53:24","guid":{"rendered":"http:\/\/www.jaadisain.ee\/en\/akruulkastid\/"},"modified":"2016-04-17T11:04:32","modified_gmt":"2016-04-17T09:04:32","slug":"acrylic-boxes","status":"publish","type":"page","link":"https:\/\/www.jaadisain.ee\/en\/products\/acrylic-glass-products\/acrylic-boxes\/","title":{"rendered":"Acrylic boxes"},"content":{"rendered":"<p>Acrylic boxes are made to order, according to the dimensions given by the customer.<\/p>\n<p>Acrylic, or plexiglass, is a versatile material for various kinds of products. Products manufactured through the processes of milling, glueing and bending are unique and catch the eye because of the transparency and shine of the material. These products are usually suitable for indoor use.<\/p>\n<p>We have several workstations for the hot-bending and processing of various parts. We can recommend the best suited materials and processes, based on our experience.<\/p>\n<h2>Acrylic boxes, opportunities and examples:<\/h2>\n","protected":false},"excerpt":{"rendered":"<p>Acrylic boxes are made to order, according to the dimensions given by the customer. Acrylic, or plexiglass, is a versatile material for various kinds of products. Products manufactured through the processes of milling, glueing and bending are unique and catch the eye because of the transparency and shine of the material. These products are usually [&hellip;]<\/p>\n","protected":false},"author":4,"featured_media":4675,"parent":5253,"menu_order":1,"comment_status":"closed","ping_status":"closed","template":"","meta":{"_acf_changed":false,"footnotes":""},"class_list":["post-4720","page","type-page","status-publish","has-post-thumbnail","hentry"],"acf":[],"yoast_head":"<!-- This site is optimized with the Yoast SEO plugin v27.3 - https:\/\/yoast.com\/product\/yoast-seo-wordpress\/ -->\n<title>Akr\u00fc\u00fclklaasist tooted: akr\u00fc\u00fclkastid ja -riiulid jne \u00a0- JAA Disain<\/title>\n<meta name=\"description\" content=\"Akr\u00fc\u00fclkastid valmistatakse tellimuse alusel vastavalt tellija poolt etteantud m\u00f5\u00f5tmetele. Tutvu akr\u00fc\u00fclklaasisit toodete ja tehtud t\u00f6\u00f6dega siit!\" \/>\n<meta name=\"robots\" content=\"index, follow, max-snippet:-1, max-image-preview:large, max-video-preview:-1\" \/>\n<link rel=\"canonical\" href=\"https:\/\/www.jaadisain.ee\/en\/products\/acrylic-glass-products\/acrylic-boxes\/\" \/>\n<meta property=\"og:locale\" content=\"en_US\" \/>\n<meta property=\"og:type\" content=\"article\" \/>\n<meta property=\"og:title\" content=\"Akr\u00fc\u00fclklaasist tooted: akr\u00fc\u00fclkastid ja -riiulid jne \u00a0- JAA Disain\" \/>\n<meta property=\"og:description\" content=\"Akr\u00fc\u00fclkastid valmistatakse tellimuse alusel vastavalt tellija poolt etteantud m\u00f5\u00f5tmetele. Tutvu akr\u00fc\u00fclklaasisit toodete ja tehtud t\u00f6\u00f6dega siit!\" \/>\n<meta property=\"og:url\" content=\"https:\/\/www.jaadisain.ee\/en\/products\/acrylic-glass-products\/acrylic-boxes\/\" \/>\n<meta property=\"og:site_name\" content=\"JAA Disain\" \/>\n<meta property=\"article:publisher\" content=\"https:\/\/www.facebook.com\/JAA-Disain-156295277734632\/timeline\" \/>\n<meta property=\"article:modified_time\" content=\"2016-04-17T09:04:32+00:00\" \/>\n<meta property=\"og:image\" content=\"https:\/\/www.jaadisain.ee\/wp-content\/uploads\/2015\/12\/poorlev-loosikast.jpg\" \/>\n\t<meta property=\"og:image:width\" content=\"500\" \/>\n\t<meta property=\"og:image:height\" content=\"375\" \/>\n\t<meta property=\"og:image:type\" content=\"image\/jpeg\" \/>\n<meta name=\"twitter:card\" content=\"summary_large_image\" \/>\n<script type=\"application\/ld+json\" class=\"yoast-schema-graph\">{\"@context\":\"https:\\\/\\\/schema.org\",\"@graph\":[{\"@type\":\"WebPage\",\"@id\":\"https:\\\/\\\/www.jaadisain.ee\\\/en\\\/products\\\/acrylic-glass-products\\\/acrylic-boxes\\\/\",\"url\":\"https:\\\/\\\/www.jaadisain.ee\\\/en\\\/products\\\/acrylic-glass-products\\\/acrylic-boxes\\\/\",\"name\":\"Akr\u00fc\u00fclklaasist tooted: akr\u00fc\u00fclkastid ja -riiulid jne \u00a0- JAA Disain\",\"isPartOf\":{\"@id\":\"https:\\\/\\\/www.jaadisain.ee\\\/#website\"},\"primaryImageOfPage\":{\"@id\":\"https:\\\/\\\/www.jaadisain.ee\\\/en\\\/products\\\/acrylic-glass-products\\\/acrylic-boxes\\\/#primaryimage\"},\"image\":{\"@id\":\"https:\\\/\\\/www.jaadisain.ee\\\/en\\\/products\\\/acrylic-glass-products\\\/acrylic-boxes\\\/#primaryimage\"},\"thumbnailUrl\":\"https:\\\/\\\/www.jaadisain.ee\\\/wp-content\\\/uploads\\\/2015\\\/12\\\/poorlev-loosikast.jpg\",\"datePublished\":\"2016-01-27T12:53:24+00:00\",\"dateModified\":\"2016-04-17T09:04:32+00:00\",\"description\":\"Akr\u00fc\u00fclkastid valmistatakse tellimuse alusel vastavalt tellija poolt etteantud m\u00f5\u00f5tmetele. Tutvu akr\u00fc\u00fclklaasisit toodete ja tehtud t\u00f6\u00f6dega siit!\",\"breadcrumb\":{\"@id\":\"https:\\\/\\\/www.jaadisain.ee\\\/en\\\/products\\\/acrylic-glass-products\\\/acrylic-boxes\\\/#breadcrumb\"},\"inLanguage\":\"en-US\",\"potentialAction\":[{\"@type\":\"ReadAction\",\"target\":[\"https:\\\/\\\/www.jaadisain.ee\\\/en\\\/products\\\/acrylic-glass-products\\\/acrylic-boxes\\\/\"]}]},{\"@type\":\"ImageObject\",\"inLanguage\":\"en-US\",\"@id\":\"https:\\\/\\\/www.jaadisain.ee\\\/en\\\/products\\\/acrylic-glass-products\\\/acrylic-boxes\\\/#primaryimage\",\"url\":\"https:\\\/\\\/www.jaadisain.ee\\\/wp-content\\\/uploads\\\/2015\\\/12\\\/poorlev-loosikast.jpg\",\"contentUrl\":\"https:\\\/\\\/www.jaadisain.ee\\\/wp-content\\\/uploads\\\/2015\\\/12\\\/poorlev-loosikast.jpg\",\"width\":500,\"height\":375},{\"@type\":\"BreadcrumbList\",\"@id\":\"https:\\\/\\\/www.jaadisain.ee\\\/en\\\/products\\\/acrylic-glass-products\\\/acrylic-boxes\\\/#breadcrumb\",\"itemListElement\":[{\"@type\":\"ListItem\",\"position\":1,\"name\":\"Home\",\"item\":\"https:\\\/\\\/www.jaadisain.ee\\\/en\\\/\"},{\"@type\":\"ListItem\",\"position\":2,\"name\":\"PRODUCTS\",\"item\":\"https:\\\/\\\/www.jaadisain.ee\\\/en\\\/products\\\/\"},{\"@type\":\"ListItem\",\"position\":3,\"name\":\"Acrylic glass products\",\"item\":\"https:\\\/\\\/www.jaadisain.ee\\\/en\\\/products\\\/acrylic-glass-products\\\/\"},{\"@type\":\"ListItem\",\"position\":4,\"name\":\"Acrylic boxes\"}]},{\"@type\":\"WebSite\",\"@id\":\"https:\\\/\\\/www.jaadisain.ee\\\/#website\",\"url\":\"https:\\\/\\\/www.jaadisain.ee\\\/\",\"name\":\"JAA Disain\",\"description\":\"Valgusreklaamide tootja aastast 1993\",\"publisher\":{\"@id\":\"https:\\\/\\\/www.jaadisain.ee\\\/#organization\"},\"potentialAction\":[{\"@type\":\"SearchAction\",\"target\":{\"@type\":\"EntryPoint\",\"urlTemplate\":\"https:\\\/\\\/www.jaadisain.ee\\\/?s={search_term_string}\"},\"query-input\":{\"@type\":\"PropertyValueSpecification\",\"valueRequired\":true,\"valueName\":\"search_term_string\"}}],\"inLanguage\":\"en-US\"},{\"@type\":\"Organization\",\"@id\":\"https:\\\/\\\/www.jaadisain.ee\\\/#organization\",\"name\":\"JAA Disain\",\"url\":\"https:\\\/\\\/www.jaadisain.ee\\\/\",\"logo\":{\"@type\":\"ImageObject\",\"inLanguage\":\"en-US\",\"@id\":\"https:\\\/\\\/www.jaadisain.ee\\\/#\\\/schema\\\/logo\\\/image\\\/\",\"url\":\"https:\\\/\\\/www.jaadisain.ee\\\/wp-content\\\/uploads\\\/2016\\\/02\\\/JAA-Disain-logo.jpg\",\"contentUrl\":\"https:\\\/\\\/www.jaadisain.ee\\\/wp-content\\\/uploads\\\/2016\\\/02\\\/JAA-Disain-logo.jpg\",\"width\":443,\"height\":259,\"caption\":\"JAA Disain\"},\"image\":{\"@id\":\"https:\\\/\\\/www.jaadisain.ee\\\/#\\\/schema\\\/logo\\\/image\\\/\"},\"sameAs\":[\"https:\\\/\\\/www.facebook.com\\\/JAA-Disain-156295277734632\\\/timeline\"]}]}<\/script>\n<!-- \/ Yoast SEO plugin. -->","yoast_head_json":{"title":"Akr\u00fc\u00fclklaasist tooted: akr\u00fc\u00fclkastid ja -riiulid jne \u00a0- JAA Disain","description":"Akr\u00fc\u00fclkastid valmistatakse tellimuse alusel vastavalt tellija poolt etteantud m\u00f5\u00f5tmetele. Tutvu akr\u00fc\u00fclklaasisit toodete ja tehtud t\u00f6\u00f6dega siit!","robots":{"index":"index","follow":"follow","max-snippet":"max-snippet:-1","max-image-preview":"max-image-preview:large","max-video-preview":"max-video-preview:-1"},"canonical":"https:\/\/www.jaadisain.ee\/en\/products\/acrylic-glass-products\/acrylic-boxes\/","og_locale":"en_US","og_type":"article","og_title":"Akr\u00fc\u00fclklaasist tooted: akr\u00fc\u00fclkastid ja -riiulid jne \u00a0- JAA Disain","og_description":"Akr\u00fc\u00fclkastid valmistatakse tellimuse alusel vastavalt tellija poolt etteantud m\u00f5\u00f5tmetele. Tutvu akr\u00fc\u00fclklaasisit toodete ja tehtud t\u00f6\u00f6dega siit!","og_url":"https:\/\/www.jaadisain.ee\/en\/products\/acrylic-glass-products\/acrylic-boxes\/","og_site_name":"JAA Disain","article_publisher":"https:\/\/www.facebook.com\/JAA-Disain-156295277734632\/timeline","article_modified_time":"2016-04-17T09:04:32+00:00","og_image":[{"width":500,"height":375,"url":"https:\/\/www.jaadisain.ee\/wp-content\/uploads\/2015\/12\/poorlev-loosikast.jpg","type":"image\/jpeg"}],"twitter_card":"summary_large_image","schema":{"@context":"https:\/\/schema.org","@graph":[{"@type":"WebPage","@id":"https:\/\/www.jaadisain.ee\/en\/products\/acrylic-glass-products\/acrylic-boxes\/","url":"https:\/\/www.jaadisain.ee\/en\/products\/acrylic-glass-products\/acrylic-boxes\/","name":"Akr\u00fc\u00fclklaasist tooted: akr\u00fc\u00fclkastid ja -riiulid jne \u00a0- JAA Disain","isPartOf":{"@id":"https:\/\/www.jaadisain.ee\/#website"},"primaryImageOfPage":{"@id":"https:\/\/www.jaadisain.ee\/en\/products\/acrylic-glass-products\/acrylic-boxes\/#primaryimage"},"image":{"@id":"https:\/\/www.jaadisain.ee\/en\/products\/acrylic-glass-products\/acrylic-boxes\/#primaryimage"},"thumbnailUrl":"https:\/\/www.jaadisain.ee\/wp-content\/uploads\/2015\/12\/poorlev-loosikast.jpg","datePublished":"2016-01-27T12:53:24+00:00","dateModified":"2016-04-17T09:04:32+00:00","description":"Akr\u00fc\u00fclkastid valmistatakse tellimuse alusel vastavalt tellija poolt etteantud m\u00f5\u00f5tmetele. Tutvu akr\u00fc\u00fclklaasisit toodete ja tehtud t\u00f6\u00f6dega siit!","breadcrumb":{"@id":"https:\/\/www.jaadisain.ee\/en\/products\/acrylic-glass-products\/acrylic-boxes\/#breadcrumb"},"inLanguage":"en-US","potentialAction":[{"@type":"ReadAction","target":["https:\/\/www.jaadisain.ee\/en\/products\/acrylic-glass-products\/acrylic-boxes\/"]}]},{"@type":"ImageObject","inLanguage":"en-US","@id":"https:\/\/www.jaadisain.ee\/en\/products\/acrylic-glass-products\/acrylic-boxes\/#primaryimage","url":"https:\/\/www.jaadisain.ee\/wp-content\/uploads\/2015\/12\/poorlev-loosikast.jpg","contentUrl":"https:\/\/www.jaadisain.ee\/wp-content\/uploads\/2015\/12\/poorlev-loosikast.jpg","width":500,"height":375},{"@type":"BreadcrumbList","@id":"https:\/\/www.jaadisain.ee\/en\/products\/acrylic-glass-products\/acrylic-boxes\/#breadcrumb","itemListElement":[{"@type":"ListItem","position":1,"name":"Home","item":"https:\/\/www.jaadisain.ee\/en\/"},{"@type":"ListItem","position":2,"name":"PRODUCTS","item":"https:\/\/www.jaadisain.ee\/en\/products\/"},{"@type":"ListItem","position":3,"name":"Acrylic glass products","item":"https:\/\/www.jaadisain.ee\/en\/products\/acrylic-glass-products\/"},{"@type":"ListItem","position":4,"name":"Acrylic boxes"}]},{"@type":"WebSite","@id":"https:\/\/www.jaadisain.ee\/#website","url":"https:\/\/www.jaadisain.ee\/","name":"JAA Disain","description":"Valgusreklaamide tootja aastast 1993","publisher":{"@id":"https:\/\/www.jaadisain.ee\/#organization"},"potentialAction":[{"@type":"SearchAction","target":{"@type":"EntryPoint","urlTemplate":"https:\/\/www.jaadisain.ee\/?s={search_term_string}"},"query-input":{"@type":"PropertyValueSpecification","valueRequired":true,"valueName":"search_term_string"}}],"inLanguage":"en-US"},{"@type":"Organization","@id":"https:\/\/www.jaadisain.ee\/#organization","name":"JAA Disain","url":"https:\/\/www.jaadisain.ee\/","logo":{"@type":"ImageObject","inLanguage":"en-US","@id":"https:\/\/www.jaadisain.ee\/#\/schema\/logo\/image\/","url":"https:\/\/www.jaadisain.ee\/wp-content\/uploads\/2016\/02\/JAA-Disain-logo.jpg","contentUrl":"https:\/\/www.jaadisain.ee\/wp-content\/uploads\/2016\/02\/JAA-Disain-logo.jpg","width":443,"height":259,"caption":"JAA Disain"},"image":{"@id":"https:\/\/www.jaadisain.ee\/#\/schema\/logo\/image\/"},"sameAs":["https:\/\/www.facebook.com\/JAA-Disain-156295277734632\/timeline"]}]}},"_links":{"self":[{"href":"https:\/\/www.jaadisain.ee\/en\/wp-json\/wp\/v2\/pages\/4720","targetHints":{"allow":["GET"]}}],"collection":[{"href":"https:\/\/www.jaadisain.ee\/en\/wp-json\/wp\/v2\/pages"}],"about":[{"href":"https:\/\/www.jaadisain.ee\/en\/wp-json\/wp\/v2\/types\/page"}],"author":[{"embeddable":true,"href":"https:\/\/www.jaadisain.ee\/en\/wp-json\/wp\/v2\/users\/4"}],"replies":[{"embeddable":true,"href":"https:\/\/www.jaadisain.ee\/en\/wp-json\/wp\/v2\/comments?post=4720"}],"version-history":[{"count":0,"href":"https:\/\/www.jaadisain.ee\/en\/wp-json\/wp\/v2\/pages\/4720\/revisions"}],"up":[{"embeddable":true,"href":"https:\/\/www.jaadisain.ee\/en\/wp-json\/wp\/v2\/pages\/5253"}],"wp:featuredmedia":[{"embeddable":true,"href":"https:\/\/www.jaadisain.ee\/en\/wp-json\/wp\/v2\/media\/4675"}],"wp:attachment":[{"href":"https:\/\/www.jaadisain.ee\/en\/wp-json\/wp\/v2\/media?parent=4720"}],"curies":[{"name":"wp","href":"https:\/\/api.w.org\/{rel}","templated":true}]}}